{"id":5779,"date":"2025-11-05T09:27:07","date_gmt":"2025-11-05T09:27:07","guid":{"rendered":"https:\/\/marvelousnutrition.com\/?post_type=product&#038;p=5779"},"modified":"2026-03-15T23:31:55","modified_gmt":"2026-03-15T23:31:55","slug":"magnesium-bisglycinate","status":"publish","type":"product","link":"https:\/\/marvelousnutrition.com\/fr\/produit\/bisglycinate-de-magnesium\/","title":{"rendered":"Bisglycinate de magn\u00e9sium"},"content":{"rendered":"<h6>Ingr\u00e9dients:<\/h6>\n<p>Bisglycinate de magn\u00e9sium, hypromellose (sous forme d&#039;enveloppe de capsule), agent antiagglom\u00e9rant (cellulose microcristalline).<\/p>\n<h6>Comment l'Utiliser:<\/h6>\n<p>Prendre 3 capsules au petit-d\u00e9jeuner.<\/p>\n<h6>Stockage:<\/h6>\n<p>Stocker dans un endroit frais, sec apr\u00e8s ouverture.<\/p>\n<h6>Poids Net:<\/h6>\n<p>69 g \u2013 30 portions<\/p>\n<p><a href=\"https:\/\/marvelousnutrition.com\/wp-content\/uploads\/2025\/11\/magniso-gadwel-scaled.png\"><img decoding=\"async\" class=\"alignnone size-medium wp-image-6339\" src=\"https:\/\/marvelousnutrition.com\/wp-content\/uploads\/2025\/11\/magniso-gadwel-300x114.png\" alt=\"\" width=\"300\" height=\"114\" srcset=\"https:\/\/marvelousnutrition.com\/wp-content\/uploads\/2025\/11\/magniso-gadwel-300x114.png 300w, https:\/\/marvelousnutrition.com\/wp-content\/uploads\/2025\/11\/magniso-gadwel-1024x389.png 1024w, https:\/\/marvelousnutrition.com\/wp-content\/uploads\/2025\/11\/magniso-gadwel-768x292.png 768w, https:\/\/marvelousnutrition.com\/wp-content\/uploads\/2025\/11\/magniso-gadwel-1536x583.png 1536w, https:\/\/marvelousnutrition.com\/wp-content\/uploads\/2025\/11\/magniso-gadwel-2048x778.png 2048w, https:\/\/marvelousnutrition.com\/wp-content\/uploads\/2025\/11\/magniso-gadwel-18x7.png 18w, https:\/\/marvelousnutrition.com\/wp-content\/uploads\/2025\/11\/magniso-gadwel-800x304.png 800w\" sizes=\"(max-width: 300px) 100vw, 300px\" \/><\/a><\/p>","protected":false},"excerpt":{"rendered":"<p>Le bisglycinate de magn\u00e9sium, en compl\u00e9ment alimentaire, favorise la relaxation, soutient la fonction musculaire et contribue \u00e0 un sommeil r\u00e9parateur. Cette forme de magn\u00e9sium hautement assimilable est douce pour l&#039;estomac et aide au bon fonctionnement du syst\u00e8me nerveux. Id\u00e9al pour les personnes actives ou celles qui souhaitent r\u00e9duire leur stress. Profitez des bienfaits d&#039;un taux de magn\u00e9sium \u00e9quilibr\u00e9 pour un bien-\u00eatre g\u00e9n\u00e9ral.<\/p>","protected":false},"featured_media":6225,"comment_status":"closed","ping_status":"closed","template":"","meta":[],"product_cat":[210],"product_tag":[],"class_list":{"0":"post-5779","1":"product","2":"type-product","3":"status-publish","4":"has-post-thumbnail","6":"product_cat-multivitamins","8":"first","9":"instock","10":"shipping-taxable","11":"purchasable","12":"product-type-simple"},"_links":{"self":[{"href":"https:\/\/marvelousnutrition.com\/fr\/wp-json\/wp\/v2\/product\/5779","targetHints":{"allow":["GET"]}}],"collection":[{"href":"https:\/\/marvelousnutrition.com\/fr\/wp-json\/wp\/v2\/product"}],"about":[{"href":"https:\/\/marvelousnutrition.com\/fr\/wp-json\/wp\/v2\/types\/product"}],"replies":[{"embeddable":true,"href":"https:\/\/marvelousnutrition.com\/fr\/wp-json\/wp\/v2\/comments?post=5779"}],"wp:featuredmedia":[{"embeddable":true,"href":"https:\/\/marvelousnutrition.com\/fr\/wp-json\/wp\/v2\/media\/6225"}],"wp:attachment":[{"href":"https:\/\/marvelousnutrition.com\/fr\/wp-json\/wp\/v2\/media?parent=5779"}],"wp:term":[{"taxonomy":"product_cat","embeddable":true,"href":"https:\/\/marvelousnutrition.com\/fr\/wp-json\/wp\/v2\/product_cat?post=5779"},{"taxonomy":"product_tag","embeddable":true,"href":"https:\/\/marvelousnutrition.com\/fr\/wp-json\/wp\/v2\/product_tag?post=5779"}],"curies":[{"name":"wp","href":"https:\/\/api.w.org\/{rel}","templated":true}]}}