{"id":5776,"date":"2025-11-05T09:27:07","date_gmt":"2025-11-05T09:27:07","guid":{"rendered":"https:\/\/marvelousnutrition.com\/?post_type=product&#038;p=5776"},"modified":"2026-03-15T23:31:05","modified_gmt":"2026-03-15T23:31:05","slug":"collagen-flavoured","status":"publish","type":"product","link":"https:\/\/marvelousnutrition.com\/fr\/produit\/saveur-collagene\/","title":{"rendered":"Collag\u00e8ne aromatis\u00e9"},"content":{"rendered":"<h6>Ingr\u00e9dients:<\/h6>\n<p>Collag\u00e8ne bovin hydrolys\u00e9, correcteur d&#039;acidit\u00e9 (acide citrique), collag\u00e8ne marin hydrolys\u00e9, ar\u00f4me, colorant, \u00e9dulcorants (ac\u00e9sulfame-K, sucralose), acide ascorbique, sel, acide hyaluronique, oxyde de zinc.<\/p>\n<h6>Comment l'Utiliser:<\/h6>\n<p>Prendre 12 g au petit-d\u00e9jeuner.<\/p>\n<h6>Stockage:<\/h6>\n<p>Stocker dans un endroit frais, sec apr\u00e8s ouverture.<\/p>\n<h6>Poids Net:<\/h6>\n<p>210 g \u2013 30 portions<\/p>\n<p><a href=\"https:\/\/marvelousnutrition.com\/wp-content\/uploads\/2025\/11\/colageeeen-flavored-scaled.png\"><img decoding=\"async\" class=\"alignnone size-medium wp-image-6338\" src=\"https:\/\/marvelousnutrition.com\/wp-content\/uploads\/2025\/11\/colageeeen-flavored-300x109.png\" alt=\"\" width=\"300\" height=\"109\" srcset=\"https:\/\/marvelousnutrition.com\/wp-content\/uploads\/2025\/11\/colageeeen-flavored-300x109.png 300w, https:\/\/marvelousnutrition.com\/wp-content\/uploads\/2025\/11\/colageeeen-flavored-1024x372.png 1024w, https:\/\/marvelousnutrition.com\/wp-content\/uploads\/2025\/11\/colageeeen-flavored-768x279.png 768w, https:\/\/marvelousnutrition.com\/wp-content\/uploads\/2025\/11\/colageeeen-flavored-1536x559.png 1536w, https:\/\/marvelousnutrition.com\/wp-content\/uploads\/2025\/11\/colageeeen-flavored-2048x745.png 2048w, https:\/\/marvelousnutrition.com\/wp-content\/uploads\/2025\/11\/colageeeen-flavored-18x7.png 18w, https:\/\/marvelousnutrition.com\/wp-content\/uploads\/2025\/11\/colageeeen-flavored-800x291.png 800w\" sizes=\"(max-width: 300px) 100vw, 300px\" \/><\/a><\/p>","protected":false},"excerpt":{"rendered":"<p>Le collag\u00e8ne est une prot\u00e9ine. Il conf\u00e8re \u00e0 notre corps la structure, la force et la souplesse n\u00e9cessaires \u00e0 nos mouvements quotidiens. Il nous permet de voyager, de bouger librement, de sauter ou de tomber sans nous blesser. Il prot\u00e8ge et relie les diff\u00e9rentes parties de notre corps, nous permettant ainsi de rester debout. Le collag\u00e8ne est la prot\u00e9ine la plus importante et la plus abondante de notre organisme.<\/p>\n<h6>Le collag\u00e8ne constitue 75% de notre peau et\u00a0:<\/h6>\n<p><strong>\u2013 Elle lui fournit sa structure et son soutien,<\/strong><\/p>\n<p><strong>\u2013 Conserve son \u00e9lasticit\u00e9,<\/strong><\/p>\n<p><strong>\u2013 Hydrate en attirant l&#039;acide hyaluronique.<\/strong><\/p>\n<p>Avec l&#039;\u00e2ge, l&#039;\u00e9quilibre entre la synth\u00e8se et la d\u00e9gradation du collag\u00e8ne se modifie. Il en r\u00e9sulte une diminution de la quantit\u00e9 et de la qualit\u00e9 du collag\u00e8ne. La peau s&#039;affine, se d\u00e9shydrate et perd de sa fermet\u00e9.<\/p>\n<p><strong>R\u00e9sultat:<\/strong> signes visibles du vieillissement, tels que les rides, le rel\u00e2chement cutan\u00e9 et le teint terne.<\/p>","protected":false},"featured_media":5879,"comment_status":"closed","ping_status":"closed","template":"","meta":[],"product_cat":[131,234],"product_tag":[],"class_list":{"0":"post-5776","1":"product","2":"type-product","3":"status-publish","4":"has-post-thumbnail","6":"product_cat-collagen","7":"product_cat-marvelous-line","9":"first","10":"instock","11":"shipping-taxable","12":"purchasable","13":"product-type-simple"},"_links":{"self":[{"href":"https:\/\/marvelousnutrition.com\/fr\/wp-json\/wp\/v2\/product\/5776","targetHints":{"allow":["GET"]}}],"collection":[{"href":"https:\/\/marvelousnutrition.com\/fr\/wp-json\/wp\/v2\/product"}],"about":[{"href":"https:\/\/marvelousnutrition.com\/fr\/wp-json\/wp\/v2\/types\/product"}],"replies":[{"embeddable":true,"href":"https:\/\/marvelousnutrition.com\/fr\/wp-json\/wp\/v2\/comments?post=5776"}],"wp:featuredmedia":[{"embeddable":true,"href":"https:\/\/marvelousnutrition.com\/fr\/wp-json\/wp\/v2\/media\/5879"}],"wp:attachment":[{"href":"https:\/\/marvelousnutrition.com\/fr\/wp-json\/wp\/v2\/media?parent=5776"}],"wp:term":[{"taxonomy":"product_cat","embeddable":true,"href":"https:\/\/marvelousnutrition.com\/fr\/wp-json\/wp\/v2\/product_cat?post=5776"},{"taxonomy":"product_tag","embeddable":true,"href":"https:\/\/marvelousnutrition.com\/fr\/wp-json\/wp\/v2\/product_tag?post=5776"}],"curies":[{"name":"wp","href":"https:\/\/api.w.org\/{rel}","templated":true}]}}