{"id":5763,"date":"2025-11-05T09:27:07","date_gmt":"2025-11-05T09:27:07","guid":{"rendered":"https:\/\/marvelousnutrition.com\/?post_type=product&#038;p=5763"},"modified":"2026-03-15T23:28:56","modified_gmt":"2026-03-15T23:28:56","slug":"power-m-f","status":"publish","type":"product","link":"https:\/\/marvelousnutrition.com\/fr\/produit\/puissance-mf\/","title":{"rendered":"POWER MF"},"content":{"rendered":"<h6>Ingr\u00e9dients:<\/h6>\n<p>B\u00eata-alanine, cr\u00e9atine monohydrat\u00e9e, correcteur d&#039;acidit\u00e9 (acide citrique anhydre), ar\u00f4me, L-tyrosine, b\u00e9ta\u00efne anhydre, L-taurine, caf\u00e9ine anhydre, extrait de th\u00e9 vert (Camellia sinensis) (feuille) \u00be:1, extrait de Bacopa monnieri (plante enti\u00e8re) 10%, extrait de Rhodiola rosea (Sedum roseum) (racine) 20:1, bitartrate de choline, extrait d&#039;orange am\u00e8re (Citrus aurantium L., fruit) 15:1, extrait d&#039;\u00e9corce de saule blanc (Salix alba) 8:1, \u00e9dulcorants (ac\u00e9sulfame-K, sucralose), phosphate tricalcique, extrait de graine de caf\u00e9 vert (Coffea robusta) 12:1, extrait de forslean (Coleus forskohlii) (racine) 35:1, colorant (rouge de betterave). L-th\u00e9anine, poivre de Cayenne (Capsicum Annuum) (fruit) extrait 8:1, bioflavono\u00efdes d&#039;agrumes (Citrus Aurantium) (fruit) extrait 6:1.<\/p>\n<h6>Comment l'Utiliser:<\/h6>\n<p>M\u00e9langer 1 mesure (11 g) avec 250 ml d&#039;eau 15 \u00e0 30 minutes avant l&#039;entra\u00eenement.<\/p>\n<h6>Stockage:<\/h6>\n<p>Stocker dans un endroit frais, sec apr\u00e8s ouverture.<\/p>\n<h6>Poids Net:<\/h6>\n<p>300 g \u2013 27 portions<\/p>\n<p><a href=\"https:\/\/marvelousnutrition.com\/wp-content\/uploads\/2025\/11\/power-mf-falvored-scaled.png\"><img decoding=\"async\" class=\"alignnone size-medium wp-image-6336\" src=\"https:\/\/marvelousnutrition.com\/wp-content\/uploads\/2025\/11\/power-mf-falvored-136x300.png\" alt=\"\" width=\"136\" height=\"300\" srcset=\"https:\/\/marvelousnutrition.com\/wp-content\/uploads\/2025\/11\/power-mf-falvored-136x300.png 136w, https:\/\/marvelousnutrition.com\/wp-content\/uploads\/2025\/11\/power-mf-falvored-464x1024.png 464w, https:\/\/marvelousnutrition.com\/wp-content\/uploads\/2025\/11\/power-mf-falvored-768x1695.png 768w, https:\/\/marvelousnutrition.com\/wp-content\/uploads\/2025\/11\/power-mf-falvored-696x1536.png 696w, https:\/\/marvelousnutrition.com\/wp-content\/uploads\/2025\/11\/power-mf-falvored-928x2048.png 928w, https:\/\/marvelousnutrition.com\/wp-content\/uploads\/2025\/11\/power-mf-falvored-5x12.png 5w, https:\/\/marvelousnutrition.com\/wp-content\/uploads\/2025\/11\/power-mf-falvored-800x1766.png 800w, https:\/\/marvelousnutrition.com\/wp-content\/uploads\/2025\/11\/power-mf-falvored-scaled.png 1160w\" sizes=\"(max-width: 136px) 100vw, 136px\" \/><\/a><\/p>","protected":false},"excerpt":{"rendered":"<p>Power MF contient environ 350 mg de caf\u00e9ine d&#039;origine naturelle et 4000 mg de b\u00eata-alanine, ce qui vous donnera le coup de pouce suppl\u00e9mentaire dont vous avez besoin pour atteindre vos objectifs, \u00e0 la salle de sport comme ailleurs.<br \/>\nPower MF est un pr\u00e9-entra\u00eenement thermog\u00e9nique de pointe contenant 11 g d&#039;ingr\u00e9dients actifs issus de mati\u00e8res premi\u00e8res de premi\u00e8re qualit\u00e9 qui vous permettra de passer \u00e0 la vitesse sup\u00e9rieure lors de votre entra\u00eenement. Sa formule unique associe des ingr\u00e9dients stimulants et thermog\u00e9niques sp\u00e9cialement con\u00e7us pour d\u00e9clencher la perte de graisse, augmenter la puissance, retarder la fatigue, augmenter la temp\u00e9rature corporelle et favoriser la transpiration.<\/p>","protected":false},"featured_media":5836,"comment_status":"closed","ping_status":"closed","template":"","meta":[],"product_cat":[234,207],"product_tag":[],"class_list":{"0":"post-5763","1":"product","2":"type-product","3":"status-publish","4":"has-post-thumbnail","6":"product_cat-marvelous-line","7":"product_cat-preworkout-and-pump","9":"first","10":"instock","11":"shipping-taxable","12":"purchasable","13":"product-type-variable"},"_links":{"self":[{"href":"https:\/\/marvelousnutrition.com\/fr\/wp-json\/wp\/v2\/product\/5763","targetHints":{"allow":["GET"]}}],"collection":[{"href":"https:\/\/marvelousnutrition.com\/fr\/wp-json\/wp\/v2\/product"}],"about":[{"href":"https:\/\/marvelousnutrition.com\/fr\/wp-json\/wp\/v2\/types\/product"}],"replies":[{"embeddable":true,"href":"https:\/\/marvelousnutrition.com\/fr\/wp-json\/wp\/v2\/comments?post=5763"}],"wp:featuredmedia":[{"embeddable":true,"href":"https:\/\/marvelousnutrition.com\/fr\/wp-json\/wp\/v2\/media\/5836"}],"wp:attachment":[{"href":"https:\/\/marvelousnutrition.com\/fr\/wp-json\/wp\/v2\/media?parent=5763"}],"wp:term":[{"taxonomy":"product_cat","embeddable":true,"href":"https:\/\/marvelousnutrition.com\/fr\/wp-json\/wp\/v2\/product_cat?post=5763"},{"taxonomy":"product_tag","embeddable":true,"href":"https:\/\/marvelousnutrition.com\/fr\/wp-json\/wp\/v2\/product_tag?post=5763"}],"curies":[{"name":"wp","href":"https:\/\/api.w.org\/{rel}","templated":true}]}}