{"id":5758,"date":"2025-11-05T09:27:06","date_gmt":"2025-11-05T09:27:06","guid":{"rendered":"https:\/\/marvelousnutrition.com\/?post_type=product&#038;p=5758"},"modified":"2025-11-07T11:47:37","modified_gmt":"2025-11-07T11:47:37","slug":"testo","status":"publish","type":"product","link":"https:\/\/marvelousnutrition.com\/fr\/produit\/testo\/","title":{"rendered":"Testo"},"content":{"rendered":"<h6>Comment l'Utiliser:<\/h6>\n<p>Prendre une portion (3 capsules) avant l&#039;entra\u00eenement.<\/p>\n<h6>Description:<\/h6>\n<p>Compl\u00e9ment alimentaire \u00e0 base d&#039;extraits de plantes.<\/p>\n<h6>Stockage:<\/h6>\n<p>Stocker dans un endroit frais, sec apr\u00e8s ouverture.<\/p>\n<h6>Lot :<\/h6>\n<p>Voir le fond du r\u00e9cipient.<\/p>\n<h6>Quantit\u00e9:<\/h6>\n<p>90 capsules<\/p>\n<h6>Ingr\u00e9dients:<\/h6>\n<p>\nExtrait sec de Tribulus (Tribulus terrestris L., plante enti\u00e8re) \/ Extracto seco de Tribulus (Tribulus terrestris L., planta inteira),<br \/>\nExtrait sec de Fenugrec (Trigonella foenum-graecum L., graines) \/ Extracto seco Fenugrec (Trigonella foenum-graecum L., sementes),<br \/>\nExtrait sec d&#039;Ashwagandha (Withania somnifera (L.) Dunal, racine) \/ Extracto seco de Ashwagandha (Withania somnifera (L.) Dunal, raiz),<br \/>\nExtrait sec de Maca (Lepidium meyenii Walpers, racine) \/ Extracto seco de Maca (Lepidium meyenii Walpers, raiz),<br \/>\nExtrait sec d&#039;avoine (Avena sativa L., graine) \/ Extracto seco de Aveia (Avena sativa L., sementes),<br \/>\nAntiagglom\u00e9rant : Sels de magn\u00e9sium d&#039;acides gras \/ Antiaglomerante : Sais de magn\u00e9sio de \u00e1cidos gordos,<br \/>\nAgent de charge : Cellulose microcristalline (E-460i) \/ Agent de volume : Celulose microcristalina (E-460i),<br \/>\nCapsule (agent d&#039;enrobage : Hydroxypropylm\u00e9thylcellulose (E-464)) \/ C\u00e1psula (Agent de revestimento : Hidroxipropilmetilcelulose (E-464)).\n<\/p>\n<h6>Informations nutritionnelles :<\/h6>\n<table style=\"width:100%; border-collapse: collapse; background-color:#f0f0f0; color:#333; border:1px solid #ccc;\">\n<tr>\n<td colspan=\"2\" style=\"text-align:center; font-weight:bold; padding:8px;\">Portions par contenant : 30<\/td>\n<\/tr>\n<tr>\n<td colspan=\"2\" style=\"text-align:center; font-weight:bold; padding:8px;\">Portion recommand\u00e9e : 3 capsules<\/td>\n<\/tr>\n<tr style=\"background-color:#d9d9d9; font-weight:bold;\">\n<th style=\"padding:8px; border:1px solid #ccc;\">Ingr\u00e9dients actifs<\/th>\n<th style=\"padding:8px; border:1px solid #ccc;\">Par portion (3 capsules)<\/th>\n<\/tr>\n<tr>\n<td style=\"padding:8px; border:1px solid #ccc;\">Extrait sec de Tribulus \/ Extracto seco de Tribulus<\/td>\n<td style=\"padding:8px; border:1px solid #ccc;\">600 mg<\/td>\n<\/tr>\n<tr>\n<td style=\"padding:8px; border:1px solid #ccc;\">Extrait sec de fenugrec \/ Extracto seco de Fenugreek<\/td>\n<td style=\"padding:8px; border:1px solid #ccc;\">375 mg<\/td>\n<\/tr>\n<tr>\n<td style=\"padding:8px; border:1px solid #ccc;\">Extrait sec de Maca \/ Extracto seco de Maca<\/td>\n<td style=\"padding:8px; border:1px solid #ccc;\">375 mg<\/td>\n<\/tr>\n<tr>\n<td style=\"padding:8px; border:1px solid #ccc;\">Extrait sec d&#039;ashwagandha \/ Extracto seco de Ashwagandha<\/td>\n<td style=\"padding:8px; border:1px solid #ccc;\">375 mg<\/td>\n<\/tr>\n<tr>\n<td style=\"padding:8px; border:1px solid #ccc;\">Extrait sec d&#039;avoine \/ Extracto seco de Aveia<\/td>\n<td style=\"padding:8px; border:1px solid #ccc;\">225 mg<\/td>\n<\/tr>\n<tr>\n<td style=\"padding:8px; border:1px solid #ccc;\">palmier nain<\/td>\n<td style=\"padding:8px; border:1px solid #ccc;\">150 mg<\/td>\n<\/tr>\n<\/table>","protected":false},"excerpt":{"rendered":"<p>Lib\u00e9rez votre potentiel avec Testo ! Devenez un mod\u00e8le de force et d&#039;endurance gr\u00e2ce \u00e0 notre formule d&#039;\u00e9lite pour booster la testost\u00e9rone. Nos ingr\u00e9dients naturels de pointe sont con\u00e7us pour optimiser vos entra\u00eenements et votre croissance musculaire. Vivez une transformation avec Testo, le choix id\u00e9al pour maximiser votre potentiel. Toutefois, privil\u00e9giez toujours votre bien-\u00eatre et consultez un professionnel de sant\u00e9 avant d&#039;int\u00e9grer tout compl\u00e9ment alimentaire \u00e0 votre routine.<\/p>","protected":false},"featured_media":5820,"comment_status":"closed","ping_status":"closed","template":"","meta":[],"product_cat":[229,235],"product_tag":[],"class_list":{"0":"post-5758","1":"product","2":"type-product","3":"status-publish","4":"has-post-thumbnail","6":"product_cat-loaded-ingredients","7":"product_cat-test-booster","9":"first","10":"instock","11":"shipping-taxable","12":"purchasable","13":"product-type-simple"},"_links":{"self":[{"href":"https:\/\/marvelousnutrition.com\/fr\/wp-json\/wp\/v2\/product\/5758","targetHints":{"allow":["GET"]}}],"collection":[{"href":"https:\/\/marvelousnutrition.com\/fr\/wp-json\/wp\/v2\/product"}],"about":[{"href":"https:\/\/marvelousnutrition.com\/fr\/wp-json\/wp\/v2\/types\/product"}],"replies":[{"embeddable":true,"href":"https:\/\/marvelousnutrition.com\/fr\/wp-json\/wp\/v2\/comments?post=5758"}],"wp:featuredmedia":[{"embeddable":true,"href":"https:\/\/marvelousnutrition.com\/fr\/wp-json\/wp\/v2\/media\/5820"}],"wp:attachment":[{"href":"https:\/\/marvelousnutrition.com\/fr\/wp-json\/wp\/v2\/media?parent=5758"}],"wp:term":[{"taxonomy":"product_cat","embeddable":true,"href":"https:\/\/marvelousnutrition.com\/fr\/wp-json\/wp\/v2\/product_cat?post=5758"},{"taxonomy":"product_tag","embeddable":true,"href":"https:\/\/marvelousnutrition.com\/fr\/wp-json\/wp\/v2\/product_tag?post=5758"}],"curies":[{"name":"wp","href":"https:\/\/api.w.org\/{rel}","templated":true}]}}