{"id":5757,"date":"2025-11-05T09:27:06","date_gmt":"2025-11-05T09:27:06","guid":{"rendered":"https:\/\/marvelousnutrition.com\/?post_type=product&#038;p=5757"},"modified":"2026-03-15T23:40:46","modified_gmt":"2026-03-15T23:40:46","slug":"code-x","status":"publish","type":"product","link":"https:\/\/marvelousnutrition.com\/fr\/produit\/code-x\/","title":{"rendered":"Code X"},"content":{"rendered":"<h6>Ingr\u00e9dients:<\/h6>\n<p><strong>2 capsules multivitamin\u00e9es :<\/strong> Agent de charge (cellulose microcristalline), carbonate de calcium, acide L-ascorbique, g\u00e9latine bovine (comme enveloppe de la capsule), oxyde de magn\u00e9sium, b\u00eata-carot\u00e8ne, sulfate de fer (II), nicotinamide, ac\u00e9tate de DL-alpha-tocoph\u00e9ryle, D-pantoth\u00e9nate de calcium, bitartrate de choline, iodure de potassium, oxyde de zinc, inositol, sulfate de mangan\u00e8se (II), cyanocobalamine, D-biotine, chlorhydrate de pyridoxine, colorant (oxyde de fer), monohydrate de thiamine, riboflavine, sulfate de cuivre (II), folate.<\/p>\n<p><strong>Capsule de g\u00e9latine molle d&#039;huile de poisson :<\/strong> Huile de poisson, enveloppe de la capsule (g\u00e9latine, glyc\u00e9rine, eau purifi\u00e9e), antioxydant (DL-alpha-tocoph\u00e9rol).<\/p>\n<p><strong>Comprim\u00e9 CA-MG :<\/strong> Carbonate de calcium, oxyde de magn\u00e9sium, agent de charge (cellulose microcristalline), agent antiagglom\u00e9rant (st\u00e9arate de magn\u00e9sium).<\/p>\n<p><strong>Capsule de complexe C :<\/strong> Acide L-ascorbique, g\u00e9latine bovine (sous forme d&#039;enveloppe de capsule), complexe de bioflavono\u00efdes d&#039;agrumes, extrait de cynorrhodon (fruit) 20:1, extrait de Vitis vinifera (graine) 120:1, colorant (oxyde de fer), Bioperine\u00ae (extrait de Piper nigrum (fruit) 50:1).<br \/>\n<em>Bioperine\u00ae est une marque d\u00e9pos\u00e9e de Sabinsa Europe GmbH.<\/em><\/p>\n<p><strong>Capsule Joint-Complex :<\/strong> Sulfate de D-glucosamine 2KCL, m\u00e9thylsulfonylm\u00e9thane (MSM), g\u00e9latine bovine (comme enveloppe de la capsule), acide L-ascorbique, sulfate de chondro\u00eftine, ac\u00e9tate de DL-alpha-tocoph\u00e9ryle, colorant (oxyde de fer).<\/p>\n<p><strong>Capsule de g\u00e9latine molle de l\u00e9cithine de soja\u00a0:<\/strong> L\u00e9cithine de soja (71%), enveloppe de la capsule (g\u00e9latine, glyc\u00e9rine, eau purifi\u00e9e).<\/p>\n<h6>Comment l'Utiliser:<\/h6>\n<p>Prenez un sachet au petit-d\u00e9jeuner ou \u00e0 tout autre repas, avec beaucoup d&#039;eau.<\/p>\n<h6>Stockage:<\/h6>\n<p>Stocker dans un endroit frais, sec apr\u00e8s ouverture.<\/p>\n<h6>Poids Net:<\/h6>\n<p>250 g \/ 30 sachets de 7 capsules<a href=\"https:\/\/marvelousnutrition.com\/wp-content\/uploads\/2025\/11\/codex-scaled.png\"><img fetchpriority=\"high\" decoding=\"async\" class=\"alignnone size-medium wp-image-6350\" src=\"https:\/\/marvelousnutrition.com\/wp-content\/uploads\/2025\/11\/codex-284x300.png\" alt=\"\" width=\"284\" height=\"300\" srcset=\"https:\/\/marvelousnutrition.com\/wp-content\/uploads\/2025\/11\/codex-284x300.png 284w, https:\/\/marvelousnutrition.com\/wp-content\/uploads\/2025\/11\/codex-970x1024.png 970w, https:\/\/marvelousnutrition.com\/wp-content\/uploads\/2025\/11\/codex-768x811.png 768w, https:\/\/marvelousnutrition.com\/wp-content\/uploads\/2025\/11\/codex-1455x1536.png 1455w, https:\/\/marvelousnutrition.com\/wp-content\/uploads\/2025\/11\/codex-1940x2048.png 1940w, https:\/\/marvelousnutrition.com\/wp-content\/uploads\/2025\/11\/codex-11x12.png 11w, https:\/\/marvelousnutrition.com\/wp-content\/uploads\/2025\/11\/codex-800x844.png 800w\" sizes=\"(max-width: 284px) 100vw, 284px\" \/><\/a><\/p>\n<p>&nbsp;<\/p>","protected":false},"excerpt":{"rendered":"<p>CODEX contient une dose \u00e9lev\u00e9e de vitamine C (1,3 g), des extraits de plantes pour am\u00e9liorer la sant\u00e9 et un dosage d&#039;om\u00e9ga-3. .<\/p>\n<p>CODEX contient du MSM, du sulfate de glucosamine et du sulfate de chondro\u00eftine pour am\u00e9liorer la sant\u00e9 des os et des ligaments et pr\u00e9venir les blessures.<\/p>\n<p>CODEX contient de la l\u00e9cithine de soja pour am\u00e9liorer la sant\u00e9 cardiaque et le profil lipidique.<\/p>\n<p>\u2013 Chaque paquet contient 7 comprim\u00e9s<\/p>\n<p>\u2013 Soutien c\u00e9r\u00e9bral, digestion, hydratation, soutien anabolique et production d&#039;\u00e9nergie, os et ligaments solides<\/p>\n<p>\u2013 Ingr\u00e9dients de premi\u00e8re qualit\u00e9<\/p>\n<p>\u2013 Favorise la sant\u00e9, le bien-\u00eatre, la r\u00e9cup\u00e9ration et le ralentissement du vieillissement<\/p>","protected":false},"featured_media":5833,"comment_status":"closed","ping_status":"closed","template":"","meta":[],"product_cat":[234,210],"product_tag":[],"class_list":{"0":"post-5757","1":"product","2":"type-product","3":"status-publish","4":"has-post-thumbnail","6":"product_cat-marvelous-line","7":"product_cat-multivitamins","9":"first","10":"outofstock","11":"shipping-taxable","12":"purchasable","13":"product-type-simple"},"_links":{"self":[{"href":"https:\/\/marvelousnutrition.com\/fr\/wp-json\/wp\/v2\/product\/5757","targetHints":{"allow":["GET"]}}],"collection":[{"href":"https:\/\/marvelousnutrition.com\/fr\/wp-json\/wp\/v2\/product"}],"about":[{"href":"https:\/\/marvelousnutrition.com\/fr\/wp-json\/wp\/v2\/types\/product"}],"replies":[{"embeddable":true,"href":"https:\/\/marvelousnutrition.com\/fr\/wp-json\/wp\/v2\/comments?post=5757"}],"wp:featuredmedia":[{"embeddable":true,"href":"https:\/\/marvelousnutrition.com\/fr\/wp-json\/wp\/v2\/media\/5833"}],"wp:attachment":[{"href":"https:\/\/marvelousnutrition.com\/fr\/wp-json\/wp\/v2\/media?parent=5757"}],"wp:term":[{"taxonomy":"product_cat","embeddable":true,"href":"https:\/\/marvelousnutrition.com\/fr\/wp-json\/wp\/v2\/product_cat?post=5757"},{"taxonomy":"product_tag","embeddable":true,"href":"https:\/\/marvelousnutrition.com\/fr\/wp-json\/wp\/v2\/product_tag?post=5757"}],"curies":[{"name":"wp","href":"https:\/\/api.w.org\/{rel}","templated":true}]}}