{"id":5749,"date":"2025-11-05T09:27:03","date_gmt":"2025-11-05T09:27:03","guid":{"rendered":"https:\/\/marvelousnutrition.com\/?post_type=product&#038;p=5749"},"modified":"2025-12-24T17:51:06","modified_gmt":"2025-12-24T17:51:06","slug":"lean-af","status":"publish","type":"product","link":"https:\/\/marvelousnutrition.com\/fr\/produit\/maigre\/","title":{"rendered":"Lean AF"},"content":{"rendered":"<h6>Ingr\u00e9dients:<\/h6>\n<p>Isolat de prot\u00e9ines de lactos\u00e9rum microfiltr\u00e9 \u00e0 flux crois\u00e9 (\u00e0 base de lait, instantan\u00e9is\u00e9 avec de la l\u00e9cithine de tournesol),<br \/>\nCacao en poudre all\u00e9g\u00e9, ar\u00f4me (go\u00fbt chocolat), chlorure de sodium, \u00e9paississant (gomme xanthane),<br \/>\n\u00c9dulcorants (ac\u00e9sulfame K, sucralose) et complexe enzymatique Digezyme\u00ae (alpha-amylase, prot\u00e9ase neutre, cellulase, lactase, lipase).<\/p>\n<h6>Comment l'Utiliser:<\/h6>\n<p>M\u00e9langer 1 mesure (25 g) avec 200 \u00e0 300 ml d&#039;eau froide et secouer vigoureusement.<br \/>\nPrenez une portion imm\u00e9diatement apr\u00e8s l&#039;entra\u00eenement ou \u00e0 tout moment o\u00f9 vous souhaitez un apport suppl\u00e9mentaire en prot\u00e9ines.<\/p>\n<h6>Stockage:<\/h6>\n<p>Stocker dans un endroit frais, sec apr\u00e8s ouverture.<\/p>\n<h6>Poids Net:<\/h6>\n<p>2 kg \u2013 80 portions<\/p>\n<p>&nbsp;<\/p>","protected":false},"excerpt":{"rendered":"<p>L&#039;isolat de prot\u00e9ines de lactos\u00e9rum CFM est consid\u00e9r\u00e9 comme l&#039;une des formes de prot\u00e9ines de lactos\u00e9rum de la plus haute qualit\u00e9 disponibles, car il contient un pourcentage tr\u00e8s \u00e9lev\u00e9 de prot\u00e9ines en poids, souvent plus de 90%.<\/p>\n<p>Ce type d&#039;isolat de prot\u00e9ines de lactos\u00e9rum est couramment utilis\u00e9 par les athl\u00e8tes, les culturistes et les adeptes du fitness pour favoriser la croissance musculaire, la r\u00e9cup\u00e9ration et couvrir leurs besoins prot\u00e9iques. Il peut \u00eatre consomm\u00e9 en shake apr\u00e8s l&#039;entra\u00eenement ou comme source pratique de prot\u00e9ines de haute qualit\u00e9 tout au long de la journ\u00e9e.<\/p>\n<p>isolat de prot\u00e9ines de lactos\u00e9rum Premium 100% CFM<\/p>\n<p>1- Aucun acide amin\u00e9 ajout\u00e9<\/p>\n<p>2- z\u00e9ro lactose<\/p>\n<p>3- Faible en gras<\/p>\n<p>4- Sans sucre ajout\u00e9<\/p>","protected":false},"featured_media":5864,"comment_status":"closed","ping_status":"closed","template":"","meta":[],"product_cat":[234,200],"product_tag":[],"class_list":{"0":"post-5749","1":"product","2":"type-product","3":"status-publish","4":"has-post-thumbnail","6":"product_cat-marvelous-line","7":"product_cat-protein-and-eaa","9":"first","10":"instock","11":"shipping-taxable","12":"purchasable","13":"product-type-variable"},"_links":{"self":[{"href":"https:\/\/marvelousnutrition.com\/fr\/wp-json\/wp\/v2\/product\/5749","targetHints":{"allow":["GET"]}}],"collection":[{"href":"https:\/\/marvelousnutrition.com\/fr\/wp-json\/wp\/v2\/product"}],"about":[{"href":"https:\/\/marvelousnutrition.com\/fr\/wp-json\/wp\/v2\/types\/product"}],"replies":[{"embeddable":true,"href":"https:\/\/marvelousnutrition.com\/fr\/wp-json\/wp\/v2\/comments?post=5749"}],"wp:featuredmedia":[{"embeddable":true,"href":"https:\/\/marvelousnutrition.com\/fr\/wp-json\/wp\/v2\/media\/5864"}],"wp:attachment":[{"href":"https:\/\/marvelousnutrition.com\/fr\/wp-json\/wp\/v2\/media?parent=5749"}],"wp:term":[{"taxonomy":"product_cat","embeddable":true,"href":"https:\/\/marvelousnutrition.com\/fr\/wp-json\/wp\/v2\/product_cat?post=5749"},{"taxonomy":"product_tag","embeddable":true,"href":"https:\/\/marvelousnutrition.com\/fr\/wp-json\/wp\/v2\/product_tag?post=5749"}],"curies":[{"name":"wp","href":"https:\/\/api.w.org\/{rel}","templated":true}]}}