{"id":5748,"date":"2025-11-05T09:27:03","date_gmt":"2025-11-05T09:27:03","guid":{"rendered":"https:\/\/marvelousnutrition.com\/?post_type=product&#038;p=5748"},"modified":"2026-03-15T23:39:56","modified_gmt":"2026-03-15T23:39:56","slug":"testoman","status":"publish","type":"product","link":"https:\/\/marvelousnutrition.com\/fr\/produit\/testoman\/","title":{"rendered":"Testoman"},"content":{"rendered":"<h6>Ingr\u00e9dients:<\/h6>\n<p>Acide D-aspartique, g\u00e9latine bovine (enveloppe de la capsule), extrait sec d&#039;ashwagandha (Withania somnifera (L.) Dunal, racine) 5:1, extrait sec de maca (Lepidium meyenii Walper, racine) 10:1, L-carnitine-L-tartrate, extrait sec de fenugrec (Trigonella foenum-graecum L., graines), oxyde de magn\u00e9sium, extrait de Serenoa repens (fruit) 4:1, oxyde de zinc, chlorhydrate de pyridoxine (vitamine B6), colorant (oxyde de fer) et chol\u00e9calcif\u00e9rol (vitamine D3).<\/p>\n<h6>Comment l'Utiliser:<\/h6>\n<p>Prendre une portion (4 capsules) avant l&#039;entra\u00eenement.<\/p>\n<h6>Description:<\/h6>\n<p>Une formule puissante pour stimuler la testost\u00e9rone et am\u00e9liorer naturellement la force, l&#039;\u00e9nergie et l&#039;endurance. Elle associe des extraits de plantes efficaces et des vitamines essentielles pour favoriser l&#039;\u00e9quilibre hormonal, les performances musculaires et la vitalit\u00e9 g\u00e9n\u00e9rale.<\/p>\n<h6>Stockage:<\/h6>\n<p>Stocker dans un endroit frais, sec apr\u00e8s ouverture.<\/p>\n<h6>Quantit\u00e9:<\/h6>\n<p>120 capsules<a href=\"https:\/\/marvelousnutrition.com\/wp-content\/uploads\/2025\/11\/testoman-scaled.png\"><img fetchpriority=\"high\" decoding=\"async\" class=\"alignnone size-medium wp-image-6349\" src=\"https:\/\/marvelousnutrition.com\/wp-content\/uploads\/2025\/11\/testoman-300x293.png\" alt=\"\" width=\"300\" height=\"293\" srcset=\"https:\/\/marvelousnutrition.com\/wp-content\/uploads\/2025\/11\/testoman-300x293.png 300w, https:\/\/marvelousnutrition.com\/wp-content\/uploads\/2025\/11\/testoman-1024x1000.png 1024w, https:\/\/marvelousnutrition.com\/wp-content\/uploads\/2025\/11\/testoman-768x750.png 768w, https:\/\/marvelousnutrition.com\/wp-content\/uploads\/2025\/11\/testoman-1536x1500.png 1536w, https:\/\/marvelousnutrition.com\/wp-content\/uploads\/2025\/11\/testoman-2048x2000.png 2048w, https:\/\/marvelousnutrition.com\/wp-content\/uploads\/2025\/11\/testoman-12x12.png 12w, https:\/\/marvelousnutrition.com\/wp-content\/uploads\/2025\/11\/testoman-800x781.png 800w, https:\/\/marvelousnutrition.com\/wp-content\/uploads\/2025\/11\/testoman-50x50.png 50w\" sizes=\"(max-width: 300px) 100vw, 300px\" \/><\/a><\/p>\n<p>&nbsp;<\/p>","protected":false},"excerpt":{"rendered":"<p>TESTO MAN est la solution naturelle multivoies par excellence pour soutenir la production naturelle de testost\u00e9rone. TESTO MAN est un booster de testost\u00e9rone qui agit pour soutenir la production naturelle de testost\u00e9rone par votre corps, tout en contr\u00f4lant les \u0153strog\u00e8nes.<\/p>\n<p>TESTO MAN\u2122 est un booster de testost\u00e9rone de pointe, \u00e0 la synergie exceptionnelle, dot\u00e9 de propri\u00e9t\u00e9s r\u00e9gulatrices du cortisol et des \u0153strog\u00e8nes. Chaque portion de quatre capsules contient des compos\u00e9s dos\u00e9s avec pr\u00e9cision pour vous induire un \u00e9tat anabolique unique.<\/p>\n<p>\u2022 Booster de testost\u00e9rone<\/p>\n<p>\u2022 Propri\u00e9t\u00e9s anti-\u0153strog\u00e9niques<\/p>\n<p>\u2022 Contr\u00f4le complet du cortisol<\/p>\n<p>\u2022 Soutien de la prostate<\/p>\n<p>\u2022 M\u00e9lange PCT parfait<\/p>\n<p>TESTO MAN\u2122 contient une dose cliniquement efficace d&#039;acide D-aspartique, un acide amin\u00e9 puissant dont il a \u00e9t\u00e9 d\u00e9montr\u00e9 qu&#039;il stimule la testost\u00e9rone.<\/p>\n<p>TESTO MAN\u2122 contient de l&#039;extrait de maca et de l&#039;extrait de tribulus (90%), des saponines utilis\u00e9es depuis l&#039;Antiquit\u00e9 comme source alimentaire pour favoriser l&#039;endurance, l&#039;\u00e9nergie et une fonction sexuelle saine. Des \u00e9tudes scientifiques r\u00e9centes ont d\u00e9montr\u00e9 que la maca contribue \u00e0 l&#039;\u00e9quilibre hormonal et \u00e0 la sant\u00e9 reproductive masculine et f\u00e9minine. Parmi les nombreux principes actifs de la maca figurent des alcalo\u00efdes, des saponines et des tanins.<\/p>\n<p>TESTO MAN\u2122 contient du palmier nain, une plante reconnue pour favoriser un flux urinaire sain et une fonction prostatique normale.<\/p>\n<p>TESTO MAN\u2122 contient du L-carnitine-L-tartrate qui peut entra\u00eener une augmentation significative de la teneur en r\u00e9cepteurs androg\u00e8nes dans les tissus musculaires, ce qui stimule la synth\u00e8se prot\u00e9ique et, par cons\u00e9quent, la masse musculaire.<\/p>","protected":false},"featured_media":6226,"comment_status":"closed","ping_status":"closed","template":"","meta":[],"product_cat":[234,235],"product_tag":[],"class_list":{"0":"post-5748","1":"product","2":"type-product","3":"status-publish","4":"has-post-thumbnail","6":"product_cat-marvelous-line","7":"product_cat-test-booster","9":"first","10":"instock","11":"shipping-taxable","12":"purchasable","13":"product-type-simple"},"_links":{"self":[{"href":"https:\/\/marvelousnutrition.com\/fr\/wp-json\/wp\/v2\/product\/5748","targetHints":{"allow":["GET"]}}],"collection":[{"href":"https:\/\/marvelousnutrition.com\/fr\/wp-json\/wp\/v2\/product"}],"about":[{"href":"https:\/\/marvelousnutrition.com\/fr\/wp-json\/wp\/v2\/types\/product"}],"replies":[{"embeddable":true,"href":"https:\/\/marvelousnutrition.com\/fr\/wp-json\/wp\/v2\/comments?post=5748"}],"wp:featuredmedia":[{"embeddable":true,"href":"https:\/\/marvelousnutrition.com\/fr\/wp-json\/wp\/v2\/media\/6226"}],"wp:attachment":[{"href":"https:\/\/marvelousnutrition.com\/fr\/wp-json\/wp\/v2\/media?parent=5748"}],"wp:term":[{"taxonomy":"product_cat","embeddable":true,"href":"https:\/\/marvelousnutrition.com\/fr\/wp-json\/wp\/v2\/product_cat?post=5748"},{"taxonomy":"product_tag","embeddable":true,"href":"https:\/\/marvelousnutrition.com\/fr\/wp-json\/wp\/v2\/product_tag?post=5748"}],"curies":[{"name":"wp","href":"https:\/\/api.w.org\/{rel}","templated":true}]}}