{"id":5741,"date":"2025-11-05T09:27:03","date_gmt":"2025-11-05T09:27:03","guid":{"rendered":"https:\/\/marvelousnutrition.com\/?post_type=product&#038;p=5741"},"modified":"2026-03-16T19:59:26","modified_gmt":"2026-03-16T19:59:26","slug":"vitamin","status":"publish","type":"product","link":"https:\/\/marvelousnutrition.com\/fr\/produit\/vitamine\/","title":{"rendered":"Vitamine"},"content":{"rendered":"<h6>Comment l'Utiliser:<\/h6>\n<p>Prendre 1 capsule par jour.<\/p>\n<h6>Description:<\/h6>\n<p>Ce complexe vitaminique offre une puissante combinaison de vitamines et de min\u00e9raux de haute qualit\u00e9 pour optimiser les performances des athl\u00e8tes gr\u00e2ce \u00e0 une nutrition sup\u00e9rieure.<br \/>\nSa formule contient des niveaux \u00e9lev\u00e9s d&#039;antioxydants pour aider \u00e0 contrer le stress oxydatif caus\u00e9 par une activit\u00e9 physique intense.<\/p>\n<h6>Avantages du produit\u00a0:<\/h6>\n<ul>\n<li>Favorise la sant\u00e9 globale, le bon fonctionnement du syst\u00e8me immunitaire et la production naturelle d&#039;hormones.<\/li>\n<li>Renforce la sant\u00e9 des articulations, des os et du syst\u00e8me digestif.<\/li>\n<li>Augmente les niveaux d&#039;\u00e9nergie naturels.<\/li>\n<li>Am\u00e9liore la concentration mentale et l&#039;humeur g\u00e9n\u00e9rale.<\/li>\n<li>R\u00e9duit la fatigue physique et mentale.<\/li>\n<\/ul>\n<h6>Ingr\u00e9dients:<\/h6>\n<p>M\u00e9lange de vitamines et de min\u00e9raux (acide L-ascorbique, carbonate de calcium, oxyde de magn\u00e9sium, nicotinamide, D-pantoth\u00e9nate de calcium, sulfate ferreux, ac\u00e9tate de DL-\u03b1-tocoph\u00e9ryle, tartrate d&#039;hydrog\u00e8ne de choline, oxyde de zinc, inositol, b\u00eata-carot\u00e8ne, chlorhydrate de pyridoxine, mononitrate de thiamine, riboflavine, sulfate de mangan\u00e8se, sulfate de cuivre, acide pt\u00e9roylmonoglutamique, iodure de potassium, D-biotine, cyanocobalamine, maltodextrine),<br \/>\nAgent de charge (cellulose microcristalline),<br \/>\nEnveloppe de la capsule (hypromellose),<br \/>\nComplexe enzymatique DigeZyme\u00ae (Alpha-amylase, prot\u00e9ase neutre, cellulase, lactase, lipase).<\/p>\n<p><a href=\"https:\/\/marvelousnutrition.com\/wp-content\/uploads\/2025\/11\/vitamn-88-gawel-scaled.png\"><img fetchpriority=\"high\" decoding=\"async\" class=\"alignnone size-medium wp-image-6385\" src=\"https:\/\/marvelousnutrition.com\/wp-content\/uploads\/2025\/11\/vitamn-88-gawel-180x300.png\" alt=\"\" width=\"180\" height=\"300\" srcset=\"https:\/\/marvelousnutrition.com\/wp-content\/uploads\/2025\/11\/vitamn-88-gawel-180x300.png 180w, https:\/\/marvelousnutrition.com\/wp-content\/uploads\/2025\/11\/vitamn-88-gawel-613x1024.png 613w, https:\/\/marvelousnutrition.com\/wp-content\/uploads\/2025\/11\/vitamn-88-gawel-768x1283.png 768w, https:\/\/marvelousnutrition.com\/wp-content\/uploads\/2025\/11\/vitamn-88-gawel-919x1536.png 919w, https:\/\/marvelousnutrition.com\/wp-content\/uploads\/2025\/11\/vitamn-88-gawel-1226x2048.png 1226w, https:\/\/marvelousnutrition.com\/wp-content\/uploads\/2025\/11\/vitamn-88-gawel-7x12.png 7w, https:\/\/marvelousnutrition.com\/wp-content\/uploads\/2025\/11\/vitamn-88-gawel-800x1337.png 800w, https:\/\/marvelousnutrition.com\/wp-content\/uploads\/2025\/11\/vitamn-88-gawel-scaled.png 1532w\" sizes=\"(max-width: 180px) 100vw, 180px\" \/><\/a><\/p>","protected":false},"excerpt":{"rendered":"<p>Vitamin offre une combinaison puissante de vitamines et de min\u00e9raux de la plus haute qualit\u00e9 pour optimiser le potentiel de l&#039;athl\u00e8te gr\u00e2ce \u00e0 une nutrition sup\u00e9rieure. Sa formule contient des niveaux \u00e9lev\u00e9s d&#039;antioxydants pour aider \u00e0 contrer le stress oxydatif caus\u00e9 par une activit\u00e9 physique intense.<\/p>","protected":false},"featured_media":5866,"comment_status":"closed","ping_status":"closed","template":"","meta":[],"product_cat":[229,210],"product_tag":[],"class_list":{"0":"post-5741","1":"product","2":"type-product","3":"status-publish","4":"has-post-thumbnail","6":"product_cat-loaded-ingredients","7":"product_cat-multivitamins","9":"first","10":"instock","11":"shipping-taxable","12":"purchasable","13":"product-type-simple"},"_links":{"self":[{"href":"https:\/\/marvelousnutrition.com\/fr\/wp-json\/wp\/v2\/product\/5741","targetHints":{"allow":["GET"]}}],"collection":[{"href":"https:\/\/marvelousnutrition.com\/fr\/wp-json\/wp\/v2\/product"}],"about":[{"href":"https:\/\/marvelousnutrition.com\/fr\/wp-json\/wp\/v2\/types\/product"}],"replies":[{"embeddable":true,"href":"https:\/\/marvelousnutrition.com\/fr\/wp-json\/wp\/v2\/comments?post=5741"}],"wp:featuredmedia":[{"embeddable":true,"href":"https:\/\/marvelousnutrition.com\/fr\/wp-json\/wp\/v2\/media\/5866"}],"wp:attachment":[{"href":"https:\/\/marvelousnutrition.com\/fr\/wp-json\/wp\/v2\/media?parent=5741"}],"wp:term":[{"taxonomy":"product_cat","embeddable":true,"href":"https:\/\/marvelousnutrition.com\/fr\/wp-json\/wp\/v2\/product_cat?post=5741"},{"taxonomy":"product_tag","embeddable":true,"href":"https:\/\/marvelousnutrition.com\/fr\/wp-json\/wp\/v2\/product_tag?post=5741"}],"curies":[{"name":"wp","href":"https:\/\/api.w.org\/{rel}","templated":true}]}}