{"id":5740,"date":"2025-11-05T09:27:02","date_gmt":"2025-11-05T09:27:02","guid":{"rendered":"https:\/\/marvelousnutrition.com\/?post_type=product&#038;p=5740"},"modified":"2025-11-07T10:01:41","modified_gmt":"2025-11-07T10:01:41","slug":"citrulline-malate","status":"publish","type":"product","link":"https:\/\/marvelousnutrition.com\/fr\/produit\/malate-de-citrulline\/","title":{"rendered":"malate de citrulline"},"content":{"rendered":"<h6>Comment l'Utiliser:<\/h6>\n<p>Prenez 3 g 30 minutes avant votre entra\u00eenement.<\/p>\n<h6>Description:<\/h6>\n<p>100% L-citrulline malate de la plus haute qualit\u00e9, sans additifs.<br \/>\nIssu de la fermentation v\u00e9g\u00e9talienne de la L-citrulline, il favorise la production d&#039;oxyde nitrique, facilitant ainsi l&#039;apport d&#039;oxyg\u00e8ne aux muscles et am\u00e9liorant la vasodilatation.<\/p>\n<p>La consommation de malate de citrulline peut contribuer aux effets suivants\u00a0:<\/p>\n<ul>\n<li>Peut contribuer \u00e0 r\u00e9duire la fatigue musculaire tout en augmentant l&#039;endurance<\/li>\n<li>Peut contribuer \u00e0 r\u00e9duire les douleurs musculaires et \u00e0 am\u00e9liorer la r\u00e9cup\u00e9ration<\/li>\n<li>Peut augmenter la production d&#039;oxyde nitrique<\/li>\n<\/ul>\n<h6>Ingr\u00e9dients:<\/h6>\n<p>malate de citrulline<\/p>\n<h6>Informations nutritionnelles :<\/h6>\n<table style=\"width:100%; border-collapse: collapse; background-color: #f0f0f0; color: #333; border: 1px solid #ccc;\">\n<tr>\n<td colspan=\"3\" style=\"text-align:center; font-weight:bold; padding: 8px;\">Portions par contenant : 100<\/td>\n<\/tr>\n<tr>\n<td colspan=\"3\" style=\"text-align:center; font-weight:bold; padding: 8px;\">Portion : 3 g<\/td>\n<\/tr>\n<tr style=\"background-color: #d9d9d9; font-weight:bold;\">\n<th style=\"padding: 8px; border: 1px solid #ccc;\">Ingr\u00e9dients<\/th>\n<th style=\"padding: 8px; border: 1px solid #ccc;\">Quantit\u00e9 par dose<\/th>\n<th style=\"padding: 8px; border: 1px solid #ccc;\">NRV<\/th>\n<\/tr>\n<tr>\n<td style=\"padding: 8px; border: 1px solid #ccc;\">Malate de citrulline (2:1)<\/td>\n<td style=\"padding: 8px; border: 1px solid #ccc;\">3000 mg<\/td>\n<td style=\"padding: 8px; border: 1px solid #ccc;\">\u2013<\/td>\n<\/tr>\n<\/table>","protected":false},"excerpt":{"rendered":"<p>Le r\u00e9sultat de la fermentation v\u00e9g\u00e9talienne, la L-citrulline, favorisera la production d&#039;oxyde nitrique, facilitant ainsi l&#039;oxyg\u00e9nation des muscles et la vasodilatation.<\/p>","protected":false},"featured_media":5844,"comment_status":"closed","ping_status":"closed","template":"","meta":[],"product_cat":[134,228],"product_tag":[],"class_list":{"0":"post-5740","1":"product","2":"type-product","3":"status-publish","4":"has-post-thumbnail","6":"product_cat-amino-acid","7":"product_cat-old-school","9":"first","10":"instock","11":"shipping-taxable","12":"purchasable","13":"product-type-simple"},"_links":{"self":[{"href":"https:\/\/marvelousnutrition.com\/fr\/wp-json\/wp\/v2\/product\/5740","targetHints":{"allow":["GET"]}}],"collection":[{"href":"https:\/\/marvelousnutrition.com\/fr\/wp-json\/wp\/v2\/product"}],"about":[{"href":"https:\/\/marvelousnutrition.com\/fr\/wp-json\/wp\/v2\/types\/product"}],"replies":[{"embeddable":true,"href":"https:\/\/marvelousnutrition.com\/fr\/wp-json\/wp\/v2\/comments?post=5740"}],"wp:featuredmedia":[{"embeddable":true,"href":"https:\/\/marvelousnutrition.com\/fr\/wp-json\/wp\/v2\/media\/5844"}],"wp:attachment":[{"href":"https:\/\/marvelousnutrition.com\/fr\/wp-json\/wp\/v2\/media?parent=5740"}],"wp:term":[{"taxonomy":"product_cat","embeddable":true,"href":"https:\/\/marvelousnutrition.com\/fr\/wp-json\/wp\/v2\/product_cat?post=5740"},{"taxonomy":"product_tag","embeddable":true,"href":"https:\/\/marvelousnutrition.com\/fr\/wp-json\/wp\/v2\/product_tag?post=5740"}],"curies":[{"name":"wp","href":"https:\/\/api.w.org\/{rel}","templated":true}]}}