{"id":5733,"date":"2025-11-05T09:27:02","date_gmt":"2025-11-05T09:27:02","guid":{"rendered":"https:\/\/marvelousnutrition.com\/?post_type=product&#038;p=5733"},"modified":"2026-03-15T23:41:30","modified_gmt":"2026-03-15T23:41:30","slug":"beta-alanine","status":"publish","type":"product","link":"https:\/\/marvelousnutrition.com\/fr\/produit\/beta-alanine\/","title":{"rendered":"La b\u00eata-alanine"},"content":{"rendered":"<h6>Comment l'Utiliser:<\/h6>\n<p>Prenez 3 g 30 minutes avant votre entra\u00eenement.<\/p>\n<h6>Description:<\/h6>\n<p>100% B\u00eata-alanine de la plus haute qualit\u00e9, sans additifs.<\/p>\n<p>La b\u00eata-alanine est un acide amin\u00e9 non essentiel dont il a \u00e9t\u00e9 d\u00e9montr\u00e9, lors d&#039;\u00e9tudes, qu&#039;elle augmente la concentration de carnosine musculaire. En favorisant une concentration \u00e9lev\u00e9e de carnosine intramusculaire, elle contribue \u00e0 r\u00e9duire l&#039;acidification intramusculaire induite par un exercice intense et un entra\u00eenement lourd.<\/p>\n<p><strong>B\u00caTA-ALANINE<\/strong> Retarde la fatigue musculaire, vous permettant ainsi d&#039;am\u00e9liorer vos performances.<\/p>\n<p>La consommation de b\u00eata-alanine peut contribuer aux effets suivants\u00a0:<\/p>\n<ul>\n<li>Augmenter la force et la puissance<\/li>\n<li>Augmenter l&#039;endurance musculaire<\/li>\n<li>S&#039;entra\u00eener avec une plus grande intensit\u00e9<\/li>\n<\/ul>\n<p><a href=\"https:\/\/marvelousnutrition.com\/wp-content\/uploads\/2025\/11\/beta-alnine-black-gadwel-1-scaled.png\"><img decoding=\"async\" class=\"alignnone size-medium wp-image-6351\" src=\"https:\/\/marvelousnutrition.com\/wp-content\/uploads\/2025\/11\/beta-alnine-black-gadwel-1-300x25.png\" alt=\"\" width=\"300\" height=\"25\" srcset=\"https:\/\/marvelousnutrition.com\/wp-content\/uploads\/2025\/11\/beta-alnine-black-gadwel-1-300x25.png 300w, https:\/\/marvelousnutrition.com\/wp-content\/uploads\/2025\/11\/beta-alnine-black-gadwel-1-1024x86.png 1024w, https:\/\/marvelousnutrition.com\/wp-content\/uploads\/2025\/11\/beta-alnine-black-gadwel-1-768x65.png 768w, https:\/\/marvelousnutrition.com\/wp-content\/uploads\/2025\/11\/beta-alnine-black-gadwel-1-1536x130.png 1536w, https:\/\/marvelousnutrition.com\/wp-content\/uploads\/2025\/11\/beta-alnine-black-gadwel-1-2048x173.png 2048w, https:\/\/marvelousnutrition.com\/wp-content\/uploads\/2025\/11\/beta-alnine-black-gadwel-1-18x2.png 18w, https:\/\/marvelousnutrition.com\/wp-content\/uploads\/2025\/11\/beta-alnine-black-gadwel-1-800x67.png 800w\" sizes=\"(max-width: 300px) 100vw, 300px\" \/><\/a><\/p>","protected":false},"excerpt":{"rendered":"<p>La b\u00eata-alanine est un acide amin\u00e9 non essentiel dont il a \u00e9t\u00e9 d\u00e9montr\u00e9, lors d&#039;\u00e9tudes, qu&#039;elle augmente la concentration de carnosine dans les muscles. En favorisant une concentration \u00e9lev\u00e9e de carnosine intramusculaire, elle contribue \u00e0 r\u00e9duire l&#039;acidification intramusculaire induite par un exercice intense et un entra\u00eenement lourd.<\/p>","protected":false},"featured_media":6224,"comment_status":"closed","ping_status":"closed","template":"","meta":[],"product_cat":[197,134,228],"product_tag":[],"class_list":{"0":"post-5733","1":"product","2":"type-product","3":"status-publish","4":"has-post-thumbnail","6":"product_cat-all-products","7":"product_cat-amino-acid","8":"product_cat-old-school","10":"first","11":"instock","12":"shipping-taxable","13":"purchasable","14":"product-type-simple"},"_links":{"self":[{"href":"https:\/\/marvelousnutrition.com\/fr\/wp-json\/wp\/v2\/product\/5733","targetHints":{"allow":["GET"]}}],"collection":[{"href":"https:\/\/marvelousnutrition.com\/fr\/wp-json\/wp\/v2\/product"}],"about":[{"href":"https:\/\/marvelousnutrition.com\/fr\/wp-json\/wp\/v2\/types\/product"}],"replies":[{"embeddable":true,"href":"https:\/\/marvelousnutrition.com\/fr\/wp-json\/wp\/v2\/comments?post=5733"}],"wp:featuredmedia":[{"embeddable":true,"href":"https:\/\/marvelousnutrition.com\/fr\/wp-json\/wp\/v2\/media\/6224"}],"wp:attachment":[{"href":"https:\/\/marvelousnutrition.com\/fr\/wp-json\/wp\/v2\/media?parent=5733"}],"wp:term":[{"taxonomy":"product_cat","embeddable":true,"href":"https:\/\/marvelousnutrition.com\/fr\/wp-json\/wp\/v2\/product_cat?post=5733"},{"taxonomy":"product_tag","embeddable":true,"href":"https:\/\/marvelousnutrition.com\/fr\/wp-json\/wp\/v2\/product_tag?post=5733"}],"curies":[{"name":"wp","href":"https:\/\/api.w.org\/{rel}","templated":true}]}}