{"id":5715,"date":"2025-11-05T09:26:58","date_gmt":"2025-11-05T09:26:58","guid":{"rendered":"https:\/\/marvelousnutrition.com\/?post_type=product&#038;p=5715"},"modified":"2026-03-15T23:50:49","modified_gmt":"2026-03-15T23:50:49","slug":"creatine","status":"publish","type":"product","link":"https:\/\/marvelousnutrition.com\/fr\/produit\/creatine\/","title":{"rendered":"La cr\u00e9atine"},"content":{"rendered":"<h6>Ingr\u00e9dients:<\/h6>\n<p>monohydrate de cr\u00e9atine<\/p>\n<h6>Comment l'Utiliser:<\/h6>\n<p>M\u00e9langer 5 g avec 400 \u00e0 500 ml d&#039;eau. Prendre une portion imm\u00e9diatement apr\u00e8s l&#039;entra\u00eenement.<\/p>\n<h6>Stockage:<\/h6>\n<p>Stocker dans un endroit frais, sec apr\u00e8s ouverture.<\/p>\n<h6>Poids Net:<\/h6>\n<p>300 g<a href=\"https:\/\/marvelousnutrition.com\/wp-content\/uploads\/2025\/11\/creatine-black-gadwel-scaled.png\"><img decoding=\"async\" class=\"alignnone size-medium wp-image-6363\" src=\"https:\/\/marvelousnutrition.com\/wp-content\/uploads\/2025\/11\/creatine-black-gadwel-300x25.png\" alt=\"\" width=\"300\" height=\"25\" srcset=\"https:\/\/marvelousnutrition.com\/wp-content\/uploads\/2025\/11\/creatine-black-gadwel-300x25.png 300w, https:\/\/marvelousnutrition.com\/wp-content\/uploads\/2025\/11\/creatine-black-gadwel-1024x86.png 1024w, https:\/\/marvelousnutrition.com\/wp-content\/uploads\/2025\/11\/creatine-black-gadwel-768x65.png 768w, https:\/\/marvelousnutrition.com\/wp-content\/uploads\/2025\/11\/creatine-black-gadwel-1536x130.png 1536w, https:\/\/marvelousnutrition.com\/wp-content\/uploads\/2025\/11\/creatine-black-gadwel-2048x173.png 2048w, https:\/\/marvelousnutrition.com\/wp-content\/uploads\/2025\/11\/creatine-black-gadwel-18x2.png 18w, https:\/\/marvelousnutrition.com\/wp-content\/uploads\/2025\/11\/creatine-black-gadwel-800x67.png 800w\" sizes=\"(max-width: 300px) 100vw, 300px\" \/><\/a><\/p>","protected":false},"excerpt":{"rendered":"<p>Cr\u00e9atine monohydrate micronis\u00e9e sans ar\u00f4me, de la meilleure qualit\u00e9 actuellement disponible sur le march\u00e9. Favorise la synth\u00e8se des prot\u00e9ines, augmente la force anabolique et la prise de masse musculaire.<\/p>","protected":false},"featured_media":6030,"comment_status":"closed","ping_status":"closed","template":"","meta":[],"product_cat":[179,228,201],"product_tag":[],"class_list":{"0":"post-5715","1":"product","2":"type-product","3":"status-publish","4":"has-post-thumbnail","6":"product_cat-creatine","7":"product_cat-old-school","8":"product_cat-recovery-and-muscle-building","10":"first","11":"instock","12":"shipping-taxable","13":"purchasable","14":"product-type-simple"},"_links":{"self":[{"href":"https:\/\/marvelousnutrition.com\/fr\/wp-json\/wp\/v2\/product\/5715","targetHints":{"allow":["GET"]}}],"collection":[{"href":"https:\/\/marvelousnutrition.com\/fr\/wp-json\/wp\/v2\/product"}],"about":[{"href":"https:\/\/marvelousnutrition.com\/fr\/wp-json\/wp\/v2\/types\/product"}],"replies":[{"embeddable":true,"href":"https:\/\/marvelousnutrition.com\/fr\/wp-json\/wp\/v2\/comments?post=5715"}],"wp:featuredmedia":[{"embeddable":true,"href":"https:\/\/marvelousnutrition.com\/fr\/wp-json\/wp\/v2\/media\/6030"}],"wp:attachment":[{"href":"https:\/\/marvelousnutrition.com\/fr\/wp-json\/wp\/v2\/media?parent=5715"}],"wp:term":[{"taxonomy":"product_cat","embeddable":true,"href":"https:\/\/marvelousnutrition.com\/fr\/wp-json\/wp\/v2\/product_cat?post=5715"},{"taxonomy":"product_tag","embeddable":true,"href":"https:\/\/marvelousnutrition.com\/fr\/wp-json\/wp\/v2\/product_tag?post=5715"}],"curies":[{"name":"wp","href":"https:\/\/api.w.org\/{rel}","templated":true}]}}