{"id":5713,"date":"2025-11-05T09:26:58","date_gmt":"2025-11-05T09:26:58","guid":{"rendered":"https:\/\/marvelousnutrition.com\/?post_type=product&#038;p=5713"},"modified":"2026-03-15T23:49:11","modified_gmt":"2026-03-15T23:49:11","slug":"omega-3","status":"publish","type":"product","link":"https:\/\/marvelousnutrition.com\/fr\/produit\/omega-3\/","title":{"rendered":"Om\u00e9ga 3"},"content":{"rendered":"<h6>Comment l'Utiliser:<\/h6>\n<p>En tant que compl\u00e9ment alimentaire, prendre 2 capsules au petit-d\u00e9jeuner.<\/p>\n<h6>Description:<\/h6>\n<p>L&#039;Omega-3 de Marvelous Nutrition est une forme hautement purifi\u00e9e d&#039;huile de poisson, offrant la meilleure qualit\u00e9 disponible sur le march\u00e9 avec un excellent rapport entre EPA et DHA.<\/p>\n<p>L&#039;huile de poisson contient deux acides gras om\u00e9ga-3 essentiels\u00a0: l&#039;EPA (acide eicosapenta\u00e9no\u00efque) et le DHA (acide docosahexa\u00e9no\u00efque). Elle poss\u00e8de de puissantes propri\u00e9t\u00e9s anti-inflammatoires et contribue \u00e0 r\u00e9duire le taux de triglyc\u00e9rides. Associ\u00e9e \u00e0 une meilleure sant\u00e9 cardiovasculaire, \u00e0 une diminution du taux de lipides et \u00e0 une r\u00e9duction de l&#039;accumulation de plaque, elle pourrait \u00e9galement diminuer le risque de diab\u00e8te et de certains cancers.<\/p>\n<p><a href=\"https:\/\/marvelousnutrition.com\/wp-content\/uploads\/2025\/11\/omega-3-gadwel-scaled.png\"><img decoding=\"async\" class=\"alignnone size-medium wp-image-6361\" src=\"https:\/\/marvelousnutrition.com\/wp-content\/uploads\/2025\/11\/omega-3-gadwel-300x119.png\" alt=\"\" width=\"300\" height=\"119\" srcset=\"https:\/\/marvelousnutrition.com\/wp-content\/uploads\/2025\/11\/omega-3-gadwel-300x119.png 300w, https:\/\/marvelousnutrition.com\/wp-content\/uploads\/2025\/11\/omega-3-gadwel-1024x407.png 1024w, https:\/\/marvelousnutrition.com\/wp-content\/uploads\/2025\/11\/omega-3-gadwel-768x305.png 768w, https:\/\/marvelousnutrition.com\/wp-content\/uploads\/2025\/11\/omega-3-gadwel-1536x610.png 1536w, https:\/\/marvelousnutrition.com\/wp-content\/uploads\/2025\/11\/omega-3-gadwel-2048x814.png 2048w, https:\/\/marvelousnutrition.com\/wp-content\/uploads\/2025\/11\/omega-3-gadwel-18x7.png 18w, https:\/\/marvelousnutrition.com\/wp-content\/uploads\/2025\/11\/omega-3-gadwel-800x318.png 800w\" sizes=\"(max-width: 300px) 100vw, 300px\" \/><\/a><\/p>\n<p>&nbsp;<\/p>","protected":false},"excerpt":{"rendered":"<p>L&#039;om\u00e9ga-3 de Marvelous Nutrition est une forme hautement purifi\u00e9e d&#039;huile de poisson de la meilleure qualit\u00e9 disponible sur le march\u00e9, avec un excellent rapport entre EPA et DHA.<\/p>","protected":false},"featured_media":6216,"comment_status":"closed","ping_status":"closed","template":"","meta":[],"product_cat":[228,230],"product_tag":[],"class_list":{"0":"post-5713","1":"product","2":"type-product","3":"status-publish","4":"has-post-thumbnail","6":"product_cat-old-school","7":"product_cat-organ-support","9":"first","10":"outofstock","11":"shipping-taxable","12":"purchasable","13":"product-type-simple"},"_links":{"self":[{"href":"https:\/\/marvelousnutrition.com\/fr\/wp-json\/wp\/v2\/product\/5713","targetHints":{"allow":["GET"]}}],"collection":[{"href":"https:\/\/marvelousnutrition.com\/fr\/wp-json\/wp\/v2\/product"}],"about":[{"href":"https:\/\/marvelousnutrition.com\/fr\/wp-json\/wp\/v2\/types\/product"}],"replies":[{"embeddable":true,"href":"https:\/\/marvelousnutrition.com\/fr\/wp-json\/wp\/v2\/comments?post=5713"}],"wp:featuredmedia":[{"embeddable":true,"href":"https:\/\/marvelousnutrition.com\/fr\/wp-json\/wp\/v2\/media\/6216"}],"wp:attachment":[{"href":"https:\/\/marvelousnutrition.com\/fr\/wp-json\/wp\/v2\/media?parent=5713"}],"wp:term":[{"taxonomy":"product_cat","embeddable":true,"href":"https:\/\/marvelousnutrition.com\/fr\/wp-json\/wp\/v2\/product_cat?post=5713"},{"taxonomy":"product_tag","embeddable":true,"href":"https:\/\/marvelousnutrition.com\/fr\/wp-json\/wp\/v2\/product_tag?post=5713"}],"curies":[{"name":"wp","href":"https:\/\/api.w.org\/{rel}","templated":true}]}}