{"id":5712,"date":"2025-11-05T09:26:58","date_gmt":"2025-11-05T09:26:58","guid":{"rendered":"https:\/\/marvelousnutrition.com\/?post_type=product&#038;p=5712"},"modified":"2026-03-15T23:48:14","modified_gmt":"2026-03-15T23:48:14","slug":"h-b-v-c","status":"publish","type":"product","link":"https:\/\/marvelousnutrition.com\/fr\/produit\/hbvc\/","title":{"rendered":"HBVC"},"content":{"rendered":"<h6>Ingr\u00e9dients:<\/h6>\n<p>extrait sec de bergamote (<em>Citrus bergamia<\/em>, fruits), agent de charge : cellulose microcristalline (E-460i), bisglycinate de magn\u00e9sium, Resv\u00e9ratrol 98% (<em>Polygonum cuspidatum<\/em>, racine), extrait de soja ferment\u00e9, riz ferment\u00e9 \u00e0 la levure rouge (<em>Monascus purpureus<\/em>) \u00e9valu\u00e9 en monacoline K, agent antiagglom\u00e9rant : sels de magn\u00e9sium d&#039;acides gras (E-470b), extrait sec de son de riz (<em>Oryza sativa L.<\/em>) 90% policosanols, extrait sec de poivre noir BioPerine\u00ae (<em>Piper nigrum L.<\/em>, fruit) 95% pip\u00e9rine, m\u00e9naquinone (vitamine K2 MK-7), chol\u00e9calcif\u00e9rol (vitamine D), capsule (agent d&#039;enrobage : hydroxypropylm\u00e9thylcellulose (E-464)).<\/p>\n<h6>Comment l'Utiliser:<\/h6>\n<p>Prendre 3 capsules au petit-d\u00e9jeuner.<\/p>\n<p><a href=\"https:\/\/marvelousnutrition.com\/wp-content\/uploads\/2025\/11\/hbvc-gadwel-scaled.png\"><img fetchpriority=\"high\" decoding=\"async\" class=\"alignnone size-medium wp-image-6360\" src=\"https:\/\/marvelousnutrition.com\/wp-content\/uploads\/2025\/11\/hbvc-gadwel-300x196.png\" alt=\"\" width=\"300\" height=\"196\" srcset=\"https:\/\/marvelousnutrition.com\/wp-content\/uploads\/2025\/11\/hbvc-gadwel-300x196.png 300w, https:\/\/marvelousnutrition.com\/wp-content\/uploads\/2025\/11\/hbvc-gadwel-1024x670.png 1024w, https:\/\/marvelousnutrition.com\/wp-content\/uploads\/2025\/11\/hbvc-gadwel-768x502.png 768w, https:\/\/marvelousnutrition.com\/wp-content\/uploads\/2025\/11\/hbvc-gadwel-1536x1005.png 1536w, https:\/\/marvelousnutrition.com\/wp-content\/uploads\/2025\/11\/hbvc-gadwel-2048x1339.png 2048w, https:\/\/marvelousnutrition.com\/wp-content\/uploads\/2025\/11\/hbvc-gadwel-18x12.png 18w, https:\/\/marvelousnutrition.com\/wp-content\/uploads\/2025\/11\/hbvc-gadwel-800x523.png 800w\" sizes=\"(max-width: 300px) 100vw, 300px\" \/><\/a><\/p>","protected":false},"excerpt":{"rendered":"<p>HBVC est un compl\u00e9ment alimentaire soigneusement formul\u00e9 pour favoriser la sant\u00e9 et le bien-\u00eatre g\u00e9n\u00e9ral. Sa formule avanc\u00e9e associe des extraits naturels, des vitamines essentielles et des nutriments b\u00e9n\u00e9fiques. Ses principaux ingr\u00e9dients sont\u00a0:<\/p>\n<p>&nbsp;<\/p>\n<p>-Extrait sec de bergamote (Citrus bergamia) pour la sant\u00e9 cardiovasculaire.<\/p>\n<p>-Bisglycinate de magn\u00e9sium pour favoriser la fonction musculaire et r\u00e9duire la fatigue.<\/p>\n<p>-Le resv\u00e9ratrol (98%, issu de Polygonum cuspidatum) comme puissant antioxydant.<\/p>\n<p>-Extrait de soja ferment\u00e9 et levure de riz rouge (riche en monacoline K) pour favoriser la gestion du cholest\u00e9rol.<\/p>\n<p>-Extrait de son de riz (90% Policosanols) pour le m\u00e9tabolisme des lipides.<\/p>\n<p>-Extrait de poivre noir BioPerine\u00ae (pip\u00e9rine 95%) pour am\u00e9liorer l&#039;absorption des nutriments.<\/p>\n<p>-Vitamine K2 (MK-7) et vitamine D3 (chol\u00e9calcif\u00e9rol) pour la sant\u00e9 des os et du c\u0153ur.<\/p>\n<p>Conditionn\u00e9 en capsules v\u00e9g\u00e9tales, HBVC assure une assimilation optimale gr\u00e2ce \u00e0 des excipients naturels et s\u00fbrs tels que la cellulose microcristalline et les sels de magn\u00e9sium d&#039;acides gras. Ce compl\u00e9ment alimentaire est con\u00e7u pour les personnes recherchant une approche holistique de la sant\u00e9.<\/p>","protected":false},"featured_media":5825,"comment_status":"closed","ping_status":"closed","template":"","meta":[],"product_cat":[229,230],"product_tag":[],"class_list":{"0":"post-5712","1":"product","2":"type-product","3":"status-publish","4":"has-post-thumbnail","6":"product_cat-loaded-ingredients","7":"product_cat-organ-support","9":"first","10":"instock","11":"shipping-taxable","12":"purchasable","13":"product-type-simple"},"_links":{"self":[{"href":"https:\/\/marvelousnutrition.com\/fr\/wp-json\/wp\/v2\/product\/5712","targetHints":{"allow":["GET"]}}],"collection":[{"href":"https:\/\/marvelousnutrition.com\/fr\/wp-json\/wp\/v2\/product"}],"about":[{"href":"https:\/\/marvelousnutrition.com\/fr\/wp-json\/wp\/v2\/types\/product"}],"replies":[{"embeddable":true,"href":"https:\/\/marvelousnutrition.com\/fr\/wp-json\/wp\/v2\/comments?post=5712"}],"wp:featuredmedia":[{"embeddable":true,"href":"https:\/\/marvelousnutrition.com\/fr\/wp-json\/wp\/v2\/media\/5825"}],"wp:attachment":[{"href":"https:\/\/marvelousnutrition.com\/fr\/wp-json\/wp\/v2\/media?parent=5712"}],"wp:term":[{"taxonomy":"product_cat","embeddable":true,"href":"https:\/\/marvelousnutrition.com\/fr\/wp-json\/wp\/v2\/product_cat?post=5712"},{"taxonomy":"product_tag","embeddable":true,"href":"https:\/\/marvelousnutrition.com\/fr\/wp-json\/wp\/v2\/product_tag?post=5712"}],"curies":[{"name":"wp","href":"https:\/\/api.w.org\/{rel}","templated":true}]}}