{"id":5711,"date":"2025-11-05T09:26:58","date_gmt":"2025-11-05T09:26:58","guid":{"rendered":"https:\/\/marvelousnutrition.com\/?post_type=product&#038;p=5711"},"modified":"2025-12-28T14:01:26","modified_gmt":"2025-12-28T14:01:26","slug":"dr-strong","status":"publish","type":"product","link":"https:\/\/marvelousnutrition.com\/fr\/produit\/dr-strong\/","title":{"rendered":"Dr Strong"},"content":{"rendered":"<h6>Comment l'Utiliser:<\/h6>\n<p>Prendre 4 capsules avant l&#039;entra\u00eenement.<\/p>\n<h6>Description:<\/h6>\n<p><strong>B\u00eata-ecdyst\u00e9rone<\/strong> est un compos\u00e9 naturel unique et puissant qui d\u00e9veloppe la masse musculaire maigre, br\u00fble les graisses et augmente l&#039;\u00e9nergie. Il poss\u00e8de des propri\u00e9t\u00e9s de construction musculaire similaires aux st\u00e9ro\u00efdes anabolisants, mais avec <strong>Aucun effet secondaire androg\u00e9nique nocif<\/strong>.<\/p>\n<p>Il a \u00e9t\u00e9 d\u00e9montr\u00e9 que la b\u00eata-ecdyst\u00e9rone augmente la masse musculaire maigre, stimule la synth\u00e8se des prot\u00e9ines musculaires, r\u00e9duit la graisse, acc\u00e9l\u00e8re le m\u00e9tabolisme et am\u00e9liore l&#039;\u00e9nergie et l&#039;endurance, le tout sans impact hormonal n\u00e9gatif.<\/p>\n<p>\u2714 Aucun effet secondaire androg\u00e9nique<br \/>\n\u2714 Aucune suppression de la testost\u00e9rone<br \/>\n\u2714 Aucune conversion en \u0153strog\u00e8nes<br \/>\n\u2714 Aucune toxicit\u00e9 h\u00e9patique<br \/>\n\u2714 Aucune th\u00e9rapie post-cycle requise<\/p>\n<h6>Cr\u00e9atine \u2013 Kre-Alkalyn\u00ae :<\/h6>\n<p>Kre-Alkalyn est une cr\u00e9atine brevet\u00e9e \u00e0 pH ajust\u00e9, con\u00e7ue pour correspondre \u00e0 l&#039;acidit\u00e9 de votre syst\u00e8me digestif. Cela permet une stabilit\u00e9 optimale de la cr\u00e9atine et une absorption efficace par votre organisme, sans phase de charge.<br \/>\nKre-Alkalyn est la seule cr\u00e9atine qui <strong>ne se convertit pas en cr\u00e9atinine<\/strong> sous forme liquide, ce qui en fait la forme la plus s\u00fbre et la plus stable disponible.<\/p>\n<h6>C-HMB :<\/h6>\n<p>Le C-HMB contribue \u00e0 diminuer la d\u00e9gradation musculaire tout en augmentant la masse musculaire maigre, am\u00e9liorant ainsi la force, la puissance, l&#039;endurance et favorisant une r\u00e9cup\u00e9ration plus rapide apr\u00e8s l&#039;entra\u00eenement, une blessure ou une maladie.<\/p>\n<h6>AstraGin\u00ae :<\/h6>\n<p>AstraGin\u00ae est un compos\u00e9 naturel brevet\u00e9 100% qui am\u00e9liore l&#039;absorption des nutriments cl\u00e9s tout en favorisant la sant\u00e9 intestinale.<br \/>\nElle augmente l&#039;absorption des acides amin\u00e9s, des vitamines, des min\u00e9raux et des om\u00e9ga-3, ce qui permet \u00e0 chaque ingr\u00e9dient de votre formule d&#039;agir plus efficacement.<\/p>","protected":false},"excerpt":{"rendered":"<p>How to Use: Take 4 capsules before workout. Description: Beta Ecdysterone is a unique and powerful natural compound that builds lean muscle, burns fat, and increases energy. It carries muscle-building properties similar to anabolic steroids, but with NO harmful androgenic side effects. Beta Ecdysterone has been shown to increase lean muscle mass, stimulate muscle protein [&hellip;]<\/p>\n","protected":false},"featured_media":5863,"comment_status":"closed","ping_status":"closed","template":"","meta":[],"product_cat":[204],"product_tag":[],"class_list":{"0":"post-5711","1":"product","2":"type-product","3":"status-publish","4":"has-post-thumbnail","6":"product_cat-fat-burners-and-diuretics","8":"first","9":"outofstock","10":"shipping-taxable","11":"purchasable","12":"product-type-simple"},"_links":{"self":[{"href":"https:\/\/marvelousnutrition.com\/fr\/wp-json\/wp\/v2\/product\/5711","targetHints":{"allow":["GET"]}}],"collection":[{"href":"https:\/\/marvelousnutrition.com\/fr\/wp-json\/wp\/v2\/product"}],"about":[{"href":"https:\/\/marvelousnutrition.com\/fr\/wp-json\/wp\/v2\/types\/product"}],"replies":[{"embeddable":true,"href":"https:\/\/marvelousnutrition.com\/fr\/wp-json\/wp\/v2\/comments?post=5711"}],"wp:featuredmedia":[{"embeddable":true,"href":"https:\/\/marvelousnutrition.com\/fr\/wp-json\/wp\/v2\/media\/5863"}],"wp:attachment":[{"href":"https:\/\/marvelousnutrition.com\/fr\/wp-json\/wp\/v2\/media?parent=5711"}],"wp:term":[{"taxonomy":"product_cat","embeddable":true,"href":"https:\/\/marvelousnutrition.com\/fr\/wp-json\/wp\/v2\/product_cat?post=5711"},{"taxonomy":"product_tag","embeddable":true,"href":"https:\/\/marvelousnutrition.com\/fr\/wp-json\/wp\/v2\/product_tag?post=5711"}],"curies":[{"name":"wp","href":"https:\/\/api.w.org\/{rel}","templated":true}]}}