{"id":5710,"date":"2025-11-05T09:26:58","date_gmt":"2025-11-05T09:26:58","guid":{"rendered":"https:\/\/marvelousnutrition.com\/?post_type=product&#038;p=5710"},"modified":"2026-03-15T23:47:19","modified_gmt":"2026-03-15T23:47:19","slug":"calibration","status":"publish","type":"product","link":"https:\/\/marvelousnutrition.com\/fr\/produit\/etalonnage\/","title":{"rendered":"\u00c9talonnage"},"content":{"rendered":"<h6>Ingr\u00e9dients:<\/h6>\n<p>extrait sec d&#039;astragale (<em>Astragale membraneux<\/em>, racine), extrait sec de chardon-Marie (<em>Silybum marianum<\/em> (L.) Gaertn., graine) 80% silymarine et 30% silybine, Agent de charge : cellulose microcristalline (E-460i), extrait sec de Cordyceps (<em>Cordyceps sinensis<\/em>, myc\u00e9lium), N-ac\u00e9tylcyst\u00e9ine, L-glutathion r\u00e9duit, extrait sec de pin (<em>Pinus pinaster<\/em>, \u00e9corce) 95% proanthocyanidines, extrait sec de Polygonum (<em>Polygonum cuspidatum<\/em>, racine) 98% resv\u00e9ratrol, Agent antiagglom\u00e9rant : sels de magn\u00e9sium d&#039;acides gras (E-470b), Capsule (agent d&#039;enrobage : hydroxypropylm\u00e9thylcellulose (E-464)).<\/p>\n<h6>Comment l'Utiliser:<\/h6>\n<p>En tant que compl\u00e9ment alimentaire, prendre 3 capsules par jour au cours d&#039;un repas.<\/p>\n<p><a href=\"https:\/\/marvelousnutrition.com\/wp-content\/uploads\/2025\/11\/calibration-black-gadwel-scaled.png\"><img decoding=\"async\" class=\"alignnone size-medium wp-image-6359\" src=\"https:\/\/marvelousnutrition.com\/wp-content\/uploads\/2025\/11\/calibration-black-gadwel-300x160.png\" alt=\"\" width=\"300\" height=\"160\" srcset=\"https:\/\/marvelousnutrition.com\/wp-content\/uploads\/2025\/11\/calibration-black-gadwel-300x160.png 300w, https:\/\/marvelousnutrition.com\/wp-content\/uploads\/2025\/11\/calibration-black-gadwel-1024x544.png 1024w, https:\/\/marvelousnutrition.com\/wp-content\/uploads\/2025\/11\/calibration-black-gadwel-768x408.png 768w, https:\/\/marvelousnutrition.com\/wp-content\/uploads\/2025\/11\/calibration-black-gadwel-1536x817.png 1536w, https:\/\/marvelousnutrition.com\/wp-content\/uploads\/2025\/11\/calibration-black-gadwel-2048x1089.png 2048w, https:\/\/marvelousnutrition.com\/wp-content\/uploads\/2025\/11\/calibration-black-gadwel-18x10.png 18w, https:\/\/marvelousnutrition.com\/wp-content\/uploads\/2025\/11\/calibration-black-gadwel-800x425.png 800w\" sizes=\"(max-width: 300px) 100vw, 300px\" \/><\/a><\/p>","protected":false},"excerpt":{"rendered":"<p>Calibrez vos organes, faites-leur retrouver leur \u00e9tat neuf pour une performance maximale. .<\/p>\n<p>Notre formule contient des ingr\u00e9dients de la plus haute qualit\u00e9 pour vous aider \u00e0 prot\u00e9ger vos organes contre les effets secondaires des anabolisants, des m\u00e9dicaments, de la pollution, de l&#039;alcool et du stress quotidien.<\/p>\n<p>Au fil des ann\u00e9es, notre corps est expos\u00e9 \u00e0 des toxines qui provoquent une inflammation des cellules et, par cons\u00e9quent, nos organes peuvent ne plus remplir leur fonction, ce qui peut entra\u00eener un risque \u00e9lev\u00e9 d&#039;insuffisance organique.<\/p>\n<p>Calibration a \u00e9t\u00e9 con\u00e7u comme votre compl\u00e9ment quotidien pour vous prot\u00e9ger et maintenir le bon fonctionnement de vos organes. .<\/p>\n<h6>Qui devrait utiliser l&#039;\u00e9talonnage\u00a0?<\/h6>\n<p>Ce produit est d\u00e9conseill\u00e9 aux culturistes qui soumettent leur corps \u00e0 un stress intense pendant la pr\u00e9paration \u00e0 une comp\u00e9tition ou en p\u00e9riode de repos. Il est \u00e9galement d\u00e9conseill\u00e9 aux personnes prenant des st\u00e9ro\u00efdes anabolisants, des analg\u00e9siques ou consommant de l&#039;alcool en exc\u00e8s.<\/p>","protected":false},"featured_media":5869,"comment_status":"closed","ping_status":"closed","template":"","meta":[],"product_cat":[229,230],"product_tag":[],"class_list":{"0":"post-5710","1":"product","2":"type-product","3":"status-publish","4":"has-post-thumbnail","6":"product_cat-loaded-ingredients","7":"product_cat-organ-support","9":"first","10":"instock","11":"shipping-taxable","12":"purchasable","13":"product-type-simple"},"_links":{"self":[{"href":"https:\/\/marvelousnutrition.com\/fr\/wp-json\/wp\/v2\/product\/5710","targetHints":{"allow":["GET"]}}],"collection":[{"href":"https:\/\/marvelousnutrition.com\/fr\/wp-json\/wp\/v2\/product"}],"about":[{"href":"https:\/\/marvelousnutrition.com\/fr\/wp-json\/wp\/v2\/types\/product"}],"replies":[{"embeddable":true,"href":"https:\/\/marvelousnutrition.com\/fr\/wp-json\/wp\/v2\/comments?post=5710"}],"wp:featuredmedia":[{"embeddable":true,"href":"https:\/\/marvelousnutrition.com\/fr\/wp-json\/wp\/v2\/media\/5869"}],"wp:attachment":[{"href":"https:\/\/marvelousnutrition.com\/fr\/wp-json\/wp\/v2\/media?parent=5710"}],"wp:term":[{"taxonomy":"product_cat","embeddable":true,"href":"https:\/\/marvelousnutrition.com\/fr\/wp-json\/wp\/v2\/product_cat?post=5710"},{"taxonomy":"product_tag","embeddable":true,"href":"https:\/\/marvelousnutrition.com\/fr\/wp-json\/wp\/v2\/product_tag?post=5710"}],"curies":[{"name":"wp","href":"https:\/\/api.w.org\/{rel}","templated":true}]}}