{"id":5709,"date":"2025-11-05T09:26:58","date_gmt":"2025-11-05T09:26:58","guid":{"rendered":"https:\/\/marvelousnutrition.com\/?post_type=product&#038;p=5709"},"modified":"2025-12-28T14:00:24","modified_gmt":"2025-12-28T14:00:24","slug":"organics","status":"publish","type":"product","link":"https:\/\/marvelousnutrition.com\/fr\/produit\/produits-biologiques\/","title":{"rendered":"Produits biologiques"},"content":{"rendered":"<h6>Comment l'Utiliser:<\/h6>\n<p>Prendre 15 g au petit-d\u00e9jeuner.<\/p>\n<h6>Description:<\/h6>\n<p>Organics est un superaliment compos\u00e9 d&#039;un complexe de l\u00e9gumes verts, de fibres et de prot\u00e9ines rouges, offrant tous les bienfaits des aliments v\u00e9g\u00e9taux complets, et bien plus encore, pour vous accompagner dans votre mode de vie actif. Organics est con\u00e7u pour soutenir le syst\u00e8me antioxydant, la digestion et le syst\u00e8me immunitaire, tout en fournissant une source naturelle de vitamines.<\/p>\n<h6>Avantages du produit\u00a0:<\/h6>\n<ul>\n<li>Nutriments anti-\u00e2ge<\/li>\n<li>Renforce le syst\u00e8me immunitaire<\/li>\n<li>Antioxydants d\u00e9toxifiants<\/li>\n<li>Soutient la fonction digestive<\/li>\n<\/ul>\n<h6>Ingr\u00e9dients:<\/h6>\n<p>Polydextrose, inuline, poudre d&#039;herbe de bl\u00e9 (Triticum aestivum L., feuille), poudre d&#039;herbe d&#039;orge (Hordeum vulgare L., herbe), carotte en poudre, citrouille en poudre, betterave en poudre, jus de pamplemousse en poudre, jus de mandarine en poudre, chlorelle biologique en poudre, c\u00e9leri en poudre, orange en poudre, pomme en poudre, jus de grenade en poudre, ar\u00f4me, spiruline biologique en poudre, \u00e9pinards en poudre, aubergine en poudre, haricot vert en poudre, courgette en poudre, extrait sec d&#039;\u00e9glantier (Rosa canina L., fruit), extrait sec d&#039;orange (Citrus sinensis (L.) Osbeck, fruit) valoris\u00e9 pour ses bioflavono\u00efdes d&#039;agrumes, extrait sec de maca (Lepidium meyenii, racine), extrait sec de ginseng (Panax ginseng CAMey., feuilles), a\u00e7a\u00ef biologique en poudre, chou fris\u00e9 en poudre et brocoli en poudre.<\/p>\n<h6>Informations nutritionnelles :<\/h6>\n<table style=\"width: 100%; border-collapse: collapse; background-color: #f0f0f0; color: #333; border: 1px solid #ccc;\">\n<tbody>\n<tr>\n<td style=\"text-align: center; font-weight: bold; padding: 8px;\" colspan=\"3\">Portions par contenant : 14<\/td>\n<\/tr>\n<tr>\n<td style=\"text-align: center; font-weight: bold; padding: 8px;\" colspan=\"3\">Portion : 15 g<\/td>\n<\/tr>\n<tr style=\"background-color: #d9d9d9; font-weight: bold;\">\n<th style=\"padding: 8px; border: 1px solid #ccc;\">Ingr\u00e9dients<\/th>\n<th style=\"padding: 8px; border: 1px solid #ccc;\">Quantit\u00e9 par dose<\/th>\n<th style=\"padding: 8px; border: 1px solid #ccc;\">NRV<\/th>\n<\/tr>\n<tr>\n<td style=\"padding: 8px; border: 1px solid #ccc;\">Inuline<\/td>\n<td style=\"padding: 8px; border: 1px solid #ccc;\">2 g<\/td>\n<td style=\"padding: 8px; border: 1px solid #ccc;\">\u2013<\/td>\n<\/tr>\n<tr>\n<td style=\"padding: 8px; border: 1px solid #ccc;\">Poudre d&#039;herbe de bl\u00e9<\/td>\n<td style=\"padding: 8px; border: 1px solid #ccc;\">1,5 g<\/td>\n<td style=\"padding: 8px; border: 1px solid #ccc;\">\u2013<\/td>\n<\/tr>\n<tr>\n<td style=\"padding: 8px; border: 1px solid #ccc;\">Poudre d&#039;herbe d&#039;orge<\/td>\n<td style=\"padding: 8px; border: 1px solid #ccc;\">1,5 g<\/td>\n<td style=\"padding: 8px; border: 1px solid #ccc;\">\u2013<\/td>\n<\/tr>\n<tr>\n<td style=\"padding: 8px; border: 1px solid #ccc;\">Carotte en poudre<\/td>\n<td style=\"padding: 8px; border: 1px solid #ccc;\">600 mg<\/td>\n<td style=\"padding: 8px; border: 1px solid #ccc;\">\u2013<\/td>\n<\/tr>\n<tr>\n<td style=\"padding: 8px; border: 1px solid #ccc;\">Citrouille en poudre<\/td>\n<td style=\"padding: 8px; border: 1px solid #ccc;\">600 mg<\/td>\n<td style=\"padding: 8px; border: 1px solid #ccc;\">\u2013<\/td>\n<\/tr>\n<tr>\n<td style=\"padding: 8px; border: 1px solid #ccc;\">Betterave en poudre<\/td>\n<td style=\"padding: 8px; border: 1px solid #ccc;\">600 mg<\/td>\n<td style=\"padding: 8px; border: 1px solid #ccc;\">\u2013<\/td>\n<\/tr>\n<tr>\n<td style=\"padding: 8px; border: 1px solid #ccc;\">Chlorelle biologique en poudre<\/td>\n<td style=\"padding: 8px; border: 1px solid #ccc;\">500 mg<\/td>\n<td style=\"padding: 8px; border: 1px solid #ccc;\">\u2013<\/td>\n<\/tr>\n<tr>\n<td style=\"padding: 8px; border: 1px solid #ccc;\">C\u00e9leri en poudre<\/td>\n<td style=\"padding: 8px; border: 1px solid #ccc;\">500 mg<\/td>\n<td style=\"padding: 8px; border: 1px solid #ccc;\">\u2013<\/td>\n<\/tr>\n<tr>\n<td style=\"padding: 8px; border: 1px solid #ccc;\">Pomme en poudre<\/td>\n<td style=\"padding: 8px; border: 1px solid #ccc;\">450 mg<\/td>\n<td style=\"padding: 8px; border: 1px solid #ccc;\">\u2013<\/td>\n<\/tr>\n<tr>\n<td style=\"padding: 8px; border: 1px solid #ccc;\">Orange en poudre<\/td>\n<td style=\"padding: 8px; border: 1px solid #ccc;\">400 mg<\/td>\n<td style=\"padding: 8px; border: 1px solid #ccc;\">\u2013<\/td>\n<\/tr>\n<tr>\n<td style=\"padding: 8px; border: 1px solid #ccc;\">Spiruline biologique en poudre<\/td>\n<td style=\"padding: 8px; border: 1px solid #ccc;\">250 mg<\/td>\n<td style=\"padding: 8px; border: 1px solid #ccc;\">\u2013<\/td>\n<\/tr>\n<tr>\n<td style=\"padding: 8px; border: 1px solid #ccc;\">\u00c9pinards en poudre<\/td>\n<td style=\"padding: 8px; border: 1px solid #ccc;\">250 mg<\/td>\n<td style=\"padding: 8px; border: 1px solid #ccc;\">\u2013<\/td>\n<\/tr>\n<tr>\n<td style=\"padding: 8px; border: 1px solid #ccc;\">Aubergine en poudre<\/td>\n<td style=\"padding: 8px; border: 1px solid #ccc;\">250 mg<\/td>\n<td style=\"padding: 8px; border: 1px solid #ccc;\">\u2013<\/td>\n<\/tr>\n<tr>\n<td style=\"padding: 8px; border: 1px solid #ccc;\">Poudre de haricots verts<\/td>\n<td style=\"padding: 8px; border: 1px solid #ccc;\">250 mg<\/td>\n<td style=\"padding: 8px; border: 1px solid #ccc;\">\u2013<\/td>\n<\/tr>\n<tr>\n<td style=\"padding: 8px; border: 1px solid #ccc;\">Courgettes en poudre<\/td>\n<td style=\"padding: 8px; border: 1px solid #ccc;\">250 mg<\/td>\n<td style=\"padding: 8px; border: 1px solid #ccc;\">\u2013<\/td>\n<\/tr>\n<tr>\n<td style=\"padding: 8px; border: 1px solid #ccc;\">jus de pamplemousse en poudre<\/td>\n<td style=\"padding: 8px; border: 1px solid #ccc;\">250 mg<\/td>\n<td style=\"padding: 8px; border: 1px solid #ccc;\">\u2013<\/td>\n<\/tr>\n<tr>\n<td style=\"padding: 8px; border: 1px solid #ccc;\">Jus de mandarine en poudre<\/td>\n<td style=\"padding: 8px; border: 1px solid #ccc;\">250 mg<\/td>\n<td style=\"padding: 8px; border: 1px solid #ccc;\">\u2013<\/td>\n<\/tr>\n<tr>\n<td style=\"padding: 8px; border: 1px solid #ccc;\">Extrait sec de rose musqu\u00e9e<\/td>\n<td style=\"padding: 8px; border: 1px solid #ccc;\">250 mg<\/td>\n<td style=\"padding: 8px; border: 1px solid #ccc;\">\u2013<\/td>\n<\/tr>\n<tr>\n<td style=\"padding: 8px; border: 1px solid #ccc;\">Extrait sec d&#039;orange<\/td>\n<td style=\"padding: 8px; border: 1px solid #ccc;\">250 mg<\/td>\n<td style=\"padding: 8px; border: 1px solid #ccc;\">\u2013<\/td>\n<\/tr>\n<tr>\n<td style=\"padding: 8px; border: 1px solid #ccc;\">Jus de grenade en poudre<\/td>\n<td style=\"padding: 8px; border: 1px solid #ccc;\">150 mg<\/td>\n<td style=\"padding: 8px; border: 1px solid #ccc;\">\u2013<\/td>\n<\/tr>\n<tr>\n<td style=\"padding: 8px; border: 1px solid #ccc;\">Extrait sec de maca<\/td>\n<td style=\"padding: 8px; border: 1px solid #ccc;\">150 mg<\/td>\n<td style=\"padding: 8px; border: 1px solid #ccc;\">\u2013<\/td>\n<\/tr>\n<tr>\n<td style=\"padding: 8px; border: 1px solid #ccc;\">Extrait sec de ginseng<\/td>\n<td style=\"padding: 8px; border: 1px solid #ccc;\">150 mg<\/td>\n<td style=\"padding: 8px; border: 1px solid #ccc;\">\u2013<\/td>\n<\/tr>\n<tr>\n<td style=\"padding: 8px; border: 1px solid #ccc;\">A\u00e7a\u00ef biologique en poudre<\/td>\n<td style=\"padding: 8px; border: 1px solid #ccc;\">50 mg<\/td>\n<td style=\"padding: 8px; border: 1px solid #ccc;\">\u2013<\/td>\n<\/tr>\n<tr>\n<td style=\"padding: 8px; border: 1px solid #ccc;\">Chou fris\u00e9 en poudre<\/td>\n<td style=\"padding: 8px; border: 1px solid #ccc;\">15 mg<\/td>\n<td style=\"padding: 8px; border: 1px solid #ccc;\">\u2013<\/td>\n<\/tr>\n<tr>\n<td style=\"padding: 8px; border: 1px solid #ccc;\">Brocoli en poudre<\/td>\n<td style=\"padding: 8px; border: 1px solid #ccc;\">15 mg<\/td>\n<td style=\"padding: 8px; border: 1px solid #ccc;\">\u2013<\/td>\n<\/tr>\n<\/tbody>\n<\/table>","protected":false},"excerpt":{"rendered":"<p>Organics est un superaliment compos\u00e9 d&#039;un complexe de l\u00e9gumes verts, de fibres et de l\u00e9gumes rouges, offrant tous les bienfaits des aliments v\u00e9g\u00e9taux complets, et bien plus encore, pour vous accompagner dans votre mode de vie actif. Organics est con\u00e7u pour soutenir le syst\u00e8me antioxydant, la digestion et le syst\u00e8me immunitaire, et contribue \u00e0 fournir \u00e0 l&#039;organisme une source naturelle de vitamines.<\/p>","protected":false},"featured_media":5846,"comment_status":"closed","ping_status":"closed","template":"","meta":[],"product_cat":[111],"product_tag":[],"class_list":{"0":"post-5709","1":"product","2":"type-product","3":"status-publish","4":"has-post-thumbnail","6":"product_cat-muscle-growth","8":"first","9":"instock","10":"shipping-taxable","11":"purchasable","12":"product-type-variable"},"_links":{"self":[{"href":"https:\/\/marvelousnutrition.com\/fr\/wp-json\/wp\/v2\/product\/5709","targetHints":{"allow":["GET"]}}],"collection":[{"href":"https:\/\/marvelousnutrition.com\/fr\/wp-json\/wp\/v2\/product"}],"about":[{"href":"https:\/\/marvelousnutrition.com\/fr\/wp-json\/wp\/v2\/types\/product"}],"replies":[{"embeddable":true,"href":"https:\/\/marvelousnutrition.com\/fr\/wp-json\/wp\/v2\/comments?post=5709"}],"wp:featuredmedia":[{"embeddable":true,"href":"https:\/\/marvelousnutrition.com\/fr\/wp-json\/wp\/v2\/media\/5846"}],"wp:attachment":[{"href":"https:\/\/marvelousnutrition.com\/fr\/wp-json\/wp\/v2\/media?parent=5709"}],"wp:term":[{"taxonomy":"product_cat","embeddable":true,"href":"https:\/\/marvelousnutrition.com\/fr\/wp-json\/wp\/v2\/product_cat?post=5709"},{"taxonomy":"product_tag","embeddable":true,"href":"https:\/\/marvelousnutrition.com\/fr\/wp-json\/wp\/v2\/product_tag?post=5709"}],"curies":[{"name":"wp","href":"https:\/\/api.w.org\/{rel}","templated":true}]}}