{"id":5708,"date":"2025-11-05T09:26:58","date_gmt":"2025-11-05T09:26:58","guid":{"rendered":"https:\/\/marvelousnutrition.com\/?post_type=product&#038;p=5708"},"modified":"2025-11-07T10:22:16","modified_gmt":"2025-11-07T10:22:16","slug":"collagen","status":"publish","type":"product","link":"https:\/\/marvelousnutrition.com\/fr\/produit\/collagene\/","title":{"rendered":"collag\u00e8ne"},"content":{"rendered":"<h6>Comment l'Utiliser:<\/h6>\n<p>Prenez 11 g au petit-d\u00e9jeuner.<\/p>\n<h6>Description:<\/h6>\n<p><strong>collag\u00e8ne<\/strong> Le collag\u00e8ne est une prot\u00e9ine essentielle qui conf\u00e8re structure, force et souplesse \u00e0 notre corps. Il soutient le mouvement, prot\u00e8ge les articulations et assure la liaison des tissus, nous permettant ainsi de rester actifs et r\u00e9sistants. Le collag\u00e8ne est la prot\u00e9ine la plus abondante du corps humain.<\/p>\n<h6>Le collag\u00e8ne constitue 75% de notre peau et\u00a0:<\/h6>\n<ul>\n<li><strong>Fournit une structure et un soutien<\/strong><\/li>\n<li><strong>Maintient l&#039;\u00e9lasticit\u00e9<\/strong><\/li>\n<li><strong>Hydrate en attirant l&#039;acide hyaluronique<\/strong><\/li>\n<\/ul>\n<p>Avec l&#039;\u00e2ge, la synth\u00e8se du collag\u00e8ne ralentit et sa qualit\u00e9 diminue, ce qui entra\u00eene un amincissement, une d\u00e9shydratation et une perte de fermet\u00e9 de la peau.<\/p>\n<p><strong>R\u00e9sultat:<\/strong> signes visibles du vieillissement tels que les rides, le rel\u00e2chement cutan\u00e9 et le teint terne.<\/p>","protected":false},"excerpt":{"rendered":"<p>Le collag\u00e8ne est une prot\u00e9ine. Il conf\u00e8re \u00e0 notre corps la structure, la force et la souplesse n\u00e9cessaires \u00e0 nos mouvements quotidiens. Il nous permet de voyager, de bouger librement, de sauter ou de tomber sans nous blesser. Il prot\u00e8ge et relie les diff\u00e9rentes parties de notre corps, nous permettant ainsi de rester debout. Le collag\u00e8ne est la prot\u00e9ine la plus importante et la plus abondante de notre organisme.<\/p>","protected":false},"featured_media":5814,"comment_status":"closed","ping_status":"closed","template":"","meta":[],"product_cat":[228],"product_tag":[],"class_list":{"0":"post-5708","1":"product","2":"type-product","3":"status-publish","4":"has-post-thumbnail","6":"product_cat-old-school","8":"first","9":"outofstock","10":"shipping-taxable","11":"product-type-simple"},"_links":{"self":[{"href":"https:\/\/marvelousnutrition.com\/fr\/wp-json\/wp\/v2\/product\/5708","targetHints":{"allow":["GET"]}}],"collection":[{"href":"https:\/\/marvelousnutrition.com\/fr\/wp-json\/wp\/v2\/product"}],"about":[{"href":"https:\/\/marvelousnutrition.com\/fr\/wp-json\/wp\/v2\/types\/product"}],"replies":[{"embeddable":true,"href":"https:\/\/marvelousnutrition.com\/fr\/wp-json\/wp\/v2\/comments?post=5708"}],"wp:featuredmedia":[{"embeddable":true,"href":"https:\/\/marvelousnutrition.com\/fr\/wp-json\/wp\/v2\/media\/5814"}],"wp:attachment":[{"href":"https:\/\/marvelousnutrition.com\/fr\/wp-json\/wp\/v2\/media?parent=5708"}],"wp:term":[{"taxonomy":"product_cat","embeddable":true,"href":"https:\/\/marvelousnutrition.com\/fr\/wp-json\/wp\/v2\/product_cat?post=5708"},{"taxonomy":"product_tag","embeddable":true,"href":"https:\/\/marvelousnutrition.com\/fr\/wp-json\/wp\/v2\/product_tag?post=5708"}],"curies":[{"name":"wp","href":"https:\/\/api.w.org\/{rel}","templated":true}]}}