{"id":5707,"date":"2025-11-05T09:26:58","date_gmt":"2025-11-05T09:26:58","guid":{"rendered":"https:\/\/marvelousnutrition.com\/?post_type=product&#038;p=5707"},"modified":"2025-12-31T10:52:59","modified_gmt":"2025-12-31T10:52:59","slug":"hyper-trophy","status":"publish","type":"product","link":"https:\/\/marvelousnutrition.com\/fr\/produit\/hypertrophie\/","title":{"rendered":"Hyper Troph\u00e9e"},"content":{"rendered":"<h6>Comment l'Utiliser:<\/h6>\n<p>M\u00e9langer 1 cuill\u00e8re (30 g) avec 300 \u00e0 400 ml d'eau froide et agiter vigoureusement. Prendre une dose imm\u00e9diatement apr\u00e8s l'entra\u00eenement ou \u00e0 tout moment que vous d\u00e9sirez.<\/p>\n<h6>Description:<\/h6>\n<p>Hyper Trophy Protein Isolate Blend est une prot\u00e9ine de lactos\u00e9rum \u00e0 action rapide et d\u00e9licieuse, id\u00e9ale pour enrichir votre entra\u00eenement quotidien en prot\u00e9ines favorisant la construction musculaire. La prot\u00e9ine de lactos\u00e9rum Hyper Trophy poss\u00e8de une valeur biologique \u00e9lev\u00e9e et un profil d&#039;acides amin\u00e9s optimal qui stimule la synth\u00e8se prot\u00e9ique, soutient la croissance musculaire s\u00e8che, acc\u00e9l\u00e8re le m\u00e9tabolisme et am\u00e9liore la r\u00e9cup\u00e9ration. Hyper Trophy ne contient aucun m\u00e9lange exclusif.<\/p>\n<p>Le m\u00e9lange Hyper Trophy est compos\u00e9 de :<\/p>\n<ul>\n<li>Isolat de prot\u00e9ines de lactos\u00e9rum 100<\/li>\n<li>Isolat de prot\u00e9ines de lait 90 (isolat de cas\u00e9ine)<\/li>\n<li>Concentr\u00e9 de prot\u00e9ines de lactos\u00e9rum 85<\/li>\n<\/ul>\n<h6>Ingr\u00e9dients:<\/h6>\n<p>Isolat de prot\u00e9ines de lait, isolat de prot\u00e9ines de lactos\u00e9rum, concentr\u00e9 de prot\u00e9ines de lactos\u00e9rum, L-glycine, cacao en poudre faible en gras, ar\u00f4me, \u00e9paississants (gomme de guar, gomme xanthane), chlorure de sodium, \u00e9dulcorant (sucralose E955).<\/p>\n<h6>Informations nutritionnelles :<\/h6>\n<table style=\"width: 100%; border-collapse: collapse; background-color: #f0f0f0; color: #333; border: 1px solid #ccc;\">\n<tbody>\n<tr>\n<td style=\"text-align: center; font-weight: bold; padding: 8px;\" colspan=\"2\">Portions par contenant : 33<\/td>\n<\/tr>\n<tr>\n<td style=\"text-align: center; font-weight: bold; padding: 8px;\" colspan=\"2\">Portion : 30 g<\/td>\n<\/tr>\n<tr style=\"background-color: #d9d9d9; font-weight: bold;\">\n<th style=\"padding: 8px; border: 1px solid #ccc;\">Nutritif<\/th>\n<th style=\"padding: 8px; border: 1px solid #ccc;\">Quantit\u00e9 pour 30 g<\/th>\n<\/tr>\n<tr>\n<td style=\"padding: 8px; border: 1px solid #ccc;\">Valeur \u00e9nerg\u00e9tique<\/td>\n<td style=\"padding: 8px; border: 1px solid #ccc;\">114,80 kcal<\/td>\n<\/tr>\n<tr>\n<td style=\"padding: 8px; border: 1px solid #ccc;\">Mati\u00e8res grasses \u2013 dont acides gras satur\u00e9s<\/td>\n<td style=\"padding: 8px; border: 1px solid #ccc;\">1,16 g, 0,69 g<\/td>\n<\/tr>\n<tr>\n<td style=\"padding: 8px; border: 1px solid #ccc;\">Glucides \u2013 dont sucres<\/td>\n<td style=\"padding: 8px; border: 1px solid #ccc;\">1,41 g, 0,91 g<\/td>\n<\/tr>\n<tr>\n<td style=\"padding: 8px; border: 1px solid #ccc;\">Prot\u00e9ine<\/td>\n<td style=\"padding: 8px; border: 1px solid #ccc;\">24,36 g<\/td>\n<\/tr>\n<tr>\n<td style=\"padding: 8px; border: 1px solid #ccc;\">Fibres alimentaires<\/td>\n<td style=\"padding: 8px; border: 1px solid #ccc;\">0,64 g<\/td>\n<\/tr>\n<tr>\n<td style=\"padding: 8px; border: 1px solid #ccc;\">Sel<\/td>\n<td style=\"padding: 8px; border: 1px solid #ccc;\">0,32 g<\/td>\n<\/tr>\n<\/tbody>\n<\/table>\n<h6>Acides amin\u00e9s pour 100 g :<\/h6>\n<table style=\"width: 100%; border-collapse: collapse; background-color: #f9f9f9; color: #333; border: 1px solid #ccc;\">\n<tbody>\n<tr style=\"background-color: #d9d9d9; font-weight: bold;\">\n<th style=\"padding: 8px; border: 1px solid #ccc;\">Acide amin\u00e9<\/th>\n<th style=\"padding: 8px; border: 1px solid #ccc;\">Montant<\/th>\n<th style=\"padding: 8px; border: 1px solid #ccc;\">Acide amin\u00e9<\/th>\n<th style=\"padding: 8px; border: 1px solid #ccc;\">Montant<\/th>\n<th style=\"padding: 8px; border: 1px solid #ccc;\">Acide amin\u00e9<\/th>\n<th style=\"padding: 8px; border: 1px solid #ccc;\">Montant<\/th>\n<\/tr>\n<tr>\n<td style=\"padding: 8px; border: 1px solid #ccc;\">Alanine<\/td>\n<td style=\"padding: 8px; border: 1px solid #ccc;\">4,3 g<\/td>\n<td style=\"padding: 8px; border: 1px solid #ccc;\">Glycine<\/td>\n<td style=\"padding: 8px; border: 1px solid #ccc;\">8,34 g<\/td>\n<td style=\"padding: 8px; border: 1px solid #ccc;\">Lysine<\/td>\n<td style=\"padding: 8px; border: 1px solid #ccc;\">9,08 g<\/td>\n<\/tr>\n<tr>\n<td style=\"padding: 8px; border: 1px solid #ccc;\">L'Arginine<\/td>\n<td style=\"padding: 8px; border: 1px solid #ccc;\">3,06 g<\/td>\n<td style=\"padding: 8px; border: 1px solid #ccc;\">Histidine<\/td>\n<td style=\"padding: 8px; border: 1px solid #ccc;\">2,28 g<\/td>\n<td style=\"padding: 8px; border: 1px solid #ccc;\">M\u00e9thionine<\/td>\n<td style=\"padding: 8px; border: 1px solid #ccc;\">2,6 g<\/td>\n<\/tr>\n<tr>\n<td style=\"padding: 8px; border: 1px solid #ccc;\">acide aspartique<\/td>\n<td style=\"padding: 8px; border: 1px solid #ccc;\">9,5 g<\/td>\n<td style=\"padding: 8px; border: 1px solid #ccc;\">Iso-leucine<\/td>\n<td style=\"padding: 8px; border: 1px solid #ccc;\">5,84 g<\/td>\n<td style=\"padding: 8px; border: 1px solid #ccc;\">Ph\u00e9nylalanine<\/td>\n<td style=\"padding: 8px; border: 1px solid #ccc;\">4,15 g<\/td>\n<\/tr>\n<tr>\n<td style=\"padding: 8px; border: 1px solid #ccc;\">Cyst\u00e9ine<\/td>\n<td style=\"padding: 8px; border: 1px solid #ccc;\">1,25 g<\/td>\n<td style=\"padding: 8px; border: 1px solid #ccc;\">Valine<\/td>\n<td style=\"padding: 8px; border: 1px solid #ccc;\">6,43 g<\/td>\n<td style=\"padding: 8px; border: 1px solid #ccc;\">Proline<\/td>\n<td style=\"padding: 8px; border: 1px solid #ccc;\">8,24 g<\/td>\n<\/tr>\n<tr>\n<td style=\"padding: 8px; border: 1px solid #ccc;\">Acide glutamique<\/td>\n<td style=\"padding: 8px; border: 1px solid #ccc;\">20,5 g<\/td>\n<td style=\"padding: 8px; border: 1px solid #ccc;\">Leucine<\/td>\n<td style=\"padding: 8px; border: 1px solid #ccc;\">10,35 g<\/td>\n<td style=\"padding: 8px; border: 1px solid #ccc;\">S\u00e9rine<\/td>\n<td style=\"padding: 8px; border: 1px solid #ccc;\">5,75 g<\/td>\n<\/tr>\n<tr>\n<td style=\"padding: 8px; border: 1px solid #ccc;\">Thr\u00e9onine<\/td>\n<td style=\"padding: 8px; border: 1px solid #ccc;\">6,07 g<\/td>\n<td style=\"padding: 8px; border: 1px solid #ccc;\">Tryptophane<\/td>\n<td style=\"padding: 8px; border: 1px solid #ccc;\">1,59 g<\/td>\n<td style=\"padding: 8px; border: 1px solid #ccc;\">Tyrosine<\/td>\n<td style=\"padding: 8px; border: 1px solid #ccc;\">4,2 g<\/td>\n<\/tr>\n<\/tbody>\n<\/table>","protected":false},"excerpt":{"rendered":"<p>Le m\u00e9lange d&#039;isolat de prot\u00e9ines Hyper Trophy offre une whey \u00e0 action rapide et d\u00e9licieuse pour un apport suppl\u00e9mentaire en prot\u00e9ines favorisant la construction musculaire lors de vos entra\u00eenements quotidiens. La whey Hyper Trophy, gr\u00e2ce \u00e0 sa haute valeur biologique et son profil d&#039;acides amin\u00e9s, stimule la synth\u00e8se prot\u00e9ique, soutient la croissance musculaire maigre, acc\u00e9l\u00e8re le m\u00e9tabolisme et am\u00e9liore la r\u00e9cup\u00e9ration.<\/p>","protected":false},"featured_media":5838,"comment_status":"closed","ping_status":"closed","template":"","meta":[],"product_cat":[229,200],"product_tag":[],"class_list":{"0":"post-5707","1":"product","2":"type-product","3":"status-publish","4":"has-post-thumbnail","6":"product_cat-loaded-ingredients","7":"product_cat-protein-and-eaa","9":"first","10":"outofstock","11":"shipping-taxable","12":"purchasable","13":"product-type-variable"},"_links":{"self":[{"href":"https:\/\/marvelousnutrition.com\/fr\/wp-json\/wp\/v2\/product\/5707","targetHints":{"allow":["GET"]}}],"collection":[{"href":"https:\/\/marvelousnutrition.com\/fr\/wp-json\/wp\/v2\/product"}],"about":[{"href":"https:\/\/marvelousnutrition.com\/fr\/wp-json\/wp\/v2\/types\/product"}],"replies":[{"embeddable":true,"href":"https:\/\/marvelousnutrition.com\/fr\/wp-json\/wp\/v2\/comments?post=5707"}],"wp:featuredmedia":[{"embeddable":true,"href":"https:\/\/marvelousnutrition.com\/fr\/wp-json\/wp\/v2\/media\/5838"}],"wp:attachment":[{"href":"https:\/\/marvelousnutrition.com\/fr\/wp-json\/wp\/v2\/media?parent=5707"}],"wp:term":[{"taxonomy":"product_cat","embeddable":true,"href":"https:\/\/marvelousnutrition.com\/fr\/wp-json\/wp\/v2\/product_cat?post=5707"},{"taxonomy":"product_tag","embeddable":true,"href":"https:\/\/marvelousnutrition.com\/fr\/wp-json\/wp\/v2\/product_tag?post=5707"}],"curies":[{"name":"wp","href":"https:\/\/api.w.org\/{rel}","templated":true}]}}