{"id":5705,"date":"2025-11-05T09:26:58","date_gmt":"2025-11-05T09:26:58","guid":{"rendered":"https:\/\/marvelousnutrition.com\/?post_type=product&#038;p=5705"},"modified":"2026-03-15T23:44:59","modified_gmt":"2026-03-15T23:44:59","slug":"glycerol","status":"publish","type":"product","link":"https:\/\/marvelousnutrition.com\/fr\/produit\/glycerol\/","title":{"rendered":"Glyc\u00e9rol"},"content":{"rendered":"<h6>Ingr\u00e9dients:<\/h6>\n<p>Monost\u00e9arate de glyc\u00e9rol, agent antiagglom\u00e9rant : dioxyde de silicium (E-551).<\/p>\n<h6>Mode d&#039;emploi\u00a0:<\/h6>\n<p>Prendre 5 g, 30 minutes avant l&#039;entra\u00eenement.<\/p>\n<h6>Description:<\/h6>\n<p>Le glyc\u00e9rol est une arme secr\u00e8te pour les culturistes : il aide \u00e0 hydrater les muscles en profondeur et \u00e0 maintenir cette congestion intense m\u00eame apr\u00e8s l&#039;entra\u00eenement.<br \/>\nElle favorise \u00e9galement l&#039;hydratation g\u00e9n\u00e9rale et l&#039;endurance pendant l&#039;entra\u00eenement.<\/p>\n<p><a href=\"https:\/\/marvelousnutrition.com\/wp-content\/uploads\/2025\/11\/glycerol-gadwel-scaled.png\"><img decoding=\"async\" class=\"alignnone size-medium wp-image-6357\" src=\"https:\/\/marvelousnutrition.com\/wp-content\/uploads\/2025\/11\/glycerol-gadwel-300x32.png\" alt=\"\" width=\"300\" height=\"32\" srcset=\"https:\/\/marvelousnutrition.com\/wp-content\/uploads\/2025\/11\/glycerol-gadwel-300x32.png 300w, https:\/\/marvelousnutrition.com\/wp-content\/uploads\/2025\/11\/glycerol-gadwel-1024x109.png 1024w, https:\/\/marvelousnutrition.com\/wp-content\/uploads\/2025\/11\/glycerol-gadwel-768x82.png 768w, https:\/\/marvelousnutrition.com\/wp-content\/uploads\/2025\/11\/glycerol-gadwel-1536x164.png 1536w, https:\/\/marvelousnutrition.com\/wp-content\/uploads\/2025\/11\/glycerol-gadwel-2048x218.png 2048w, https:\/\/marvelousnutrition.com\/wp-content\/uploads\/2025\/11\/glycerol-gadwel-18x2.png 18w, https:\/\/marvelousnutrition.com\/wp-content\/uploads\/2025\/11\/glycerol-gadwel-800x85.png 800w\" sizes=\"(max-width: 300px) 100vw, 300px\" \/><\/a><\/p>","protected":false},"excerpt":{"rendered":"<p>Le glyc\u00e9rol est le secret des culturistes pour s&#039;hydrater et prolonger la congestion musculaire apr\u00e8s l&#039;entra\u00eenement. Le glyc\u00e9rol peut contribuer \u00e0 l&#039;hydratation.<\/p>","protected":false},"featured_media":5835,"comment_status":"closed","ping_status":"closed","template":"","meta":[],"product_cat":[134,228],"product_tag":[],"class_list":{"0":"post-5705","1":"product","2":"type-product","3":"status-publish","4":"has-post-thumbnail","6":"product_cat-amino-acid","7":"product_cat-old-school","9":"first","10":"instock","11":"shipping-taxable","12":"purchasable","13":"product-type-simple"},"_links":{"self":[{"href":"https:\/\/marvelousnutrition.com\/fr\/wp-json\/wp\/v2\/product\/5705","targetHints":{"allow":["GET"]}}],"collection":[{"href":"https:\/\/marvelousnutrition.com\/fr\/wp-json\/wp\/v2\/product"}],"about":[{"href":"https:\/\/marvelousnutrition.com\/fr\/wp-json\/wp\/v2\/types\/product"}],"replies":[{"embeddable":true,"href":"https:\/\/marvelousnutrition.com\/fr\/wp-json\/wp\/v2\/comments?post=5705"}],"wp:featuredmedia":[{"embeddable":true,"href":"https:\/\/marvelousnutrition.com\/fr\/wp-json\/wp\/v2\/media\/5835"}],"wp:attachment":[{"href":"https:\/\/marvelousnutrition.com\/fr\/wp-json\/wp\/v2\/media?parent=5705"}],"wp:term":[{"taxonomy":"product_cat","embeddable":true,"href":"https:\/\/marvelousnutrition.com\/fr\/wp-json\/wp\/v2\/product_cat?post=5705"},{"taxonomy":"product_tag","embeddable":true,"href":"https:\/\/marvelousnutrition.com\/fr\/wp-json\/wp\/v2\/product_tag?post=5705"}],"curies":[{"name":"wp","href":"https:\/\/api.w.org\/{rel}","templated":true}]}}