{"id":5704,"date":"2025-11-05T09:26:58","date_gmt":"2025-11-05T09:26:58","guid":{"rendered":"https:\/\/marvelousnutrition.com\/?post_type=product&#038;p=5704"},"modified":"2026-03-15T23:43:12","modified_gmt":"2026-03-15T23:43:12","slug":"big","status":"publish","type":"product","link":"https:\/\/marvelousnutrition.com\/fr\/produit\/grand\/","title":{"rendered":"Grand"},"content":{"rendered":"<h6>Ingr\u00e9dients:<\/h6>\n<p>Maltodextrine, concentr\u00e9 de prot\u00e9ines de lactos\u00e9rum, ar\u00f4me, \u00e9paississants (gomme de guar, gomme xanthane), chlorure de sodium, \u00e9dulcorant (sucralose E955).<\/p>\n<h6>Mode d&#039;emploi\u00a0:<\/h6>\n<p>M\u00e9langer 2 cuill\u00e8res (100 g) avec 300 \u00e0 400 ml d&#039;eau froide et secouer vigoureusement.<br \/>\nPrenez une portion imm\u00e9diatement apr\u00e8s l&#039;entra\u00eenement ou \u00e0 tout moment o\u00f9 vous le souhaitez.<\/p>\n<p><a href=\"https:\/\/marvelousnutrition.com\/wp-content\/uploads\/2025\/11\/big-gadwel-2-scaled.png\"><img fetchpriority=\"high\" decoding=\"async\" class=\"alignnone size-medium wp-image-6352\" src=\"https:\/\/marvelousnutrition.com\/wp-content\/uploads\/2025\/11\/big-gadwel-2-245x300.png\" alt=\"\" width=\"245\" height=\"300\" srcset=\"https:\/\/marvelousnutrition.com\/wp-content\/uploads\/2025\/11\/big-gadwel-2-245x300.png 245w, https:\/\/marvelousnutrition.com\/wp-content\/uploads\/2025\/11\/big-gadwel-2-837x1024.png 837w, https:\/\/marvelousnutrition.com\/wp-content\/uploads\/2025\/11\/big-gadwel-2-768x939.png 768w, https:\/\/marvelousnutrition.com\/wp-content\/uploads\/2025\/11\/big-gadwel-2-1256x1536.png 1256w, https:\/\/marvelousnutrition.com\/wp-content\/uploads\/2025\/11\/big-gadwel-2-1675x2048.png 1675w, https:\/\/marvelousnutrition.com\/wp-content\/uploads\/2025\/11\/big-gadwel-2-10x12.png 10w, https:\/\/marvelousnutrition.com\/wp-content\/uploads\/2025\/11\/big-gadwel-2-800x978.png 800w\" sizes=\"(max-width: 245px) 100vw, 245px\" \/><\/a> <a href=\"https:\/\/marvelousnutrition.com\/wp-content\/uploads\/2025\/11\/big-gadwel-1-scaled.png\"><img decoding=\"async\" class=\"alignnone size-medium wp-image-6353\" src=\"https:\/\/marvelousnutrition.com\/wp-content\/uploads\/2025\/11\/big-gadwel-1-300x156.png\" alt=\"\" width=\"300\" height=\"156\" srcset=\"https:\/\/marvelousnutrition.com\/wp-content\/uploads\/2025\/11\/big-gadwel-1-300x156.png 300w, https:\/\/marvelousnutrition.com\/wp-content\/uploads\/2025\/11\/big-gadwel-1-1024x531.png 1024w, https:\/\/marvelousnutrition.com\/wp-content\/uploads\/2025\/11\/big-gadwel-1-768x398.png 768w, https:\/\/marvelousnutrition.com\/wp-content\/uploads\/2025\/11\/big-gadwel-1-1536x797.png 1536w, https:\/\/marvelousnutrition.com\/wp-content\/uploads\/2025\/11\/big-gadwel-1-2048x1062.png 2048w, https:\/\/marvelousnutrition.com\/wp-content\/uploads\/2025\/11\/big-gadwel-1-18x9.png 18w, https:\/\/marvelousnutrition.com\/wp-content\/uploads\/2025\/11\/big-gadwel-1-800x415.png 800w\" sizes=\"(max-width: 300px) 100vw, 300px\" \/><\/a><\/p>","protected":false},"excerpt":{"rendered":"<p>Big est le gainer id\u00e9al pour d\u00e9velopper sa masse musculaire s\u00e8che et gagner en volume, sans prise de graisse. Il offre le ratio parfait entre un concentr\u00e9 de prot\u00e9ines de lactos\u00e9rum \u00e0 haute valeur biologique (85 %) et une source de glucides de qualit\u00e9, faible en mati\u00e8res grasses et en sucre. Contrairement \u00e0 d&#039;autres produits riches en acides amin\u00e9s (pic d&#039;acides amin\u00e9s) et en sucres, Big est faible en mati\u00e8res grasses, faible en cholest\u00e9rol et sans sucres ajout\u00e9s. Nous utilisons uniquement des ingr\u00e9dients de premi\u00e8re qualit\u00e9, efficaces et performants. Atteignez vos objectifs avec Big !<\/p>","protected":false},"featured_media":5870,"comment_status":"closed","ping_status":"closed","template":"","meta":[],"product_cat":[198,229,200],"product_tag":[],"class_list":{"0":"post-5704","1":"product","2":"type-product","3":"status-publish","4":"has-post-thumbnail","6":"product_cat-carbohydrates-and-weight-gainer","7":"product_cat-loaded-ingredients","8":"product_cat-protein-and-eaa","10":"first","11":"instock","12":"shipping-taxable","13":"purchasable","14":"product-type-variable"},"_links":{"self":[{"href":"https:\/\/marvelousnutrition.com\/fr\/wp-json\/wp\/v2\/product\/5704","targetHints":{"allow":["GET"]}}],"collection":[{"href":"https:\/\/marvelousnutrition.com\/fr\/wp-json\/wp\/v2\/product"}],"about":[{"href":"https:\/\/marvelousnutrition.com\/fr\/wp-json\/wp\/v2\/types\/product"}],"replies":[{"embeddable":true,"href":"https:\/\/marvelousnutrition.com\/fr\/wp-json\/wp\/v2\/comments?post=5704"}],"wp:featuredmedia":[{"embeddable":true,"href":"https:\/\/marvelousnutrition.com\/fr\/wp-json\/wp\/v2\/media\/5870"}],"wp:attachment":[{"href":"https:\/\/marvelousnutrition.com\/fr\/wp-json\/wp\/v2\/media?parent=5704"}],"wp:term":[{"taxonomy":"product_cat","embeddable":true,"href":"https:\/\/marvelousnutrition.com\/fr\/wp-json\/wp\/v2\/product_cat?post=5704"},{"taxonomy":"product_tag","embeddable":true,"href":"https:\/\/marvelousnutrition.com\/fr\/wp-json\/wp\/v2\/product_tag?post=5704"}],"curies":[{"name":"wp","href":"https:\/\/api.w.org\/{rel}","templated":true}]}}