{"id":5703,"date":"2025-11-05T09:26:58","date_gmt":"2025-11-05T09:26:58","guid":{"rendered":"https:\/\/marvelousnutrition.com\/?post_type=product&#038;p=5703"},"modified":"2025-11-07T09:50:05","modified_gmt":"2025-11-07T09:50:05","slug":"arginine","status":"publish","type":"product","link":"https:\/\/marvelousnutrition.com\/fr\/produit\/arginine\/","title":{"rendered":"L'Arginine"},"content":{"rendered":"<h6>Comment l'Utiliser:<\/h6>\n<p>Prenez 4 g 30 minutes avant l&#039;entra\u00eenement. Vous pouvez le m\u00e9langer \u00e0 votre boisson pr\u00e9-entra\u00eenement Experiment pour en maximiser les effets.<\/p>\n<h6>Description:<\/h6>\n<p>Notre arginine est un acide amin\u00e9 non essentiel issu d&#039;ingr\u00e9dients de haute qualit\u00e9. Elle intervient dans de nombreux processus biochimiques humains, notamment le m\u00e9tabolisme musculaire, la s\u00e9cr\u00e9tion hormonale, la d\u00e9toxification de l&#039;ammoniaque et le syst\u00e8me immunitaire. L&#039;arginine favorise la production d&#039;oxyde nitrique, contribuant ainsi \u00e0 une meilleure circulation sanguine et au bon fonctionnement musculaire.<\/p>\n<h6>Avantages du produit\u00a0:<\/h6>\n<ul>\n<li><strong>Favorise la synth\u00e8se des prot\u00e9ines.<\/strong><\/li>\n<li><strong>Augmente le flux sanguin vers les tissus musculaires.<\/strong><\/li>\n<li><strong>Am\u00e9liore la sant\u00e9 circulatoire.<\/strong><\/li>\n<li><strong>Augmente les niveaux d&#039;oxyde nitrique.<\/strong><\/li>\n<li><strong>Peut augmenter les niveaux d&#039;hormone de croissance (GH).<\/strong><\/li>\n<\/ul>\n<h6>Ingr\u00e9dients:<\/h6>\n<p>L-Arginine<\/p>\n<h6>Informations nutritionnelles :<\/h6>\n<table style=\"width:100%; border-collapse: collapse; background-color: #f0f0f0; color: #333; border: 1px solid #ccc;\">\n<tr>\n<td colspan=\"3\" style=\"text-align:center; font-weight:bold; padding: 8px;\">Portions par contenant : 75<\/td>\n<\/tr>\n<tr>\n<td colspan=\"3\" style=\"text-align:center; font-weight:bold; padding: 8px;\">Portion : 4 g<\/td>\n<\/tr>\n<tr style=\"background-color: #d9d9d9; font-weight:bold;\">\n<th style=\"padding: 8px; border: 1px solid #ccc;\">Ingr\u00e9dients<\/th>\n<th style=\"padding: 8px; border: 1px solid #ccc;\">Quantit\u00e9 par dose<\/th>\n<th style=\"padding: 8px; border: 1px solid #ccc;\">NRV<\/th>\n<\/tr>\n<tr>\n<td style=\"padding: 8px; border: 1px solid #ccc;\">L-Arginine<\/td>\n<td style=\"padding: 8px; border: 1px solid #ccc;\">4000 mg<\/td>\n<td style=\"padding: 8px; border: 1px solid #ccc;\">\u2013<\/td>\n<\/tr>\n<\/table>","protected":false},"excerpt":{"rendered":"<p>Notre arginine est un acide amin\u00e9 non essentiel issu d&#039;ingr\u00e9dients de haute qualit\u00e9. Elle intervient dans de nombreux processus biochimiques humains, notamment le m\u00e9tabolisme musculaire, la s\u00e9cr\u00e9tion hormonale, la d\u00e9toxification de l&#039;ammoniaque et le syst\u00e8me immunitaire. L&#039;arginine favorise la production d&#039;oxyde nitrique, contribuant ainsi \u00e0 une meilleure circulation sanguine et au bon fonctionnement des muscles.<\/p>","protected":false},"featured_media":5860,"comment_status":"closed","ping_status":"closed","template":"","meta":[],"product_cat":[197,134,228],"product_tag":[],"class_list":{"0":"post-5703","1":"product","2":"type-product","3":"status-publish","4":"has-post-thumbnail","6":"product_cat-all-products","7":"product_cat-amino-acid","8":"product_cat-old-school","10":"first","11":"instock","12":"shipping-taxable","13":"purchasable","14":"product-type-simple"},"_links":{"self":[{"href":"https:\/\/marvelousnutrition.com\/fr\/wp-json\/wp\/v2\/product\/5703","targetHints":{"allow":["GET"]}}],"collection":[{"href":"https:\/\/marvelousnutrition.com\/fr\/wp-json\/wp\/v2\/product"}],"about":[{"href":"https:\/\/marvelousnutrition.com\/fr\/wp-json\/wp\/v2\/types\/product"}],"replies":[{"embeddable":true,"href":"https:\/\/marvelousnutrition.com\/fr\/wp-json\/wp\/v2\/comments?post=5703"}],"wp:featuredmedia":[{"embeddable":true,"href":"https:\/\/marvelousnutrition.com\/fr\/wp-json\/wp\/v2\/media\/5860"}],"wp:attachment":[{"href":"https:\/\/marvelousnutrition.com\/fr\/wp-json\/wp\/v2\/media?parent=5703"}],"wp:term":[{"taxonomy":"product_cat","embeddable":true,"href":"https:\/\/marvelousnutrition.com\/fr\/wp-json\/wp\/v2\/product_cat?post=5703"},{"taxonomy":"product_tag","embeddable":true,"href":"https:\/\/marvelousnutrition.com\/fr\/wp-json\/wp\/v2\/product_tag?post=5703"}],"curies":[{"name":"wp","href":"https:\/\/api.w.org\/{rel}","templated":true}]}}