{"id":5693,"date":"2025-11-05T09:26:54","date_gmt":"2025-11-05T09:26:54","guid":{"rendered":"https:\/\/marvelousnutrition.com\/?post_type=product&#038;p=5693"},"modified":"2026-03-15T23:53:12","modified_gmt":"2026-03-15T23:53:12","slug":"maze","status":"publish","type":"product","link":"https:\/\/marvelousnutrition.com\/fr\/produit\/labyrinthe\/","title":{"rendered":"Labyrinthe"},"content":{"rendered":"<h6>Pr\u00e9sentation du produit\u00a0:<\/h6>\n<p><strong>Aminos premium Maze<\/strong> Elle r\u00e9soudra le myst\u00e8re de la prise de masse musculaire comme aucune autre ! D\u00e9sormais, vous pouvez progresser toute la journ\u00e9e.<\/p>\n<p>Il s&#039;agit du m\u00e9lange parfait d&#039;acides amin\u00e9s essentiels (AAE) et de composants innovants adapt\u00e9s \u00e0 une utilisation avant, pendant et apr\u00e8s l&#039;entra\u00eenement \u2014 con\u00e7u pour donner \u00e0 vos muscles un avantage ultime.<\/p>\n<p>Les acides amin\u00e9s \u00e0 cha\u00eene ramifi\u00e9e (BCAA) signalent la synth\u00e8se des prot\u00e9ines musculaires, mais la croissance est incompl\u00e8te sans les neuf acides amin\u00e9s essentiels (AAE) \u2014 dont votre corps a besoin mais qu&#039;il ne peut pas produire lui-m\u00eame.<\/p>\n<h6>Avantages du produit\u00a0:<\/h6>\n<ul>\n<li><strong>Favorise la production de masse musculaire maigre<\/strong><\/li>\n<li><strong>Augmente la capacit\u00e9 anabolique<\/strong><\/li>\n<li><strong>Permet des gains exceptionnels en masse musculaire et en force, sans les effets secondaires n\u00e9gatifs des st\u00e9ro\u00efdes ou des prohormones.<\/strong><\/li>\n<li><strong>Pr\u00e9serve la masse musculaire lors d&#039;entra\u00eenements et de r\u00e9gimes de haute intensit\u00e9.<\/strong><\/li>\n<li><strong>Aide \u00e0 br\u00fbler les graisses<\/strong><\/li>\n<li><strong>\u00c9limine l&#039;exc\u00e8s d&#039;ammoniaque et de toxines du corps<\/strong><\/li>\n<li><strong>Renforce la r\u00e9ponse du syst\u00e8me immunitaire<\/strong><\/li>\n<\/ul>\n<h6>La science derri\u00e8re la formule :<\/h6>\n<ul>\n<li><strong>Leucine :<\/strong> L&#039;acide amin\u00e9 le plus puissant pour stimuler la synth\u00e8se des prot\u00e9ines musculaires squelettiques via la voie mTOR.<\/li>\n<li><strong>Ph\u00e9nylalanine :<\/strong> Pr\u00e9curseur de la tyrosine, qui soutient la production de dopamine, de noradr\u00e9naline et d&#039;adr\u00e9naline.<\/li>\n<li><strong>Lysine :<\/strong> \u00c9l\u00e9ment constitutif essentiel des prot\u00e9ines musculaires ; favorise l&#039;absorption du calcium, am\u00e9liore la r\u00e9cup\u00e9ration et soutient la production d&#039;hormones, d&#039;enzymes et d&#039;anticorps.<\/li>\n<li><strong>Valine :<\/strong> Essentiel au m\u00e9tabolisme, \u00e0 la r\u00e9paration et \u00e0 la croissance musculaire, tout en maintenant l&#039;\u00e9quilibre azot\u00e9 de l&#039;organisme.<\/li>\n<li><strong>Thr\u00e9onine :<\/strong> Composant essentiel du collag\u00e8ne, de l&#039;\u00e9lastine et des prot\u00e9ines de l&#039;\u00e9mail dentaire\u00a0; favorise la digestion, la sant\u00e9 intestinale et l&#039;immunit\u00e9. Se transforme en glycine, qui contribue \u00e0 r\u00e9duire les spasmes musculaires ind\u00e9sirables.<\/li>\n<li><strong>Isoleucine :<\/strong> Favorise la r\u00e9cup\u00e9ration musculaire, contribue \u00e0 la formation d&#039;h\u00e9moglobine et soutient la r\u00e9gulation de la glyc\u00e9mie et des niveaux d&#039;\u00e9nergie.<\/li>\n<li><strong>Histidine :<\/strong> Essentiel \u00e0 la croissance et \u00e0 la r\u00e9paration des tissus musculaires, il contribue \u00e0 la protection nerveuse, favorise la production de globules rouges et blancs et stimule la digestion par la formation de suc gastrique.<\/li>\n<li><strong>M\u00e9thionine :<\/strong> Il agit comme un puissant antioxydant, favorise le m\u00e9tabolisme des graisses, soutient la digestion et d\u00e9toxifie le foie.<\/li>\n<li><strong>L-Ornithine :<\/strong> Elle joue un r\u00f4le cl\u00e9 dans le cycle de l&#039;ur\u00e9e en aidant l&#039;organisme \u00e0 \u00e9liminer l&#039;ammoniac toxique (NH3) par conversion en ur\u00e9e, qui est ensuite excr\u00e9t\u00e9e dans l&#039;urine.<\/li>\n<li><strong>L-Carnitine L-Tartrate :<\/strong> Acide amin\u00e9 conditionnellement essentiel qui contribue \u00e0 la transformation des graisses en \u00e9nergie. Il favorise la sant\u00e9 des muscles, du c\u0153ur et du cerveau. Le L-tartrate renforce l&#039;activit\u00e9 antioxydante et r\u00e9gule l&#039;acidit\u00e9.<\/li>\n<li><strong>L-Glutamine :<\/strong> La glutamine est l&#039;acide amin\u00e9 le plus abondant dans l&#039;organisme, repr\u00e9sentant plus de 601 \u00b5g\/L des acides amin\u00e9s libres dans les muscles squelettiques. Apr\u00e8s un effort intense, son taux peut chuter jusqu&#039;\u00e0 501 \u00b5g\/L. La suppl\u00e9mentation minimise la d\u00e9gradation musculaire, am\u00e9liore le m\u00e9tabolisme des prot\u00e9ines, soutient le syst\u00e8me immunitaire et pr\u00e9serve la sant\u00e9 intestinale pour une absorption optimale des nutriments et des performances optimales.<\/li>\n<\/ul>\n<p><a href=\"https:\/\/marvelousnutrition.com\/wp-content\/uploads\/2025\/11\/maze-gadwel-scaled.png\"><img fetchpriority=\"high\" decoding=\"async\" class=\"alignnone size-medium wp-image-6366\" src=\"https:\/\/marvelousnutrition.com\/wp-content\/uploads\/2025\/11\/maze-gadwel-300x225.png\" alt=\"\" width=\"300\" height=\"225\" srcset=\"https:\/\/marvelousnutrition.com\/wp-content\/uploads\/2025\/11\/maze-gadwel-300x225.png 300w, https:\/\/marvelousnutrition.com\/wp-content\/uploads\/2025\/11\/maze-gadwel-1024x768.png 1024w, https:\/\/marvelousnutrition.com\/wp-content\/uploads\/2025\/11\/maze-gadwel-768x576.png 768w, https:\/\/marvelousnutrition.com\/wp-content\/uploads\/2025\/11\/maze-gadwel-1536x1152.png 1536w, https:\/\/marvelousnutrition.com\/wp-content\/uploads\/2025\/11\/maze-gadwel-2048x1536.png 2048w, https:\/\/marvelousnutrition.com\/wp-content\/uploads\/2025\/11\/maze-gadwel-16x12.png 16w, https:\/\/marvelousnutrition.com\/wp-content\/uploads\/2025\/11\/maze-gadwel-800x600.png 800w\" sizes=\"(max-width: 300px) 100vw, 300px\" \/><\/a><\/p>","protected":false},"excerpt":{"rendered":"<p>Maze Premium Aminos va percer le myst\u00e8re de la prise de masse musculaire comme aucun autre produit ! D\u00e9sormais, vous pouvez progresser toute la journ\u00e9e.<br \/>\nUn m\u00e9lange parfait d&#039;acides amin\u00e9s essentiels et de composants innovants suppl\u00e9mentaires, adapt\u00e9 \u00e0 une utilisation avant, pendant et apr\u00e8s l&#039;entra\u00eenement pour optimiser vos performances musculaires.<\/p>","protected":false},"featured_media":5818,"comment_status":"closed","ping_status":"closed","template":"","meta":[],"product_cat":[134,199,200,201],"product_tag":[202],"class_list":{"0":"post-5693","1":"product","2":"type-product","3":"status-publish","4":"has-post-thumbnail","6":"product_cat-amino-acid","7":"product_cat-marvelous-originals","8":"product_cat-protein-and-eaa","9":"product_cat-recovery-and-muscle-building","10":"product_tag-top-selling","12":"first","13":"instock","14":"shipping-taxable","15":"purchasable","16":"product-type-variable"},"_links":{"self":[{"href":"https:\/\/marvelousnutrition.com\/fr\/wp-json\/wp\/v2\/product\/5693","targetHints":{"allow":["GET"]}}],"collection":[{"href":"https:\/\/marvelousnutrition.com\/fr\/wp-json\/wp\/v2\/product"}],"about":[{"href":"https:\/\/marvelousnutrition.com\/fr\/wp-json\/wp\/v2\/types\/product"}],"replies":[{"embeddable":true,"href":"https:\/\/marvelousnutrition.com\/fr\/wp-json\/wp\/v2\/comments?post=5693"}],"wp:featuredmedia":[{"embeddable":true,"href":"https:\/\/marvelousnutrition.com\/fr\/wp-json\/wp\/v2\/media\/5818"}],"wp:attachment":[{"href":"https:\/\/marvelousnutrition.com\/fr\/wp-json\/wp\/v2\/media?parent=5693"}],"wp:term":[{"taxonomy":"product_cat","embeddable":true,"href":"https:\/\/marvelousnutrition.com\/fr\/wp-json\/wp\/v2\/product_cat?post=5693"},{"taxonomy":"product_tag","embeddable":true,"href":"https:\/\/marvelousnutrition.com\/fr\/wp-json\/wp\/v2\/product_tag?post=5693"}],"curies":[{"name":"wp","href":"https:\/\/api.w.org\/{rel}","templated":true}]}}