{"id":5692,"date":"2025-11-05T09:26:54","date_gmt":"2025-11-05T09:26:54","guid":{"rendered":"https:\/\/marvelousnutrition.com\/?post_type=product&#038;p=5692"},"modified":"2026-03-15T23:52:12","modified_gmt":"2026-03-15T23:52:12","slug":"recharge","status":"publish","type":"product","link":"https:\/\/marvelousnutrition.com\/fr\/produit\/recharger\/","title":{"rendered":"Recharge"},"content":{"rendered":"<h6>Pr\u00e9sentation du produit\u00a0:<\/h6>\n<p><strong>Prenez du volume, nettoyez et devenez plus sec !<\/strong><\/p>\n<p>Recharge est une formule unique compos\u00e9e d&#039;ingr\u00e9dients scientifiquement prouv\u00e9s qui imitent l&#039;insuline, un agent de m\u00e9tabolisation du glucose (AMG) de haute qualit\u00e9 con\u00e7u pour aider \u00e0 convertir les glucides ing\u00e9r\u00e9s en \u00e9nergie musculaire plut\u00f4t qu&#039;en graisse corporelle. L&#039;insuline est une hormone puissante qui favorise \u00e0 la fois la construction musculaire et la perte de graisse.<\/p>\n<p>Recharge est un compl\u00e9ment alimentaire tr\u00e8s populaire car il permet de d\u00e9velopper les muscles et de br\u00fbler les graisses simultan\u00e9ment. En phase de prise de masse, il pr\u00e9vient la prise de graisse et optimise les effets anabolisants de l&#039;insuline pour la croissance musculaire. En phase de s\u00e8che, il favorise la perte de graisse et maintient la masse musculaire, m\u00eame avec un r\u00e9gime pauvre en glucides.<\/p>\n<h6>Avantages du produit\u00a0:<\/h6>\n<ul>\n<li><strong>Utilisation des glucides pour l&#039;absorption musculaire<\/strong><\/li>\n<li><strong>Am\u00e9liorer la sensibilit\u00e9 musculaire \u00e0 l&#039;insuline<\/strong><\/li>\n<li><strong>Lutter contre la consommation \u00e9lev\u00e9e de glucose<\/strong><\/li>\n<li><strong>Augmenter la production d&#039;oxyde nitrique et fournir une feuille de route pour la pompe<\/strong><\/li>\n<\/ul>\n<h6>La science derri\u00e8re la formule :<\/h6>\n<ul>\n<li><strong>Berb\u00e9rine :<\/strong> Elle augmente la sensibilit\u00e9 \u00e0 l&#039;insuline, permettant ainsi \u00e0 cette derni\u00e8re de mieux acheminer les glucides et les prot\u00e9ines vers les muscles. La berb\u00e9rine est un puissant activateur de la r\u00e9partition du glucose et est aussi efficace que de nombreux m\u00e9dicaments utilis\u00e9s chez les diab\u00e9tiques.<\/li>\n<li><strong>Cannelle:<\/strong> Agit comme un mim\u00e9tique de l&#039;insuline tout en renfor\u00e7ant son action.<\/li>\n<li><strong>Acide alpha-lipo\u00efque :<\/strong> Augmente le flux sanguin, ce qui permet d&#039;apporter davantage de nutriments aux muscles.<\/li>\n<li><strong>Chrome:<\/strong> Oligo-\u00e9l\u00e9ment essentiel au bon fonctionnement de l&#039;organisme. Il contribue \u00e0 r\u00e9guler la glyc\u00e9mie en am\u00e9liorant l&#039;activit\u00e9 de l&#039;insuline.<\/li>\n<\/ul>\n<p><a href=\"https:\/\/marvelousnutrition.com\/wp-content\/uploads\/2025\/11\/recharge-gadwel-scaled.png\"><img decoding=\"async\" class=\"alignnone size-medium wp-image-6365\" src=\"https:\/\/marvelousnutrition.com\/wp-content\/uploads\/2025\/11\/recharge-gadwel-300x137.png\" alt=\"\" width=\"300\" height=\"137\" srcset=\"https:\/\/marvelousnutrition.com\/wp-content\/uploads\/2025\/11\/recharge-gadwel-300x137.png 300w, https:\/\/marvelousnutrition.com\/wp-content\/uploads\/2025\/11\/recharge-gadwel-1024x469.png 1024w, https:\/\/marvelousnutrition.com\/wp-content\/uploads\/2025\/11\/recharge-gadwel-768x351.png 768w, https:\/\/marvelousnutrition.com\/wp-content\/uploads\/2025\/11\/recharge-gadwel-1536x703.png 1536w, https:\/\/marvelousnutrition.com\/wp-content\/uploads\/2025\/11\/recharge-gadwel-2048x937.png 2048w, https:\/\/marvelousnutrition.com\/wp-content\/uploads\/2025\/11\/recharge-gadwel-18x8.png 18w, https:\/\/marvelousnutrition.com\/wp-content\/uploads\/2025\/11\/recharge-gadwel-1650x760.png 1650w, https:\/\/marvelousnutrition.com\/wp-content\/uploads\/2025\/11\/recharge-gadwel-800x366.png 800w\" sizes=\"(max-width: 300px) 100vw, 300px\" \/><\/a><\/p>","protected":false},"excerpt":{"rendered":"<p>Prenez de la masse musculaire, nettoyez et devenez plus sec !<\/p>\n<p>Recharge est une formule unique compos\u00e9e d&#039;ingr\u00e9dients scientifiquement prouv\u00e9s qui imitent l&#039;insuline, un agent de gestion du glucose haut de gamme (GDA) con\u00e7u pour aider \u00e0 convertir les glucides ing\u00e9r\u00e9s en graisse corporelle afin de favoriser la construction musculaire au lieu de les stocker dans les tissus adipeux. L&#039;insuline est une hormone puissante qui contribue \u00e0 la fois \u00e0 la construction musculaire et \u00e0 la perte de graisse.<\/p>","protected":false},"featured_media":6223,"comment_status":"closed","ping_status":"closed","template":"","meta":[],"product_cat":[204,205,199],"product_tag":[202],"class_list":{"0":"post-5692","1":"product","2":"type-product","3":"status-publish","4":"has-post-thumbnail","6":"product_cat-fat-burners-and-diuretics","7":"product_cat-insulin-and-growth-hormone-boosters","8":"product_cat-marvelous-originals","9":"product_tag-top-selling","11":"first","12":"instock","13":"shipping-taxable","14":"purchasable","15":"product-type-simple"},"_links":{"self":[{"href":"https:\/\/marvelousnutrition.com\/fr\/wp-json\/wp\/v2\/product\/5692","targetHints":{"allow":["GET"]}}],"collection":[{"href":"https:\/\/marvelousnutrition.com\/fr\/wp-json\/wp\/v2\/product"}],"about":[{"href":"https:\/\/marvelousnutrition.com\/fr\/wp-json\/wp\/v2\/types\/product"}],"replies":[{"embeddable":true,"href":"https:\/\/marvelousnutrition.com\/fr\/wp-json\/wp\/v2\/comments?post=5692"}],"wp:featuredmedia":[{"embeddable":true,"href":"https:\/\/marvelousnutrition.com\/fr\/wp-json\/wp\/v2\/media\/6223"}],"wp:attachment":[{"href":"https:\/\/marvelousnutrition.com\/fr\/wp-json\/wp\/v2\/media?parent=5692"}],"wp:term":[{"taxonomy":"product_cat","embeddable":true,"href":"https:\/\/marvelousnutrition.com\/fr\/wp-json\/wp\/v2\/product_cat?post=5692"},{"taxonomy":"product_tag","embeddable":true,"href":"https:\/\/marvelousnutrition.com\/fr\/wp-json\/wp\/v2\/product_tag?post=5692"}],"curies":[{"name":"wp","href":"https:\/\/api.w.org\/{rel}","templated":true}]}}