{"id":5643,"date":"2025-11-05T05:32:27","date_gmt":"2025-11-05T05:32:27","guid":{"rendered":"https:\/\/marvelousnutrition.com\/?post_type=product&#038;p=5643"},"modified":"2026-03-16T20:11:30","modified_gmt":"2026-03-16T20:11:30","slug":"amputation","status":"publish","type":"product","link":"https:\/\/marvelousnutrition.com\/fr\/produit\/amputation\/","title":{"rendered":"L'Amputation"},"content":{"rendered":"<h6>Pr\u00e9sentation du produit\u00a0:<\/h6>\n<p>Transformez votre physique et sentez-vous comme un super-h\u00e9ros avec <strong>L'Amputation<\/strong> \u2014 une formule puissante br\u00fble-graisses con\u00e7ue pour remodeler votre corps tout en pr\u00e9servant votre masse musculaire.<\/p>\n<p>L&#039;amputation pr\u00e9sente une <strong>m\u00e9lange complexe d&#039;ingr\u00e9dients purs de qualit\u00e9 ultra-pharmaceutique<\/strong> qui dynamisent votre corps, contribuant \u00e0 br\u00fbler les graisses, \u00e0 \u00e9liminer l&#039;exc\u00e8s d&#039;eau et \u00e0 r\u00e9duire les \u0153strog\u00e8nes, le tout sans sacrifier votre masse musculaire.<\/p>\n<p>Cette formule avanc\u00e9e cible les graisses par de multiples voies, assurant une combustion constante des graisses stock\u00e9es tout en \u00e9liminant la r\u00e9tention d&#039;eau. En augmentant la temp\u00e9rature corporelle, Amputation favorise la thermogen\u00e8se, vous aidant ainsi \u00e0 br\u00fbler des calories et \u00e0 transpirer intens\u00e9ment \u00e0 chaque entra\u00eenement.<\/p>\n<p>Enrichi d&#039;un puissant m\u00e9lange de <strong>super herbes<\/strong> et <strong>ALCAR (ac\u00e9tyl-L-carnitine)<\/strong>, L&#039;amputation am\u00e9liore le m\u00e9tabolisme des graisses, augmente l&#039;endurance et favorise des transformations physiques impressionnantes en garantissant que votre \u00e9nergie soit efficacement puis\u00e9e dans les r\u00e9serves de graisse.<\/p>\n<h6>Avantages du produit\u00a0:<\/h6>\n<p>Sa formule unique contribue \u00e0\u00a0:<\/p>\n<ul>\n<li><strong>Augmentation du m\u00e9tabolisme<\/strong><\/li>\n<li><strong>Niveaux de cortisol \u00e9quilibr\u00e9s<\/strong><\/li>\n<li><strong>\u00c9nergie et concentration accrues<\/strong><\/li>\n<li><strong>Am\u00e9lioration de la production thyro\u00efdienne<\/strong><\/li>\n<li><strong>R\u00e9duction de l&#039;exc\u00e8s d&#039;eau corporelle<a href=\"https:\/\/marvelousnutrition.com\/wp-content\/uploads\/2025\/11\/amputaion-gadwal.png\"><img fetchpriority=\"high\" decoding=\"async\" class=\"alignnone size-medium wp-image-6387\" src=\"https:\/\/marvelousnutrition.com\/wp-content\/uploads\/2025\/11\/amputaion-gadwal-300x186.png\" alt=\"\" width=\"300\" height=\"186\" srcset=\"https:\/\/marvelousnutrition.com\/wp-content\/uploads\/2025\/11\/amputaion-gadwal-300x186.png 300w, https:\/\/marvelousnutrition.com\/wp-content\/uploads\/2025\/11\/amputaion-gadwal-1024x635.png 1024w, https:\/\/marvelousnutrition.com\/wp-content\/uploads\/2025\/11\/amputaion-gadwal-768x476.png 768w, https:\/\/marvelousnutrition.com\/wp-content\/uploads\/2025\/11\/amputaion-gadwal-1536x952.png 1536w, https:\/\/marvelousnutrition.com\/wp-content\/uploads\/2025\/11\/amputaion-gadwal-18x12.png 18w, https:\/\/marvelousnutrition.com\/wp-content\/uploads\/2025\/11\/amputaion-gadwal-800x496.png 800w, https:\/\/marvelousnutrition.com\/wp-content\/uploads\/2025\/11\/amputaion-gadwal.png 1799w\" sizes=\"(max-width: 300px) 100vw, 300px\" \/><\/a><\/strong><\/li>\n<\/ul>","protected":false},"excerpt":{"rendered":"<p>Vous br\u00fblerez les graisses en exc\u00e8s et remodelerez votre corps, vous donnant l&#039;impression d&#039;\u00eatre un super-h\u00e9ros.<\/p>\n<p>Amputation contient un m\u00e9lange complexe d&#039;ingr\u00e9dients purs de qualit\u00e9 ultra-pharmaceutique qui stimulent l&#039;\u00e9nergie du corps et permettent d&#039;\u00e9liminer la graisse, l&#039;eau et les \u0153strog\u00e8nes sans perte musculaire.<\/p>","protected":false},"featured_media":6222,"comment_status":"closed","ping_status":"closed","template":"","meta":[],"product_cat":[204,199],"product_tag":[202],"class_list":{"0":"post-5643","1":"product","2":"type-product","3":"status-publish","4":"has-post-thumbnail","6":"product_cat-fat-burners-and-diuretics","7":"product_cat-marvelous-originals","8":"product_tag-top-selling","10":"first","11":"instock","12":"shipping-taxable","13":"purchasable","14":"product-type-simple"},"_links":{"self":[{"href":"https:\/\/marvelousnutrition.com\/fr\/wp-json\/wp\/v2\/product\/5643","targetHints":{"allow":["GET"]}}],"collection":[{"href":"https:\/\/marvelousnutrition.com\/fr\/wp-json\/wp\/v2\/product"}],"about":[{"href":"https:\/\/marvelousnutrition.com\/fr\/wp-json\/wp\/v2\/types\/product"}],"replies":[{"embeddable":true,"href":"https:\/\/marvelousnutrition.com\/fr\/wp-json\/wp\/v2\/comments?post=5643"}],"wp:featuredmedia":[{"embeddable":true,"href":"https:\/\/marvelousnutrition.com\/fr\/wp-json\/wp\/v2\/media\/6222"}],"wp:attachment":[{"href":"https:\/\/marvelousnutrition.com\/fr\/wp-json\/wp\/v2\/media?parent=5643"}],"wp:term":[{"taxonomy":"product_cat","embeddable":true,"href":"https:\/\/marvelousnutrition.com\/fr\/wp-json\/wp\/v2\/product_cat?post=5643"},{"taxonomy":"product_tag","embeddable":true,"href":"https:\/\/marvelousnutrition.com\/fr\/wp-json\/wp\/v2\/product_tag?post=5643"}],"curies":[{"name":"wp","href":"https:\/\/api.w.org\/{rel}","templated":true}]}}