{"id":5642,"date":"2025-11-05T05:32:27","date_gmt":"2025-11-05T05:32:27","guid":{"rendered":"https:\/\/marvelousnutrition.com\/?post_type=product&#038;p=5642"},"modified":"2026-03-15T23:55:32","modified_gmt":"2026-03-15T23:55:32","slug":"bulk","status":"publish","type":"product","link":"https:\/\/marvelousnutrition.com\/fr\/produit\/en-gros\/","title":{"rendered":"En vrac"},"content":{"rendered":"<h6>Pr\u00e9sentation du produit\u00a0:<\/h6>\n<p>Le volume est votre activateur de masse musculaire maigre.<\/p>\n<p>Toutes les prot\u00e9ines ne se valent pas \u2014 choisissez toujours la meilleure. <strong>Merveilleux De La Nutrition<\/strong>, nous utilisons uniquement <strong>Isolat de prot\u00e9ines de lactos\u00e9rum<\/strong> Parce que nous pensons que c&#039;est le meilleur choix pour nos athl\u00e8tes surhumains.<\/p>\n<p>Bulk Iso-Whey est un isolat de prot\u00e9ines de lactos\u00e9rum \u00e0 haute valeur biologique qui est <strong>Sans lactose, sans gluten et sans aspartame<\/strong>. Chaque portion fournit <strong>26,34 grammes de prot\u00e9ines de qualit\u00e9 sup\u00e9rieure<\/strong>.<\/p>\n<p>Il est fabriqu\u00e9 \u00e0 partir de <strong>isolat de prot\u00e9ines de lactos\u00e9rum pur, ultra-filtr\u00e9 et issu de vaches nourries \u00e0 l&#039;herbe<\/strong> pour garantir l&#039;absence d&#039;hormones et d&#039;antibiotiques, ce qui a un impact direct sur votre sant\u00e9 globale. L&#039;isolat de prot\u00e9ines de lactos\u00e9rum est rapidement absorb\u00e9, ce qui rend sa teneur \u00e9lev\u00e9e en <strong>BCAA<\/strong> imm\u00e9diatement disponible pour vos muscles, favorisant ainsi leur croissance et leur r\u00e9paration.<\/p>\n<p>Il est riche en <strong>lactoferrine, \u03b1-lactalbumine, acides amin\u00e9s ramifi\u00e9s,<\/strong> et <strong>acides amin\u00e9s essentiels<\/strong>, assurant une meilleure r\u00e9tention d&#039;azote et une absorption accrue des prot\u00e9ines par rapport aux sources de prot\u00e9ines de qualit\u00e9 inf\u00e9rieure.<\/p>\n<p>Con\u00e7ue pour les athl\u00e8tes et les culturistes de tous niveaux, cette prot\u00e9ine peut \u00eatre consomm\u00e9e \u00e0 tout moment de la journ\u00e9e. <strong>go\u00fbt merveilleux<\/strong> et <strong>formule facile \u00e0 m\u00e9langer<\/strong>, Bulk Iso-Whey vous permet d&#039;atteindre vos objectifs de remise en forme au niveau sup\u00e9rieur.<\/p>\n<p>Voici le <strong>choix ultime en prot\u00e9ines<\/strong> pour les athl\u00e8tes recherchant des r\u00e9sultats optimaux.<\/p>\n<h6>Avantages du produit\u00a0:<\/h6>\n<ul>\n<li><strong>Prot\u00e9ines de lactos\u00e9rum \u00e0 haute valeur biologique<\/strong><\/li>\n<li><strong>Go\u00fbt merveilleux<\/strong><\/li>\n<li><strong>Z\u00e9ro mati\u00e8re grasse, z\u00e9ro glucide, z\u00e9ro sucre ajout\u00e9<\/strong><\/li>\n<li><strong>Sans colorants artificiels<\/strong><\/li>\n<li><strong>Sans gluten ni aspartame<\/strong><\/li>\n<\/ul>\n<h6>La science derri\u00e8re la formule :<\/h6>\n<p>L&#039;isolat de prot\u00e9ines de lactos\u00e9rum est une forme de prot\u00e9ine de qualit\u00e9 sup\u00e9rieure, mieux absorb\u00e9e par l&#039;organisme que les concentr\u00e9s ou les m\u00e9langes. Nous utilisons un <strong>proc\u00e9d\u00e9 de microfiltration \u00e0 flux tangentiel<\/strong> Lors de la fabrication, ce proc\u00e9d\u00e9 permet d&#039;am\u00e9liorer la puret\u00e9 en \u00e9liminant les graisses ind\u00e9sirables, le cholest\u00e9rol et le lactose. <strong>meilleure digestion, absorption plus rapide et r\u00e9cup\u00e9ration musculaire optimale<\/strong>.<\/p>\n<p><a href=\"https:\/\/marvelousnutrition.com\/wp-content\/uploads\/2025\/11\/bulk-1-gadwel-scaled.png\"><img fetchpriority=\"high\" decoding=\"async\" class=\"alignnone size-medium wp-image-6369\" src=\"https:\/\/marvelousnutrition.com\/wp-content\/uploads\/2025\/11\/bulk-1-gadwel-300x176.png\" alt=\"\" width=\"300\" height=\"176\" srcset=\"https:\/\/marvelousnutrition.com\/wp-content\/uploads\/2025\/11\/bulk-1-gadwel-300x176.png 300w, https:\/\/marvelousnutrition.com\/wp-content\/uploads\/2025\/11\/bulk-1-gadwel-1024x601.png 1024w, https:\/\/marvelousnutrition.com\/wp-content\/uploads\/2025\/11\/bulk-1-gadwel-768x451.png 768w, https:\/\/marvelousnutrition.com\/wp-content\/uploads\/2025\/11\/bulk-1-gadwel-1536x902.png 1536w, https:\/\/marvelousnutrition.com\/wp-content\/uploads\/2025\/11\/bulk-1-gadwel-2048x1203.png 2048w, https:\/\/marvelousnutrition.com\/wp-content\/uploads\/2025\/11\/bulk-1-gadwel-18x12.png 18w, https:\/\/marvelousnutrition.com\/wp-content\/uploads\/2025\/11\/bulk-1-gadwel-800x470.png 800w\" sizes=\"(max-width: 300px) 100vw, 300px\" \/><\/a> <a href=\"https:\/\/marvelousnutrition.com\/wp-content\/uploads\/2025\/11\/bulk-2-gadwel-scaled.png\"><img decoding=\"async\" class=\"alignnone size-medium wp-image-6370\" src=\"https:\/\/marvelousnutrition.com\/wp-content\/uploads\/2025\/11\/bulk-2-gadwel-141x300.png\" alt=\"\" width=\"141\" height=\"300\" srcset=\"https:\/\/marvelousnutrition.com\/wp-content\/uploads\/2025\/11\/bulk-2-gadwel-141x300.png 141w, https:\/\/marvelousnutrition.com\/wp-content\/uploads\/2025\/11\/bulk-2-gadwel-481x1024.png 481w, https:\/\/marvelousnutrition.com\/wp-content\/uploads\/2025\/11\/bulk-2-gadwel-768x1635.png 768w, https:\/\/marvelousnutrition.com\/wp-content\/uploads\/2025\/11\/bulk-2-gadwel-721x1536.png 721w, https:\/\/marvelousnutrition.com\/wp-content\/uploads\/2025\/11\/bulk-2-gadwel-962x2048.png 962w, https:\/\/marvelousnutrition.com\/wp-content\/uploads\/2025\/11\/bulk-2-gadwel-6x12.png 6w, https:\/\/marvelousnutrition.com\/wp-content\/uploads\/2025\/11\/bulk-2-gadwel-800x1703.png 800w, https:\/\/marvelousnutrition.com\/wp-content\/uploads\/2025\/11\/bulk-2-gadwel-scaled.png 1202w\" sizes=\"(max-width: 141px) 100vw, 141px\" \/><\/a><\/p>","protected":false},"excerpt":{"rendered":"<p>Le volume est votre activateur de masse musculaire maigre.<br \/>\nToutes les prot\u00e9ines ne se valent pas, choisissez toujours la meilleure. Chez Marvelous Nutrition, nous utilisons exclusivement de l&#039;isolat de prot\u00e9ine de lactos\u00e9rum, car nous sommes convaincus qu&#039;il est id\u00e9al pour nos athl\u00e8tes d&#039;exception.<\/p>","protected":false},"featured_media":5876,"comment_status":"closed","ping_status":"closed","template":"","meta":[],"product_cat":[197,199,200],"product_tag":[202],"class_list":{"0":"post-5642","1":"product","2":"type-product","3":"status-publish","4":"has-post-thumbnail","6":"product_cat-all-products","7":"product_cat-marvelous-originals","8":"product_cat-protein-and-eaa","9":"product_tag-top-selling","11":"first","12":"instock","13":"shipping-taxable","14":"purchasable","15":"product-type-variable"},"_links":{"self":[{"href":"https:\/\/marvelousnutrition.com\/fr\/wp-json\/wp\/v2\/product\/5642","targetHints":{"allow":["GET"]}}],"collection":[{"href":"https:\/\/marvelousnutrition.com\/fr\/wp-json\/wp\/v2\/product"}],"about":[{"href":"https:\/\/marvelousnutrition.com\/fr\/wp-json\/wp\/v2\/types\/product"}],"replies":[{"embeddable":true,"href":"https:\/\/marvelousnutrition.com\/fr\/wp-json\/wp\/v2\/comments?post=5642"}],"wp:featuredmedia":[{"embeddable":true,"href":"https:\/\/marvelousnutrition.com\/fr\/wp-json\/wp\/v2\/media\/5876"}],"wp:attachment":[{"href":"https:\/\/marvelousnutrition.com\/fr\/wp-json\/wp\/v2\/media?parent=5642"}],"wp:term":[{"taxonomy":"product_cat","embeddable":true,"href":"https:\/\/marvelousnutrition.com\/fr\/wp-json\/wp\/v2\/product_cat?post=5642"},{"taxonomy":"product_tag","embeddable":true,"href":"https:\/\/marvelousnutrition.com\/fr\/wp-json\/wp\/v2\/product_tag?post=5642"}],"curies":[{"name":"wp","href":"https:\/\/api.w.org\/{rel}","templated":true}]}}