{"id":5641,"date":"2025-11-05T05:32:27","date_gmt":"2025-11-05T05:32:27","guid":{"rendered":"https:\/\/marvelousnutrition.com\/?post_type=product&#038;p=5641"},"modified":"2026-03-16T20:09:29","modified_gmt":"2026-03-16T20:09:29","slug":"escape","status":"publish","type":"product","link":"https:\/\/marvelousnutrition.com\/fr\/produit\/sechapper\/","title":{"rendered":"S&#039;\u00e9chapper"},"content":{"rendered":"<h6>Pr\u00e9sentation du produit\u00a0:<\/h6>\n<p>\u00c9chappez \u00e0 la dure journ\u00e9e et plongez dans un sommeil profond et r\u00e9parateur qui favorise la r\u00e9cup\u00e9ration, renforce l&#039;immunit\u00e9 et am\u00e9liore l&#039;humeur. Rien n&#039;est plus b\u00e9n\u00e9fique pour votre bien-\u00eatre qu&#039;une bonne nuit de sommeil profond.<\/p>\n<p>Ce produit offre une combinaison unique d&#039;acides amin\u00e9s stimulant la production d&#039;hormone de croissance, de compos\u00e9s r\u00e9duisant le cortisol et le stress, et de ZMA pour augmenter les taux d&#039;hormone de croissance et de testost\u00e9rone, r\u00e9duire le stress et le cortisol, et am\u00e9liorer le sommeil, la r\u00e9cup\u00e9ration et la croissance. Il est con\u00e7u pour favoriser la r\u00e9paration des tissus musculaires et optimiser les performances sportives.<\/p>\n<h6>Avantages du produit\u00a0:<\/h6>\n<ul>\n<li><strong>Augmentation de la production naturelle d&#039;hormone de croissance<\/strong><\/li>\n<li><strong>R\u00e9guler la croissance musculaire et la perte de graisse<\/strong><\/li>\n<li><strong>\u00c9quilibrer le m\u00e9tabolisme<\/strong><\/li>\n<\/ul>\n<h6>La science derri\u00e8re la formule :<\/h6>\n<ul>\n<li><strong>L-Ornithine :<\/strong> Un acide amin\u00e9 qui r\u00e9gule le cycle de l&#039;ur\u00e9e, contribuant \u00e0 \u00e9liminer l&#039;ammoniaque toxique de l&#039;organisme en la convertissant en ur\u00e9e pour son excr\u00e9tion.<\/li>\n<li><strong>L-Glycine :<\/strong> Le plus petit acide amin\u00e9, essentiel \u00e0 la production de glutathion, d&#039;ADN, de cr\u00e9atine, de bile, d&#039;h\u00e9moglobine et de prot\u00e9ines. Il favorise le stockage du glycog\u00e8ne pour l&#039;\u00e9nergie et agit comme neurotransmetteur apaisant pour contribuer \u00e0 un sommeil r\u00e9parateur.<\/li>\n<li><strong>GABA :<\/strong> L&#039;acide gamma-aminobutyrique agit comme neurotransmetteur dans le cerveau, favorisant la relaxation et apaisant la tension nerveuse.<\/li>\n<li><strong>M\u00e9latonine :<\/strong> La m\u00e9latonine est une hormone produite par la glande pin\u00e9ale qui r\u00e9gule les cycles veille-sommeil. Un apport suppl\u00e9mentaire en m\u00e9latonine stimule sa production et favorise un sommeil profond et r\u00e9parateur, notamment lorsque l&#039;exposition \u00e0 la lumi\u00e8re bleue inhibe sa s\u00e9cr\u00e9tion naturelle.<\/li>\n<li><strong>ZMA :<\/strong> Une combinaison de zinc, de magn\u00e9sium et de vitamine B6 con\u00e7ue pour optimiser l&#039;absorption et favoriser la r\u00e9cup\u00e9ration. Le zinc contribue \u00e0 la croissance cellulaire, \u00e0 la r\u00e9paration des tissus et au syst\u00e8me immunitaire. Le magn\u00e9sium maintient l&#039;\u00e9quilibre \u00e9lectrolytique, la production d&#039;\u00e9nergie et la fonction neuromusculaire. L&#039;activit\u00e9 physique accro\u00eet les besoins en ces min\u00e9raux, faisant de ZMA un compl\u00e9ment id\u00e9al pour les reconstituer.<a href=\"https:\/\/marvelousnutrition.com\/wp-content\/uploads\/2025\/11\/escape-gadwel-scaled.png\"><img decoding=\"async\" class=\"alignnone size-medium wp-image-6386\" src=\"https:\/\/marvelousnutrition.com\/wp-content\/uploads\/2025\/11\/escape-gadwel-300x142.png\" alt=\"\" width=\"300\" height=\"142\" srcset=\"https:\/\/marvelousnutrition.com\/wp-content\/uploads\/2025\/11\/escape-gadwel-300x142.png 300w, https:\/\/marvelousnutrition.com\/wp-content\/uploads\/2025\/11\/escape-gadwel-1024x484.png 1024w, https:\/\/marvelousnutrition.com\/wp-content\/uploads\/2025\/11\/escape-gadwel-768x363.png 768w, https:\/\/marvelousnutrition.com\/wp-content\/uploads\/2025\/11\/escape-gadwel-1536x727.png 1536w, https:\/\/marvelousnutrition.com\/wp-content\/uploads\/2025\/11\/escape-gadwel-2048x969.png 2048w, https:\/\/marvelousnutrition.com\/wp-content\/uploads\/2025\/11\/escape-gadwel-18x9.png 18w, https:\/\/marvelousnutrition.com\/wp-content\/uploads\/2025\/11\/escape-gadwel-800x379.png 800w\" sizes=\"(max-width: 300px) 100vw, 300px\" \/><\/a><\/li>\n<\/ul>","protected":false},"excerpt":{"rendered":"<p>\u00c9chappez \u00e0 la dure journ\u00e9e et plongez dans un sommeil profond et r\u00e9parateur qui stimule l&#039;immunit\u00e9 et, finalement, rien n&#039;est plus b\u00e9n\u00e9fique pour l&#039;humeur qu&#039;une bonne nuit de sommeil profond.<\/p>\n<p>Ce produit vous offre une combinaison unique d&#039;acides amin\u00e9s stimulant la production d&#039;hormone de croissance, de ZMA r\u00e9duisant le cortisol et le stress, et augmente les taux d&#039;hormone de croissance et de testost\u00e9rone\u00a0! Il r\u00e9duit le stress et le cortisol, am\u00e9liore le sommeil, la r\u00e9cup\u00e9ration et favorise la croissance musculaire.<\/p>","protected":false},"featured_media":5873,"comment_status":"closed","ping_status":"closed","template":"","meta":[],"product_cat":[208,205,199,210],"product_tag":[202],"class_list":{"0":"post-5641","1":"product","2":"type-product","3":"status-publish","4":"has-post-thumbnail","6":"product_cat-health-and-recovery","7":"product_cat-insulin-and-growth-hormone-boosters","8":"product_cat-marvelous-originals","9":"product_cat-multivitamins","10":"product_tag-top-selling","12":"first","13":"outofstock","14":"shipping-taxable","15":"purchasable","16":"product-type-simple"},"_links":{"self":[{"href":"https:\/\/marvelousnutrition.com\/fr\/wp-json\/wp\/v2\/product\/5641","targetHints":{"allow":["GET"]}}],"collection":[{"href":"https:\/\/marvelousnutrition.com\/fr\/wp-json\/wp\/v2\/product"}],"about":[{"href":"https:\/\/marvelousnutrition.com\/fr\/wp-json\/wp\/v2\/types\/product"}],"replies":[{"embeddable":true,"href":"https:\/\/marvelousnutrition.com\/fr\/wp-json\/wp\/v2\/comments?post=5641"}],"wp:featuredmedia":[{"embeddable":true,"href":"https:\/\/marvelousnutrition.com\/fr\/wp-json\/wp\/v2\/media\/5873"}],"wp:attachment":[{"href":"https:\/\/marvelousnutrition.com\/fr\/wp-json\/wp\/v2\/media?parent=5641"}],"wp:term":[{"taxonomy":"product_cat","embeddable":true,"href":"https:\/\/marvelousnutrition.com\/fr\/wp-json\/wp\/v2\/product_cat?post=5641"},{"taxonomy":"product_tag","embeddable":true,"href":"https:\/\/marvelousnutrition.com\/fr\/wp-json\/wp\/v2\/product_tag?post=5641"}],"curies":[{"name":"wp","href":"https:\/\/api.w.org\/{rel}","templated":true}]}}