{"id":5640,"date":"2025-11-05T05:32:27","date_gmt":"2025-11-05T05:32:27","guid":{"rendered":"https:\/\/marvelousnutrition.com\/?post_type=product&#038;p=5640"},"modified":"2026-03-15T23:54:36","modified_gmt":"2026-03-15T23:54:36","slug":"experiment","status":"publish","type":"product","link":"https:\/\/marvelousnutrition.com\/fr\/produit\/experience\/","title":{"rendered":"Exp\u00e9rience"},"content":{"rendered":"<h6>Pr\u00e9sentation du produit\u00a0:<\/h6>\n<p><strong>Exp\u00e9rimenter le pr\u00e9-entra\u00eenement<\/strong> est le r\u00e9sultat de v\u00e9ritables exp\u00e9riences d&#039;entra\u00eenement \u2014 et non de simples tests en laboratoire !<br \/>\nVivez la sensation de devenir un super-h\u00e9ros gr\u00e2ce \u00e0 un m\u00e9lange complexe d&#039;ingr\u00e9dients purs de qualit\u00e9 ultra-pharmaceutique.<br \/>\nqui stimulent l&#039;\u00e9nergie de votre corps et vous permettent d&#039;atteindre des niveaux d&#039;entra\u00eenement que vous n&#039;auriez jamais imagin\u00e9s.<\/p>\n<p><strong>Exp\u00e9rience<\/strong> est un pr\u00e9-entra\u00eenement enti\u00e8rement dos\u00e9 et hautement efficace qui vous apporte ce que vous d\u00e9sirez vraiment \u2014<br \/>\n<strong>r\u00e9sultats!<\/strong> Mieux encore, ces r\u00e9sultats s&#039;am\u00e9liorent avec l&#039;utilisation.<br \/>\nGr\u00e2ce \u00e0 ses dosages valid\u00e9s par la recherche et agissant en synergie, cette formule stimule une motivation extr\u00eame.<br \/>\ngr\u00e2ce \u00e0 un puissant m\u00e9lange de stimulants intenses et d&#039;agents d&#039;am\u00e9lioration cognitive avanc\u00e9s.<\/p>\n<p>La motivation intense vous am\u00e8ne \u00e0 la salle de sport, et la concentration extr\u00eame vous y maintient.<\/p>\n<h6>Avantages du produit\u00a0:<\/h6>\n<ul>\n<li><strong>Stimule la production d&#039;oxyde nitrique<\/strong><\/li>\n<li><strong>Am\u00e9liore l&#039;\u00e9nergie, la puissance et l&#039;endurance<\/strong><\/li>\n<li><strong>Amplifie la pompe et la circulation sanguine<\/strong><\/li>\n<li><strong>Favorise la concentration pour une meilleure connexion esprit-muscle<\/strong><\/li>\n<li><strong>De d\u00e9licieuses saveurs de bonbons<\/strong><\/li>\n<\/ul>\n<h6>La science derri\u00e8re la formule :<\/h6>\n<ul>\n<li><strong>Malate de citrulline + AAKG :<\/strong><br \/>\n(<em>M\u00e9lange de L-citrulline malate 2:1 et d&#039;arginine AKG 2:1<\/em>) dans un rapport de 2:1<br \/>\nil a \u00e9t\u00e9 d\u00e9montr\u00e9 que cette m\u00e9thode est plus efficace pour augmenter les taux d&#039;arginine dans le sang.<br \/>\nque chaque ingr\u00e9dient pris individuellement. Une production accrue d&#039;oxyde nitrique (NO) entra\u00eene une am\u00e9lioration du flux sanguin.,<br \/>\nApport d&#039;oxyg\u00e8ne et transport des nutriments aux muscles \u2014 pour une performance optimale.<br \/>\nDes recherches suppl\u00e9mentaires sur la L-citrulline sugg\u00e8rent une am\u00e9lioration de la cin\u00e9tique du VO\u2082 et de la production d&#039;ATP.,<br \/>\nce qui permet d&#039;am\u00e9liorer l&#039;endurance et de d\u00e9velopper la masse musculaire maigre.<\/li>\n<li><strong>B\u00eata-alanine :<\/strong><br \/>\nUn acide amin\u00e9 puissant qui augmente l&#039;endurance et la r\u00e9sistance en \u00e9levant les niveaux de carnosine musculaire.<br \/>\nLa carnosine neutralise l&#039;accumulation d&#039;acide lactique pendant un exercice intense, retardant la fatigue et permettant une r\u00e9cup\u00e9ration plus longue.,<br \/>\nDes entra\u00eenements plus intensifs avant que les muscles ne l\u00e2chent prise.<\/li>\n<li><strong>Bitartrate de choline :<\/strong><br \/>\nUn nutriment essentiel, crucial pour les fonctions cognitives, le mouvement musculaire et la structure cellulaire.<br \/>\nC&#039;est un pr\u00e9curseur essentiel de l&#039;ac\u00e9tylcholine, le \u201c neurotransmetteur de l&#039;apprentissage \u201d qui am\u00e9liore la concentration, la m\u00e9moire,<br \/>\net la connexion neuromusculaire. La suppl\u00e9mentation favorise des niveaux optimaux d&#039;ac\u00e9tylcholine pour une concentration sup\u00e9rieure \u00e0 l&#039;entra\u00eenement.<\/li>\n<li><strong>Caf\u00e9ine:<\/strong><br \/>\nUn stimulant bien connu qui augmente l&#039;\u00e9nergie mentale, la concentration et la vigilance tout en favorisant le m\u00e9tabolisme des graisses.<br \/>\npour am\u00e9liorer les performances et l&#039;endurance.<\/li>\n<\/ul>\n<p><a href=\"https:\/\/marvelousnutrition.com\/wp-content\/uploads\/2025\/11\/expermint-gadwel-scaled.png\"><img fetchpriority=\"high\" decoding=\"async\" class=\"alignnone size-medium wp-image-6368\" src=\"https:\/\/marvelousnutrition.com\/wp-content\/uploads\/2025\/11\/expermint-gadwel-300x176.png\" alt=\"\" width=\"300\" height=\"176\" srcset=\"https:\/\/marvelousnutrition.com\/wp-content\/uploads\/2025\/11\/expermint-gadwel-300x176.png 300w, https:\/\/marvelousnutrition.com\/wp-content\/uploads\/2025\/11\/expermint-gadwel-1024x602.png 1024w, https:\/\/marvelousnutrition.com\/wp-content\/uploads\/2025\/11\/expermint-gadwel-768x452.png 768w, https:\/\/marvelousnutrition.com\/wp-content\/uploads\/2025\/11\/expermint-gadwel-1536x903.png 1536w, https:\/\/marvelousnutrition.com\/wp-content\/uploads\/2025\/11\/expermint-gadwel-2048x1204.png 2048w, https:\/\/marvelousnutrition.com\/wp-content\/uploads\/2025\/11\/expermint-gadwel-18x12.png 18w, https:\/\/marvelousnutrition.com\/wp-content\/uploads\/2025\/11\/expermint-gadwel-800x470.png 800w\" sizes=\"(max-width: 300px) 100vw, 300px\" \/><\/a><\/p>","protected":false},"excerpt":{"rendered":"<p>Experiment Pre-Workout est le fruit d&#039;exp\u00e9rimentations r\u00e9elles sur le terrain, et non de simples exp\u00e9riences en laboratoire\u00a0! Exp\u00e9rimentez la sensation d&#039;\u00eatre un super-h\u00e9ros. Gr\u00e2ce \u00e0 un m\u00e9lange complexe d&#039;ingr\u00e9dients purs de qualit\u00e9 pharmaceutique sup\u00e9rieure, votre \u00e9nergie d\u00e9cupl\u00e9e vous propulsera vers des performances insoup\u00e7onn\u00e9es.<\/p>","protected":false},"featured_media":5861,"comment_status":"closed","ping_status":"closed","template":"","meta":[],"product_cat":[199,207],"product_tag":[202],"class_list":{"0":"post-5640","1":"product","2":"type-product","3":"status-publish","4":"has-post-thumbnail","6":"product_cat-marvelous-originals","7":"product_cat-preworkout-and-pump","8":"product_tag-top-selling","10":"first","11":"outofstock","12":"shipping-taxable","13":"product-type-variable"},"_links":{"self":[{"href":"https:\/\/marvelousnutrition.com\/fr\/wp-json\/wp\/v2\/product\/5640","targetHints":{"allow":["GET"]}}],"collection":[{"href":"https:\/\/marvelousnutrition.com\/fr\/wp-json\/wp\/v2\/product"}],"about":[{"href":"https:\/\/marvelousnutrition.com\/fr\/wp-json\/wp\/v2\/types\/product"}],"replies":[{"embeddable":true,"href":"https:\/\/marvelousnutrition.com\/fr\/wp-json\/wp\/v2\/comments?post=5640"}],"wp:featuredmedia":[{"embeddable":true,"href":"https:\/\/marvelousnutrition.com\/fr\/wp-json\/wp\/v2\/media\/5861"}],"wp:attachment":[{"href":"https:\/\/marvelousnutrition.com\/fr\/wp-json\/wp\/v2\/media?parent=5640"}],"wp:term":[{"taxonomy":"product_cat","embeddable":true,"href":"https:\/\/marvelousnutrition.com\/fr\/wp-json\/wp\/v2\/product_cat?post=5640"},{"taxonomy":"product_tag","embeddable":true,"href":"https:\/\/marvelousnutrition.com\/fr\/wp-json\/wp\/v2\/product_tag?post=5640"}],"curies":[{"name":"wp","href":"https:\/\/api.w.org\/{rel}","templated":true}]}}