{"id":5639,"date":"2025-11-05T05:32:27","date_gmt":"2025-11-05T05:32:27","guid":{"rendered":"https:\/\/marvelousnutrition.com\/?post_type=product&#038;p=5639"},"modified":"2026-03-15T23:53:54","modified_gmt":"2026-03-15T23:53:54","slug":"infected","status":"publish","type":"product","link":"https:\/\/marvelousnutrition.com\/fr\/produit\/infecte\/","title":{"rendered":"Infect\u00e9"},"content":{"rendered":"<h6>Pr\u00e9sentation du produit\u00a0:<\/h6>\n<p>Notre <strong>pr\u00e9-entra\u00eenement sans stimulants pour la musculation<\/strong> Il regorge d&#039;\u00e9nergie explosive et procure une sensation de puissance incroyable.<\/p>\n<p>Rien ne vous arr\u00eatera.<\/p>\n<p>Cette formule sans stimulants est compos\u00e9e des meilleurs ingr\u00e9dients, scientifiquement valid\u00e9s, qui favorisent une croissance musculaire maigre sup\u00e9rieure \u00e0 celle de toute autre combinaison dans l&#039;industrie des compl\u00e9ments alimentaires.<\/p>\n<p><strong>Infect\u00e9<\/strong> Contient un m\u00e9lange complexe d&#039;ingr\u00e9dients purs de qualit\u00e9 ultra-pharmaceutique qui am\u00e9liorent la production d&#039;\u00e9nergie et le d\u00e9veloppement musculaire, transformant ainsi vos ambitions d&#039;entra\u00eenement en v\u00e9ritables r\u00e9ussites.<\/p>\n<h6>Avantages du produit\u00a0:<\/h6>\n<ul>\n<li><strong>Augmente la masse musculaire<\/strong><\/li>\n<li><strong>Optimise la congestion musculaire<\/strong><\/li>\n<li><strong>Favorise des entra\u00eenements plus longs et plus intenses en retardant la fatigue<\/strong><\/li>\n<li><strong>Acc\u00e9l\u00e8re la r\u00e9cup\u00e9ration musculaire<\/strong><\/li>\n<li><strong>Peut contribuer \u00e0 r\u00e9guler les niveaux de cortisol.<\/strong><\/li>\n<\/ul>\n<p><a href=\"https:\/\/marvelousnutrition.com\/wp-content\/uploads\/2025\/11\/infected-new--scaled.png\"><img fetchpriority=\"high\" decoding=\"async\" class=\"alignnone size-medium wp-image-6367\" src=\"https:\/\/marvelousnutrition.com\/wp-content\/uploads\/2025\/11\/infected-new--300x171.png\" alt=\"\" width=\"300\" height=\"171\" srcset=\"https:\/\/marvelousnutrition.com\/wp-content\/uploads\/2025\/11\/infected-new--300x171.png 300w, https:\/\/marvelousnutrition.com\/wp-content\/uploads\/2025\/11\/infected-new--1024x583.png 1024w, https:\/\/marvelousnutrition.com\/wp-content\/uploads\/2025\/11\/infected-new--768x438.png 768w, https:\/\/marvelousnutrition.com\/wp-content\/uploads\/2025\/11\/infected-new--1536x875.png 1536w, https:\/\/marvelousnutrition.com\/wp-content\/uploads\/2025\/11\/infected-new--2048x1167.png 2048w, https:\/\/marvelousnutrition.com\/wp-content\/uploads\/2025\/11\/infected-new--18x10.png 18w, https:\/\/marvelousnutrition.com\/wp-content\/uploads\/2025\/11\/infected-new--1060x600.png 1060w, https:\/\/marvelousnutrition.com\/wp-content\/uploads\/2025\/11\/infected-new--800x456.png 800w\" sizes=\"(max-width: 300px) 100vw, 300px\" \/><\/a><\/p>","protected":false},"excerpt":{"rendered":"<p>Notre pr\u00e9-entra\u00eenement sans stimulants, con\u00e7u pour la construction musculaire, vous offre une \u00e9nergie explosive et une congestion musculaire incroyable.<br \/>\nRien ne vous arr\u00eatera.<br \/>\nNotre formule sans stimulants est \u00e9labor\u00e9e \u00e0 partir des meilleurs ingr\u00e9dients, dont l&#039;efficacit\u00e9 pour d\u00e9velopper la masse musculaire maigre est prouv\u00e9e sup\u00e9rieure \u00e0 celle de tous les autres ingr\u00e9dients de l&#039;industrie des compl\u00e9ments alimentaires.<\/p>","protected":false},"featured_media":5840,"comment_status":"closed","ping_status":"closed","template":"","meta":[],"product_cat":[199,207],"product_tag":[202],"class_list":{"0":"post-5639","1":"product","2":"type-product","3":"status-publish","4":"has-post-thumbnail","6":"product_cat-marvelous-originals","7":"product_cat-preworkout-and-pump","8":"product_tag-top-selling","10":"first","11":"instock","12":"shipping-taxable","13":"purchasable","14":"product-type-variable"},"_links":{"self":[{"href":"https:\/\/marvelousnutrition.com\/fr\/wp-json\/wp\/v2\/product\/5639","targetHints":{"allow":["GET"]}}],"collection":[{"href":"https:\/\/marvelousnutrition.com\/fr\/wp-json\/wp\/v2\/product"}],"about":[{"href":"https:\/\/marvelousnutrition.com\/fr\/wp-json\/wp\/v2\/types\/product"}],"replies":[{"embeddable":true,"href":"https:\/\/marvelousnutrition.com\/fr\/wp-json\/wp\/v2\/comments?post=5639"}],"wp:featuredmedia":[{"embeddable":true,"href":"https:\/\/marvelousnutrition.com\/fr\/wp-json\/wp\/v2\/media\/5840"}],"wp:attachment":[{"href":"https:\/\/marvelousnutrition.com\/fr\/wp-json\/wp\/v2\/media?parent=5639"}],"wp:term":[{"taxonomy":"product_cat","embeddable":true,"href":"https:\/\/marvelousnutrition.com\/fr\/wp-json\/wp\/v2\/product_cat?post=5639"},{"taxonomy":"product_tag","embeddable":true,"href":"https:\/\/marvelousnutrition.com\/fr\/wp-json\/wp\/v2\/product_tag?post=5639"}],"curies":[{"name":"wp","href":"https:\/\/api.w.org\/{rel}","templated":true}]}}