{"id":6112,"date":"2025-12-24T17:06:46","date_gmt":"2025-12-24T17:06:46","guid":{"rendered":"https:\/\/marvelousnutrition.com\/?page_id=6112"},"modified":"2025-12-24T17:07:36","modified_gmt":"2025-12-24T17:07:36","slug":"become-a-resellers","status":"publish","type":"page","link":"https:\/\/marvelousnutrition.com\/fr\/devenir-revendeur\/","title":{"rendered":"Devenez revendeur"},"content":{"rendered":"<div data-elementor-type=\"wp-page\" data-elementor-id=\"6112\" class=\"elementor elementor-6112\">\n\t\t\t\t<div class=\"elementor-element elementor-element-e5a474a e-flex e-con-boxed e-con e-parent\" data-id=\"e5a474a\" data-element_type=\"container\" data-e-type=\"container\">\n\t\t\t\t\t<div class=\"e-con-inner\">\n\t\t\t\t<div class=\"elementor-element elementor-element-b4a3f14 elementor-widget elementor-widget-html\" data-id=\"b4a3f14\" data-element_type=\"widget\" data-e-type=\"widget\" data-widget_type=\"html.default\">\n\t\t\t\t\t<p>\n\u00c0 <strong>Merveilleux De La Nutrition<\/strong>, Nous \u00e9largissons notre r\u00e9seau et invitons les entreprises motiv\u00e9es, les propri\u00e9taires de salles de sport, les d\u00e9taillants et les distributeurs \u00e0 devenir partenaires en tant que revendeurs officiels.\n<\/p>\n\n<p>\nSi vous souhaitez proposer des compl\u00e9ments alimentaires de qualit\u00e9 sup\u00e9rieure fabriqu\u00e9s au Portugal, voici une opportunit\u00e9 de d\u00e9velopper votre activit\u00e9 avec une marque de confiance et en pleine croissance.\n<\/p>\n\n<hr>\n\n<h3>Pourquoi choisir Marvelous Nutrition comme partenaire ?<\/h3>\n<ul>\n  <li>Compl\u00e9ments alimentaires de qualit\u00e9 sup\u00e9rieure fabriqu\u00e9s au Portugal<\/li>\n  <li>Ingr\u00e9dients de haute qualit\u00e9 et normes de qualit\u00e9 strictes<\/li>\n  <li>Une identit\u00e9 de marque forte et une demande du march\u00e9 croissante<\/li>\n  <li>Prix de gros comp\u00e9titifs et marges attractives<\/li>\n  <li>Approvisionnement fiable et assistance professionnelle<\/li>\n<\/ul>\n\n<hr>\n\n<h3>Qui peut devenir revendeur ?<\/h3>\n<p>\nNous acceptons les candidatures de :\n<\/p>\n<ul>\n  <li>Magasins et d\u00e9taillants de suppl\u00e9ments<\/li>\n  <li>Propri\u00e9taires de salles de sport et de centres de remise en forme<\/li>\n  <li>Les vendeurs en ligne et les entreprises de commerce \u00e9lectronique<\/li>\n  <li>professionnels de la sant\u00e9 et consultants en nutrition<\/li>\n  <li>Distributeurs au Portugal, en Espagne et en Europe<\/li>\n<\/ul>\n\n<hr>\n\n<h3>Ce que nous attendons de nos revendeurs<\/h3>\n<ul>\n  <li>Engagement \u00e0 promouvoir la marque Marvelous Nutrition de mani\u00e8re professionnelle<\/li>\n  <li>Respect des lois et r\u00e9glementations locales<\/li>\n  <li>Marketing \u00e9thique et pratiques commerciales transparentes<\/li>\n  <li>Respect des directives de la marque et de la structure tarifaire<\/li>\n<\/ul>\n\n<hr>\n\n<h3>Ce que vous obtenez en tant que revendeur officiel<\/h3>\n<ul>\n  <li>Acc\u00e8s aux prix de gros<\/li>\n  <li>Informations sur les produits et soutien marketing<\/li>\n  <li>Traitement prioritaire des commandes<\/li>\n  <li>opportunit\u00e9s de partenariat \u00e0 long terme<\/li>\n<\/ul>\n\n<hr>\n\n<h3>Comment postuler<\/h3>\n<p>\nPour devenir revendeur, veuillez remplir le formulaire ci-dessous avec des informations commerciales exactes. Notre \u00e9quipe examinera votre candidature et vous contactera sous quelques jours ouvrables.\n<\/p>\n\n<p>\nL\u2019envoi du formulaire ne garantit pas son approbation. Marvelous Nutrition se r\u00e9serve le droit d\u2019approuver ou de refuser toute demande de revendeur.\n<\/p>\n\n<hr>\n\n<h3>Note importante<\/h3>\n<p>\nTous les partenariats de revente sont soumis \u00e0 des conditions et accords de vente en gros distincts. De plus amples informations seront communiqu\u00e9es apr\u00e8s examen et approbation de votre demande.\n<\/p>\n\n<hr>\n\n<p>\n<strong>Merveilleux De La Nutrition<\/strong><br>\nNutrition de qualit\u00e9 sup\u00e9rieure. Fabriqu\u00e9 au Portugal. Livr\u00e9 dans toute l&#039;Europe.\n<\/p>\n\t\t\t\t<\/div>\n\t\t\t\t\t<\/div>\n\t\t\t\t<\/div>\n\t\t\t\t<\/div>","protected":false},"excerpt":{"rendered":"<p>At Marvelous Nutrition, we are expanding our network and inviting motivated businesses, gym owners, retailers, and distributors to partner with us as official resellers. If you are looking to offer premium-quality nutritional supplements manufactured in Portugal, this is an opportunity to grow your business with a trusted and fast-growing brand. Why Partner With Marvelous Nutrition? [&hellip;]<\/p>\n","protected":false},"author":1,"featured_media":0,"parent":0,"menu_order":0,"comment_status":"closed","ping_status":"closed","template":"","meta":{"footnotes":""},"class_list":["post-6112","page","type-page","status-publish","hentry"],"_links":{"self":[{"href":"https:\/\/marvelousnutrition.com\/fr\/wp-json\/wp\/v2\/pages\/6112","targetHints":{"allow":["GET"]}}],"collection":[{"href":"https:\/\/marvelousnutrition.com\/fr\/wp-json\/wp\/v2\/pages"}],"about":[{"href":"https:\/\/marvelousnutrition.com\/fr\/wp-json\/wp\/v2\/types\/page"}],"author":[{"embeddable":true,"href":"https:\/\/marvelousnutrition.com\/fr\/wp-json\/wp\/v2\/users\/1"}],"replies":[{"embeddable":true,"href":"https:\/\/marvelousnutrition.com\/fr\/wp-json\/wp\/v2\/comments?post=6112"}],"version-history":[{"count":4,"href":"https:\/\/marvelousnutrition.com\/fr\/wp-json\/wp\/v2\/pages\/6112\/revisions"}],"predecessor-version":[{"id":6116,"href":"https:\/\/marvelousnutrition.com\/fr\/wp-json\/wp\/v2\/pages\/6112\/revisions\/6116"}],"wp:attachment":[{"href":"https:\/\/marvelousnutrition.com\/fr\/wp-json\/wp\/v2\/media?parent=6112"}],"curies":[{"name":"wp","href":"https:\/\/api.w.org\/{rel}","templated":true}]}}