{"id":6093,"date":"2025-12-24T16:56:10","date_gmt":"2025-12-24T16:56:10","guid":{"rendered":"https:\/\/marvelousnutrition.com\/?page_id=6093"},"modified":"2025-12-24T16:57:52","modified_gmt":"2025-12-24T16:57:52","slug":"terms-and-service","status":"publish","type":"page","link":"https:\/\/marvelousnutrition.com\/fr\/conditions-generales-dutilisation\/","title":{"rendered":"Les conditions et le Service"},"content":{"rendered":"<div data-elementor-type=\"wp-page\" data-elementor-id=\"6093\" class=\"elementor elementor-6093\">\n\t\t\t\t<div class=\"elementor-element elementor-element-1b381b5 e-flex e-con-boxed e-con e-parent\" data-id=\"1b381b5\" data-element_type=\"container\" data-e-type=\"container\">\n\t\t\t\t\t<div class=\"e-con-inner\">\n\t\t\t\t<div class=\"elementor-element elementor-element-42e9495 elementor-widget elementor-widget-html\" data-id=\"42e9495\" data-element_type=\"widget\" data-e-type=\"widget\" data-widget_type=\"html.default\">\n\t\t\t\t\t<p><strong>Derni\u00e8re mise \u00e0 jour\u00a0:<\/strong> 24 d\u00e9cembre 2025<\/p>\n\n<p>\nBienvenue sur <strong>Merveilleux De La Nutrition<\/strong>. En acc\u00e9dant \u00e0 notre site Web ou en l&#039;utilisant, vous acceptez les conditions suivantes\u00a0:\n<a href=\"https:\/\/marvelousnutrition.com\/fr\/\" target=\"_blank\">https:\/\/marvelousnutrition.com<\/a>Vous acceptez de vous conformer aux conditions g\u00e9n\u00e9rales suivantes et d&#039;y \u00eatre li\u00e9.\n<\/p>\n\n<p>\nSi vous n&#039;acceptez pas l&#039;une quelconque de ces conditions, veuillez ne pas utiliser notre site web ni nos services.\n<\/p>\n\n<hr>\n\n<h3>1. Informations sur l&#039;entreprise<\/h3>\n<p>\nMarvelous Nutrition op\u00e8re depuis le Portugal et fabrique et vend des compl\u00e9ments alimentaires au Portugal, en Espagne et dans certains pays europ\u00e9ens.\n<\/p>\n\n<hr>\n\n<h3>2. Utilisation du site Web<\/h3>\n<p>\nVous acceptez d&#039;utiliser ce site Web uniquement \u00e0 des fins licites et d&#039;une mani\u00e8re qui ne viole aucune loi ni r\u00e9glementation applicable.\n<\/p>\n<ul>\n  <li>Vous devez avoir au moins 18 ans pour passer une commande.<\/li>\n  <li>Vous devez fournir des informations exactes et compl\u00e8tes lors de votre commande.<\/li>\n  <li>Vous ne devez pas utiliser le site web de mani\u00e8re abusive, le pirater ou le perturber.<\/li>\n<\/ul>\n\n<hr>\n\n<h3>3. Produits et informations<\/h3>\n<p>\nTous les produits vendus par Marvelous Nutrition sont des compl\u00e9ments alimentaires destin\u00e9s \u00e0 un usage g\u00e9n\u00e9ral. Ils ne sont pas destin\u00e9s \u00e0 diagnostiquer, traiter, gu\u00e9rir ou pr\u00e9venir une quelconque maladie.\n<\/p>\n<p>\nLes descriptions, images et informations relatives aux produits sont fournies \u00e0 titre indicatif uniquement. Les r\u00e9sultats peuvent varier d&#039;une personne \u00e0 l&#039;autre.\n<\/p>\n\n<hr>\n\n<h3>4. Commandes et paiements<\/h3>\n<p>\nToutes les commandes pass\u00e9es sur notre site web sont soumises \u00e0 disponibilit\u00e9 et \u00e0 acceptation.\n<\/p>\n<ul>\n  <li>Les prix sont affich\u00e9s dans la devise applicable et peuvent \u00eatre modifi\u00e9s sans pr\u00e9avis.<\/li>\n  <li>Le paiement doit \u00eatre effectu\u00e9 avant le traitement de la commande<\/li>\n  <li>Nous nous r\u00e9servons le droit d&#039;annuler ou de refuser toute commande<\/li>\n<\/ul>\n\n<hr>\n\n<h3>5. Exp\u00e9dition et livraison<\/h3>\n<p>\nL&#039;exp\u00e9dition et la livraison sont soumises \u00e0 nos conditions g\u00e9n\u00e9rales. <strong>Politique d&#039;exp\u00e9dition et de livraison<\/strong>Les d\u00e9lais de livraison sont des estimations et peuvent varier en raison de retards du transporteur ou de circonstances impr\u00e9vues.\n<\/p>\n\n<hr>\n\n<h3>6. Retours et remboursements<\/h3>\n<p>\nEn raison de la nature des produits consommables, nous n&#039;acceptons ni les retours ni les remboursements, sauf dans les cas limit\u00e9s d\u00e9crits dans notre politique de retours et de remboursements. <strong>Politique de retour et de remboursement<\/strong>.\n<\/p>\n\n<hr>\n\n<h3>7. Propri\u00e9t\u00e9 intellectuelle<\/h3>\n<p>\nL&#039;ensemble du contenu de ce site Web, y compris les textes, images, logos, designs et graphismes, est la propri\u00e9t\u00e9 de Marvelous Nutrition et est prot\u00e9g\u00e9 par les lois sur la propri\u00e9t\u00e9 intellectuelle.\n<\/p>\n<p>\nVous n&#039;\u00eates pas autoris\u00e9 \u00e0 copier, reproduire ou utiliser le contenu sans autorisation \u00e9crite.\n<\/p>\n\n<hr>\n\n<h3>8. Limitation de responsabilit\u00e9<\/h3>\n<p>\nMarvelous Nutrition ne saurait \u00eatre tenue responsable des dommages directs, indirects, accessoires ou cons\u00e9cutifs d\u00e9coulant de l&#039;utilisation ou de l&#039;incapacit\u00e9 d&#039;utiliser ses produits ou son site web.\n<\/p>\n<p>\nIl est de la responsabilit\u00e9 des clients de consulter un professionnel de la sant\u00e9 avant d&#039;utiliser tout compl\u00e9ment alimentaire, notamment en cas de grossesse, d&#039;allaitement ou de probl\u00e8me de sant\u00e9.\n<\/p>\n\n<hr>\n\n<h3>9. Responsabilit\u00e9 de l&#039;utilisateur<\/h3>\n<p>\nIl vous incombe de v\u00e9rifier que les produits command\u00e9s conviennent \u00e0 votre usage personnel. Veuillez toujours lire les \u00e9tiquettes et les instructions des produits avant utilisation.\n<\/p>\n\n<hr>\n\n<h3>10. Confidentialit\u00e9<\/h3>\n<p>\nVos informations personnelles sont trait\u00e9es conform\u00e9ment \u00e0 notre politique de confidentialit\u00e9. <strong>Politique De Confidentialit\u00e9<\/strong>En utilisant notre site web, vous consentez \u00e0 la collecte et \u00e0 l&#039;utilisation de vos donn\u00e9es telles que d\u00e9crites dans celui-ci.\n<\/p>\n\n<hr>\n\n<h3>11. Modifications des conditions<\/h3>\n<p>\nNous nous r\u00e9servons le droit de mettre \u00e0 jour ou de modifier les pr\u00e9sentes conditions g\u00e9n\u00e9rales \u00e0 tout moment et sans pr\u00e9avis. Les modifications entreront en vigueur imm\u00e9diatement apr\u00e8s leur publication sur cette page.\n<\/p>\n\n<hr>\n\n<h3>12. Droit applicable<\/h3>\n<p>\nLes pr\u00e9sentes conditions g\u00e9n\u00e9rales sont r\u00e9gies et interpr\u00e9t\u00e9es conform\u00e9ment aux lois de\n<strong>Portugal<\/strong>.\n<\/p>\n\n<hr>\n\n<h3>13. Coordonn\u00e9es<\/h3>\n<p>\nSi vous avez des questions concernant ces conditions g\u00e9n\u00e9rales, veuillez nous contacter\u00a0:\n<\/p>\n<p>\n<strong>E-mail:<\/strong>\n<a href=\"mailto:info@marvelousnutrition.com\">info@marvelousnutrition.com<\/a><br>\n<strong>Site web:<\/strong>\n<a href=\"https:\/\/marvelousnutrition.com\/fr\/\" target=\"_blank\">https:\/\/marvelousnutrition.com<\/a>\n<\/p>\n\n<hr>\n\n<p>\n<strong>Merveilleux De La Nutrition<\/strong><br>\nNutrition de qualit\u00e9 sup\u00e9rieure. Fabriqu\u00e9 au Portugal. Livr\u00e9 dans toute l&#039;Europe.\n<\/p>\n\t\t\t\t<\/div>\n\t\t\t\t\t<\/div>\n\t\t\t\t<\/div>\n\t\t\t\t<\/div>","protected":false},"excerpt":{"rendered":"<p>Last updated: 24 December 2025 Welcome to Marvelous Nutrition. By accessing or using our website https:\/\/marvelousnutrition.com, you agree to comply with and be bound by the following Terms &#038; Conditions. If you do not agree with any part of these terms, please do not use our website or services. 1. Company Information Marvelous Nutrition operates [&hellip;]<\/p>\n","protected":false},"author":1,"featured_media":0,"parent":0,"menu_order":0,"comment_status":"closed","ping_status":"closed","template":"","meta":{"footnotes":""},"class_list":["post-6093","page","type-page","status-publish","hentry"],"_links":{"self":[{"href":"https:\/\/marvelousnutrition.com\/fr\/wp-json\/wp\/v2\/pages\/6093","targetHints":{"allow":["GET"]}}],"collection":[{"href":"https:\/\/marvelousnutrition.com\/fr\/wp-json\/wp\/v2\/pages"}],"about":[{"href":"https:\/\/marvelousnutrition.com\/fr\/wp-json\/wp\/v2\/types\/page"}],"author":[{"embeddable":true,"href":"https:\/\/marvelousnutrition.com\/fr\/wp-json\/wp\/v2\/users\/1"}],"replies":[{"embeddable":true,"href":"https:\/\/marvelousnutrition.com\/fr\/wp-json\/wp\/v2\/comments?post=6093"}],"version-history":[{"count":4,"href":"https:\/\/marvelousnutrition.com\/fr\/wp-json\/wp\/v2\/pages\/6093\/revisions"}],"predecessor-version":[{"id":6098,"href":"https:\/\/marvelousnutrition.com\/fr\/wp-json\/wp\/v2\/pages\/6093\/revisions\/6098"}],"wp:attachment":[{"href":"https:\/\/marvelousnutrition.com\/fr\/wp-json\/wp\/v2\/media?parent=6093"}],"curies":[{"name":"wp","href":"https:\/\/api.w.org\/{rel}","templated":true}]}}