{"id":6088,"date":"2025-12-24T16:52:10","date_gmt":"2025-12-24T16:52:10","guid":{"rendered":"https:\/\/marvelousnutrition.com\/?page_id=6088"},"modified":"2025-12-24T16:54:34","modified_gmt":"2025-12-24T16:54:34","slug":"return-policy","status":"publish","type":"page","link":"https:\/\/marvelousnutrition.com\/fr\/politique-de-retour\/","title":{"rendered":"Politique De Retour"},"content":{"rendered":"<div data-elementor-type=\"wp-page\" data-elementor-id=\"6088\" class=\"elementor elementor-6088\">\n\t\t\t\t<div class=\"elementor-element elementor-element-45e90da e-flex e-con-boxed e-con e-parent\" data-id=\"45e90da\" data-element_type=\"container\" data-e-type=\"container\">\n\t\t\t\t\t<div class=\"e-con-inner\">\n\t\t\t\t<div class=\"elementor-element elementor-element-1194712 elementor-widget elementor-widget-html\" data-id=\"1194712\" data-element_type=\"widget\" data-e-type=\"widget\" data-widget_type=\"html.default\">\n\t\t\t\t\t\n<p><strong>Derni\u00e8re mise \u00e0 jour\u00a0:<\/strong> 24 d\u00e9cembre 2025<\/p>\n\n<p>\n\u00c0 <strong>Merveilleux De La Nutrition<\/strong>, La satisfaction de nos clients et la s\u00e9curit\u00e9 de nos produits sont primordiales. Compte tenu de la nature des compl\u00e9ments alimentaires, nous respectons des normes d&#039;hygi\u00e8ne et de s\u00e9curit\u00e9 tr\u00e8s strictes.\n<\/p>\n\n<hr>\n\n<h3>Politique de non-retour<\/h3>\n<p>\nNous le faisons <strong>Nous n&#039;acceptons ni les retours ni les \u00e9changes.<\/strong> sur tous les produits une fois qu&#039;ils ont \u00e9t\u00e9 livr\u00e9s.\n<\/p>\n<p>\nCette politique est en place car nos produits sont des articles consommables et, pour des raisons de sant\u00e9, de s\u00e9curit\u00e9 et d&#039;hygi\u00e8ne, les compl\u00e9ments alimentaires retourn\u00e9s ne peuvent pas \u00eatre revendus.\n<\/p>\n\n<hr>\n\n<h3>Exceptions \u2013 Cas o\u00f9 les retours ou les remboursements peuvent \u00eatre accept\u00e9s<\/h3>\n<p>\nNous pouvons accepter un retour ou proc\u00e9der \u00e0 un remboursement. <strong>uniquement dans les situations suivantes<\/strong>:\n<\/p>\n<ul>\n  <li>Vous avez re\u00e7u un <strong>produit endommag\u00e9<\/strong><\/li>\n  <li>Vous avez re\u00e7u un <strong>produit incorrect<\/strong><\/li>\n  <li>Le produit \u00e9tait <strong>p\u00e9rim\u00e9 au moment de la livraison<\/strong><\/li>\n<\/ul>\n\n<p>\nDans de tels cas, vous devez nous contacter dans les plus brefs d\u00e9lais. <strong>48 heures<\/strong> de la r\u00e9ception de votre commande.\n<\/p>\n\n<hr>\n\n<h3>Conditions d&#039;approbation<\/h3>\n<p>\nPour \u00eatre admissible \u00e0 un retour ou \u00e0 un remboursement en vertu des exceptions ci-dessus\u00a0:\n<\/p>\n<ul>\n  <li>Le produit doit \u00eatre <strong>non utilis\u00e9 et non ouvert<\/strong><\/li>\n  <li>L&#039;emballage d&#039;origine doit \u00eatre intact.<\/li>\n  <li>Des photos ou vid\u00e9os nettes doivent \u00eatre fournies comme preuve<\/li>\n<\/ul>\n\n<p>\nUne fois votre demande approuv\u00e9e, nous vous proposerons soit un remplacement, soit un remboursement, selon la situation.\n<\/p>\n\n<hr>\n\n<h3>Situations non remboursables<\/h3>\n<p>\nLes remboursements ou les retours seront <strong>pas<\/strong> \u00eatre fourni dans les cas suivants\u00a0:\n<\/p>\n<ul>\n  <li>Changement d&#039;avis apr\u00e8s l&#039;accouchement<\/li>\n  <li>Produit incorrect command\u00e9 par le client<\/li>\n  <li>Produits ouverts ou utilis\u00e9s<\/li>\n  <li>Retards de livraison dus au transporteur ou \u00e0 une adresse incorrecte fournie par le client<\/li>\n<\/ul>\n\n<hr>\n\n<h3>Traitement des remboursements<\/h3>\n<p>\nSi un remboursement est approuv\u00e9, il sera trait\u00e9 selon le mode de paiement initial dans un d\u00e9lai de [d\u00e9lai manquant]. <strong>5 \u00e0 10 jours ouvrables<\/strong>, selon votre banque ou votre prestataire de paiement.\n<\/p>\n\n<hr>\n\n<h3>Contactez-Nous<\/h3>\n<p>\nSi vous avez des questions concernant notre politique de retour et de remboursement, veuillez nous contacter\u00a0:\n<\/p>\n<p>\n<strong>E-mail:<\/strong> <a href=\"mailto:info@marvelousnutrition.com\">info@marvelousnutrition.com<\/a><br>\n<strong>Site web:<\/strong> <a href=\"https:\/\/marvelousnutrition.com\/fr\/\" target=\"_blank\">https:\/\/marvelousnutrition.com<\/a>\n<\/p>\n\n<hr>\n\n<p>\n<strong>Merveilleux De La Nutrition<\/strong><br>\nNutrition de qualit\u00e9 sup\u00e9rieure. Fabriqu\u00e9 au Portugal. Livr\u00e9 dans toute l&#039;Europe.\n<\/p>\n\t\t\t\t<\/div>\n\t\t\t\t\t<\/div>\n\t\t\t\t<\/div>\n\t\t\t\t<\/div>","protected":false},"excerpt":{"rendered":"<p>Last updated: 24 December 2025 At Marvelous Nutrition, customer satisfaction and product safety are very important to us. Due to the nature of nutritional and health supplements, we follow strict hygiene and safety standards. No Return Policy We do not accept returns or exchanges on any products once they have been delivered. This policy is [&hellip;]<\/p>\n","protected":false},"author":1,"featured_media":0,"parent":0,"menu_order":0,"comment_status":"closed","ping_status":"closed","template":"","meta":{"footnotes":""},"class_list":["post-6088","page","type-page","status-publish","hentry"],"_links":{"self":[{"href":"https:\/\/marvelousnutrition.com\/fr\/wp-json\/wp\/v2\/pages\/6088","targetHints":{"allow":["GET"]}}],"collection":[{"href":"https:\/\/marvelousnutrition.com\/fr\/wp-json\/wp\/v2\/pages"}],"about":[{"href":"https:\/\/marvelousnutrition.com\/fr\/wp-json\/wp\/v2\/types\/page"}],"author":[{"embeddable":true,"href":"https:\/\/marvelousnutrition.com\/fr\/wp-json\/wp\/v2\/users\/1"}],"replies":[{"embeddable":true,"href":"https:\/\/marvelousnutrition.com\/fr\/wp-json\/wp\/v2\/comments?post=6088"}],"version-history":[{"count":4,"href":"https:\/\/marvelousnutrition.com\/fr\/wp-json\/wp\/v2\/pages\/6088\/revisions"}],"predecessor-version":[{"id":6092,"href":"https:\/\/marvelousnutrition.com\/fr\/wp-json\/wp\/v2\/pages\/6088\/revisions\/6092"}],"wp:attachment":[{"href":"https:\/\/marvelousnutrition.com\/fr\/wp-json\/wp\/v2\/media?parent=6088"}],"curies":[{"name":"wp","href":"https:\/\/api.w.org\/{rel}","templated":true}]}}