{"id":5878,"date":"2025-11-05T19:21:43","date_gmt":"2025-11-05T19:21:43","guid":{"rendered":"https:\/\/marvelousnutrition.com\/?post_type=product&#038;p=5878"},"modified":"2026-03-15T23:26:06","modified_gmt":"2026-03-15T23:26:06","slug":"hydro-whey-2","status":"publish","type":"product","link":"https:\/\/marvelousnutrition.com\/es\/producto\/suero-de-leche-hidro-2\/","title":{"rendered":"Hydro Whey"},"content":{"rendered":"<h6>Ingredientes:<\/h6>\n<p>100% Aislado de prote\u00edna de suero hidrolizado, concentrado de prote\u00edna de suero, L-glicina, cacao en polvo bajo en grasa, espesantes de sabor (goma guar, goma xantana), cloruro de sodio, edulcorante (sucralosa E955).<\/p>\n<h6>Modo de empleo:<\/h6>\n<p>Mezclar 1 cacito (30 g) con 300-400 ml de agua fr\u00eda y agitar en\u00e9rgicamente. Tomar una porci\u00f3n inmediatamente despu\u00e9s del entrenamiento o cuando se desee.<\/p>\n<h6>Almacenamiento:<\/h6>\n<p>Conservar en un lugar fresco y seco despu\u00e9s de abrir.<\/p>\n<h6>Peso neto:<\/h6>\n<p>2 kilos<\/p>\n<p><a href=\"https:\/\/marvelousnutrition.com\/wp-content\/uploads\/2025\/11\/hydro-1-gadwel-scaled.png\"><img fetchpriority=\"high\" decoding=\"async\" class=\"alignnone size-medium wp-image-6332\" src=\"https:\/\/marvelousnutrition.com\/wp-content\/uploads\/2025\/11\/hydro-1-gadwel-190x300.png\" alt=\"\" width=\"190\" height=\"300\" srcset=\"https:\/\/marvelousnutrition.com\/wp-content\/uploads\/2025\/11\/hydro-1-gadwel-190x300.png 190w, https:\/\/marvelousnutrition.com\/wp-content\/uploads\/2025\/11\/hydro-1-gadwel-648x1024.png 648w, https:\/\/marvelousnutrition.com\/wp-content\/uploads\/2025\/11\/hydro-1-gadwel-768x1214.png 768w, https:\/\/marvelousnutrition.com\/wp-content\/uploads\/2025\/11\/hydro-1-gadwel-972x1536.png 972w, https:\/\/marvelousnutrition.com\/wp-content\/uploads\/2025\/11\/hydro-1-gadwel-1296x2048.png 1296w, https:\/\/marvelousnutrition.com\/wp-content\/uploads\/2025\/11\/hydro-1-gadwel-8x12.png 8w, https:\/\/marvelousnutrition.com\/wp-content\/uploads\/2025\/11\/hydro-1-gadwel-800x1264.png 800w, https:\/\/marvelousnutrition.com\/wp-content\/uploads\/2025\/11\/hydro-1-gadwel-scaled.png 1620w\" sizes=\"(max-width: 190px) 100vw, 190px\" \/><\/a><\/p>","protected":false},"excerpt":{"rendered":"<p>Hydro fue creado para proporcionar prote\u00edna biodisponible de alta calidad y f\u00e1cil absorci\u00f3n. Contiene amino\u00e1cidos esenciales (EAA) naturales (incluidos BCAA), L-glutamina y todos los amino\u00e1cidos esenciales. Es bajo en grasas y sin az\u00facares a\u00f1adidos.<\/p>","protected":false},"featured_media":5867,"comment_status":"open","ping_status":"closed","template":"","meta":[],"product_cat":[197],"product_tag":[],"class_list":{"0":"post-5878","1":"product","2":"type-product","3":"status-publish","4":"has-post-thumbnail","6":"product_cat-all-products","8":"first","9":"instock","10":"shipping-taxable","11":"purchasable","12":"product-type-variable"},"_links":{"self":[{"href":"https:\/\/marvelousnutrition.com\/es\/wp-json\/wp\/v2\/product\/5878","targetHints":{"allow":["GET"]}}],"collection":[{"href":"https:\/\/marvelousnutrition.com\/es\/wp-json\/wp\/v2\/product"}],"about":[{"href":"https:\/\/marvelousnutrition.com\/es\/wp-json\/wp\/v2\/types\/product"}],"replies":[{"embeddable":true,"href":"https:\/\/marvelousnutrition.com\/es\/wp-json\/wp\/v2\/comments?post=5878"}],"wp:featuredmedia":[{"embeddable":true,"href":"https:\/\/marvelousnutrition.com\/es\/wp-json\/wp\/v2\/media\/5867"}],"wp:attachment":[{"href":"https:\/\/marvelousnutrition.com\/es\/wp-json\/wp\/v2\/media?parent=5878"}],"wp:term":[{"taxonomy":"product_cat","embeddable":true,"href":"https:\/\/marvelousnutrition.com\/es\/wp-json\/wp\/v2\/product_cat?post=5878"},{"taxonomy":"product_tag","embeddable":true,"href":"https:\/\/marvelousnutrition.com\/es\/wp-json\/wp\/v2\/product_tag?post=5878"}],"curies":[{"name":"wp","href":"https:\/\/api.w.org\/{rel}","templated":true}]}}