{"id":5805,"date":"2025-11-05T09:27:11","date_gmt":"2025-11-05T09:27:11","guid":{"rendered":"https:\/\/marvelousnutrition.com\/?post_type=product&#038;p=5805"},"modified":"2026-03-16T19:47:28","modified_gmt":"2026-03-16T19:47:28","slug":"vitamin-c","status":"publish","type":"product","link":"https:\/\/marvelousnutrition.com\/es\/producto\/vitamina-c\/","title":{"rendered":"La Vitamina C"},"content":{"rendered":"<h6>Ingredientes:<\/h6>\n<p>\u00c1cido L-asc\u00f3rbico, cubierta de la c\u00e1psula (hipromelosa), antiaglomerante (sales magn\u00e9sicas de \u00e1cidos grasos).<\/p>\n<h6>Modo de empleo:<\/h6>\n<p>Tomar 1 c\u00e1psula con el desayuno.<\/p>\n<h6>Almacenamiento:<\/h6>\n<p>Conservar en un lugar fresco y seco despu\u00e9s de abrir.<\/p>\n<h6>Peso neto:<\/h6>\n<p>69 g \u2013 60 porciones<\/p>\n<p><a href=\"https:\/\/marvelousnutrition.com\/wp-content\/uploads\/2025\/11\/vitamin-c-gadwel-scaled.png\"><img decoding=\"async\" class=\"alignnone size-medium wp-image-6381\" src=\"https:\/\/marvelousnutrition.com\/wp-content\/uploads\/2025\/11\/vitamin-c-gadwel-300x119.png\" alt=\"\" width=\"300\" height=\"119\" srcset=\"https:\/\/marvelousnutrition.com\/wp-content\/uploads\/2025\/11\/vitamin-c-gadwel-300x119.png 300w, https:\/\/marvelousnutrition.com\/wp-content\/uploads\/2025\/11\/vitamin-c-gadwel-1024x406.png 1024w, https:\/\/marvelousnutrition.com\/wp-content\/uploads\/2025\/11\/vitamin-c-gadwel-768x305.png 768w, https:\/\/marvelousnutrition.com\/wp-content\/uploads\/2025\/11\/vitamin-c-gadwel-1536x609.png 1536w, https:\/\/marvelousnutrition.com\/wp-content\/uploads\/2025\/11\/vitamin-c-gadwel-2048x812.png 2048w, https:\/\/marvelousnutrition.com\/wp-content\/uploads\/2025\/11\/vitamin-c-gadwel-18x7.png 18w, https:\/\/marvelousnutrition.com\/wp-content\/uploads\/2025\/11\/vitamin-c-gadwel-800x317.png 800w\" sizes=\"(max-width: 300px) 100vw, 300px\" \/><\/a><\/p>","protected":false},"excerpt":{"rendered":"<p>Beneficios del producto<\/p>\n<p>-Fortalece el sistema inmunol\u00f3gico Ayuda a reducir la duraci\u00f3n y la gravedad de los resfriados y las infecciones, vital para los atletas expuestos al estr\u00e9s f\u00edsico y ambiental.<\/p>\n<p>-Apoya la formaci\u00f3n de col\u00e1geno. Promueve una piel, articulaciones, tendones y ligamentos saludables, clave para la recuperaci\u00f3n y la prevenci\u00f3n de lesiones.<\/p>\n<p>-Potente protecci\u00f3n antioxidante Neutraliza los radicales libres y el da\u00f1o oxidativo causados por el entrenamiento intenso, la contaminaci\u00f3n y el estr\u00e9s.<\/p>\n<p>-Reduce la fatiga y favorece la energ\u00eda Mejora la absorci\u00f3n de hierro y contribuye al funcionamiento metab\u00f3lico normal, reduciendo el cansancio durante y despu\u00e9s de los entrenamientos.<\/p>\n<p>-Acelera la curaci\u00f3n y la recuperaci\u00f3n Ayuda a reparar los tejidos y acelera la recuperaci\u00f3n despu\u00e9s del ejercicio, especialmente despu\u00e9s de una distensi\u00f3n o lesi\u00f3n muscular.<\/p>","protected":false},"featured_media":5859,"comment_status":"closed","ping_status":"closed","template":"","meta":[],"product_cat":[210],"product_tag":[],"class_list":{"0":"post-5805","1":"product","2":"type-product","3":"status-publish","4":"has-post-thumbnail","6":"product_cat-multivitamins","8":"first","9":"instock","10":"shipping-taxable","11":"purchasable","12":"product-type-simple"},"_links":{"self":[{"href":"https:\/\/marvelousnutrition.com\/es\/wp-json\/wp\/v2\/product\/5805","targetHints":{"allow":["GET"]}}],"collection":[{"href":"https:\/\/marvelousnutrition.com\/es\/wp-json\/wp\/v2\/product"}],"about":[{"href":"https:\/\/marvelousnutrition.com\/es\/wp-json\/wp\/v2\/types\/product"}],"replies":[{"embeddable":true,"href":"https:\/\/marvelousnutrition.com\/es\/wp-json\/wp\/v2\/comments?post=5805"}],"wp:featuredmedia":[{"embeddable":true,"href":"https:\/\/marvelousnutrition.com\/es\/wp-json\/wp\/v2\/media\/5859"}],"wp:attachment":[{"href":"https:\/\/marvelousnutrition.com\/es\/wp-json\/wp\/v2\/media?parent=5805"}],"wp:term":[{"taxonomy":"product_cat","embeddable":true,"href":"https:\/\/marvelousnutrition.com\/es\/wp-json\/wp\/v2\/product_cat?post=5805"},{"taxonomy":"product_tag","embeddable":true,"href":"https:\/\/marvelousnutrition.com\/es\/wp-json\/wp\/v2\/product_tag?post=5805"}],"curies":[{"name":"wp","href":"https:\/\/api.w.org\/{rel}","templated":true}]}}