{"id":5804,"date":"2025-11-05T09:27:11","date_gmt":"2025-11-05T09:27:11","guid":{"rendered":"https:\/\/marvelousnutrition.com\/?post_type=product&#038;p=5804"},"modified":"2026-03-16T19:41:37","modified_gmt":"2026-03-16T19:41:37","slug":"nac","status":"publish","type":"product","link":"https:\/\/marvelousnutrition.com\/es\/producto\/nac\/","title":{"rendered":"NAC"},"content":{"rendered":"<h6>Ingredientes:<\/h6>\n<p>Almid\u00f3n de Ma\u00edz \/ Amido de Milho, N-Acetil L-Ciste\u00edna (NAC) \/ N-Acetil L-Ciste\u00edna (NAC), Cubierta de la C\u00e1psula (Hipromelosa) \/ C\u00e1psula de Hipromelosa, Antiaglomerante (Sales Magn\u00e9sicas de \u00c1cidos Grasos) \/ Agente Antiaglomerante (Sais de magn\u00e9sio de \u00e1cidos gordos).<\/p>\n<h6>Modo de empleo:<\/h6>\n<p>Tomar 1 c\u00e1psula con el desayuno.<\/p>\n<h6>Almacenamiento:<\/h6>\n<p>Conservar en un lugar fresco y seco despu\u00e9s de abrir.<\/p>\n<h6>Peso neto:<\/h6>\n<p>69 g \u2013 60 porciones<\/p>\n<p><a href=\"https:\/\/marvelousnutrition.com\/wp-content\/uploads\/2025\/11\/nac-60-RED-AND-YELLOW-gadwel.png\"><img decoding=\"async\" class=\"alignnone size-medium wp-image-6380\" src=\"https:\/\/marvelousnutrition.com\/wp-content\/uploads\/2025\/11\/nac-60-RED-AND-YELLOW-gadwel-300x104.png\" alt=\"\" width=\"300\" height=\"104\" srcset=\"https:\/\/marvelousnutrition.com\/wp-content\/uploads\/2025\/11\/nac-60-RED-AND-YELLOW-gadwel-300x104.png 300w, https:\/\/marvelousnutrition.com\/wp-content\/uploads\/2025\/11\/nac-60-RED-AND-YELLOW-gadwel-18x6.png 18w, https:\/\/marvelousnutrition.com\/wp-content\/uploads\/2025\/11\/nac-60-RED-AND-YELLOW-gadwel.png 689w\" sizes=\"(max-width: 300px) 100vw, 300px\" \/><\/a><\/p>","protected":false},"excerpt":{"rendered":"<p>Beneficios del producto N-Acetil L-Ciste\u00edna (NAC) 250 mg:<\/p>\n<p>-Poderoso soporte antioxidante NAC ayuda a reponer el glutati\u00f3n, el antioxidante maestro del cuerpo, protegiendo las c\u00e9lulas del estr\u00e9s oxidativo y el da\u00f1o de los radicales libres.<\/p>\n<p>-Desintoxicaci\u00f3n y salud del h\u00edgado Apoya los procesos de desintoxicaci\u00f3n naturales del cuerpo y ayuda a mantener la funci\u00f3n hep\u00e1tica saludable, especialmente importante para aquellos expuestos a contaminantes o medicamentos.<\/p>\n<p>-Apoyo pulmonar y respiratorio Act\u00faa como mucol\u00edtico, ayudando a descomponer la mucosidad en los pulmones y las v\u00edas respiratorias, favoreciendo una respiraci\u00f3n m\u00e1s clara y la salud respiratoria.<\/p>\n<p>- Refuerzo del sistema inmunol\u00f3gico Mejora la defensa inmunol\u00f3gica al favorecer la reparaci\u00f3n celular y reducir la inflamaci\u00f3n.<\/p>\n<p>-Cerebro y salud mental Puede favorecer la funci\u00f3n cerebral y la claridad mental, y se est\u00e1 investigando su papel en el equilibrio del estado de \u00e1nimo y la salud neurol\u00f3gica.<\/p>\n<p>-Apoya la salud del coraz\u00f3n El NAC puede reducir el da\u00f1o oxidativo a los vasos sangu\u00edneos, lo que favorece la circulaci\u00f3n saludable y la funci\u00f3n cardiovascular.<\/p>","protected":false},"featured_media":5847,"comment_status":"closed","ping_status":"closed","template":"","meta":[],"product_cat":[210],"product_tag":[],"class_list":{"0":"post-5804","1":"product","2":"type-product","3":"status-publish","4":"has-post-thumbnail","6":"product_cat-multivitamins","8":"first","9":"outofstock","10":"shipping-taxable","11":"purchasable","12":"product-type-simple"},"_links":{"self":[{"href":"https:\/\/marvelousnutrition.com\/es\/wp-json\/wp\/v2\/product\/5804","targetHints":{"allow":["GET"]}}],"collection":[{"href":"https:\/\/marvelousnutrition.com\/es\/wp-json\/wp\/v2\/product"}],"about":[{"href":"https:\/\/marvelousnutrition.com\/es\/wp-json\/wp\/v2\/types\/product"}],"replies":[{"embeddable":true,"href":"https:\/\/marvelousnutrition.com\/es\/wp-json\/wp\/v2\/comments?post=5804"}],"wp:featuredmedia":[{"embeddable":true,"href":"https:\/\/marvelousnutrition.com\/es\/wp-json\/wp\/v2\/media\/5847"}],"wp:attachment":[{"href":"https:\/\/marvelousnutrition.com\/es\/wp-json\/wp\/v2\/media?parent=5804"}],"wp:term":[{"taxonomy":"product_cat","embeddable":true,"href":"https:\/\/marvelousnutrition.com\/es\/wp-json\/wp\/v2\/product_cat?post=5804"},{"taxonomy":"product_tag","embeddable":true,"href":"https:\/\/marvelousnutrition.com\/es\/wp-json\/wp\/v2\/product_tag?post=5804"}],"curies":[{"name":"wp","href":"https:\/\/api.w.org\/{rel}","templated":true}]}}