{"id":5795,"date":"2025-11-05T09:27:11","date_gmt":"2025-11-05T09:27:11","guid":{"rendered":"https:\/\/marvelousnutrition.com\/?post_type=product&#038;p=5795"},"modified":"2026-03-16T19:32:16","modified_gmt":"2026-03-16T19:32:16","slug":"arginine-black-yellow","status":"publish","type":"product","link":"https:\/\/marvelousnutrition.com\/es\/producto\/arginina-negra-amarilla\/","title":{"rendered":"Arginina negra y amarilla"},"content":{"rendered":"<h6>Modo de empleo:<\/h6>\n<p>Toma 4 g 30 minutos antes del entrenamiento. Puedes mezclarlo con tu preentrenamiento Experiment para maximizar los efectos.<\/p>\n<h6>Descripci\u00f3n:<\/h6>\n<p>Nuestra arginina es un amino\u00e1cido no esencial elaborado con ingredientes de alta calidad que intervienen en diversas \u00e1reas de la bioqu\u00edmica humana, como el metabolismo muscular, la secreci\u00f3n hormonal, la desintoxicaci\u00f3n de amon\u00edaco y el sistema inmunitario. La arginina promueve la producci\u00f3n de \u00f3xido n\u00edtrico, lo que favorece la circulaci\u00f3n y la funci\u00f3n muscular.<\/p>\n<h6>Beneficios del producto:<\/h6>\n<ul>\n<li>Apoya la s\u00edntesis de prote\u00ednas.<\/li>\n<li>Aumenta el flujo sangu\u00edneo al tejido muscular.<\/li>\n<li>Mejora la salud circulatoria<\/li>\n<li>Aumenta el nivel de \u00f3xido n\u00edtrico<\/li>\n<li>Puede aumentar los niveles de la hormona del crecimiento (GH)<\/li>\n<\/ul>\n<p><a href=\"https:\/\/marvelousnutrition.com\/wp-content\/uploads\/2025\/11\/arganine-black-and-yellow-scaled.png\"><img decoding=\"async\" class=\"alignnone size-medium wp-image-6376\" src=\"https:\/\/marvelousnutrition.com\/wp-content\/uploads\/2025\/11\/arganine-black-and-yellow-300x66.png\" alt=\"\" width=\"300\" height=\"66\" srcset=\"https:\/\/marvelousnutrition.com\/wp-content\/uploads\/2025\/11\/arganine-black-and-yellow-300x66.png 300w, https:\/\/marvelousnutrition.com\/wp-content\/uploads\/2025\/11\/arganine-black-and-yellow-1024x224.png 1024w, https:\/\/marvelousnutrition.com\/wp-content\/uploads\/2025\/11\/arganine-black-and-yellow-768x168.png 768w, https:\/\/marvelousnutrition.com\/wp-content\/uploads\/2025\/11\/arganine-black-and-yellow-1536x336.png 1536w, https:\/\/marvelousnutrition.com\/wp-content\/uploads\/2025\/11\/arganine-black-and-yellow-2048x447.png 2048w, https:\/\/marvelousnutrition.com\/wp-content\/uploads\/2025\/11\/arganine-black-and-yellow-18x4.png 18w, https:\/\/marvelousnutrition.com\/wp-content\/uploads\/2025\/11\/arganine-black-and-yellow-800x175.png 800w\" sizes=\"(max-width: 300px) 100vw, 300px\" \/><\/a><\/p>","protected":false},"excerpt":{"rendered":"<p>Nuestra arginina es un amino\u00e1cido no esencial elaborado con ingredientes de alta calidad que interviene en diversas \u00e1reas de la bioqu\u00edmica humana, como el metabolismo muscular, la secreci\u00f3n hormonal, la desintoxicaci\u00f3n de amon\u00edaco y el sistema inmunitario. La arginina promueve la producci\u00f3n de \u00f3xido n\u00edtrico, lo que favorece la circulaci\u00f3n y la musculatura.<\/p>","protected":false},"featured_media":6215,"comment_status":"closed","ping_status":"closed","template":"","meta":[],"product_cat":[134,207],"product_tag":[],"class_list":{"0":"post-5795","1":"product","2":"type-product","3":"status-publish","4":"has-post-thumbnail","6":"product_cat-amino-acid","7":"product_cat-preworkout-and-pump","9":"first","10":"instock","11":"shipping-taxable","12":"purchasable","13":"product-type-simple"},"_links":{"self":[{"href":"https:\/\/marvelousnutrition.com\/es\/wp-json\/wp\/v2\/product\/5795","targetHints":{"allow":["GET"]}}],"collection":[{"href":"https:\/\/marvelousnutrition.com\/es\/wp-json\/wp\/v2\/product"}],"about":[{"href":"https:\/\/marvelousnutrition.com\/es\/wp-json\/wp\/v2\/types\/product"}],"replies":[{"embeddable":true,"href":"https:\/\/marvelousnutrition.com\/es\/wp-json\/wp\/v2\/comments?post=5795"}],"wp:featuredmedia":[{"embeddable":true,"href":"https:\/\/marvelousnutrition.com\/es\/wp-json\/wp\/v2\/media\/6215"}],"wp:attachment":[{"href":"https:\/\/marvelousnutrition.com\/es\/wp-json\/wp\/v2\/media?parent=5795"}],"wp:term":[{"taxonomy":"product_cat","embeddable":true,"href":"https:\/\/marvelousnutrition.com\/es\/wp-json\/wp\/v2\/product_cat?post=5795"},{"taxonomy":"product_tag","embeddable":true,"href":"https:\/\/marvelousnutrition.com\/es\/wp-json\/wp\/v2\/product_tag?post=5795"}],"curies":[{"name":"wp","href":"https:\/\/api.w.org\/{rel}","templated":true}]}}