{"id":5794,"date":"2025-11-05T09:27:11","date_gmt":"2025-11-05T09:27:11","guid":{"rendered":"https:\/\/marvelousnutrition.com\/?post_type=product&#038;p=5794"},"modified":"2026-03-16T19:15:27","modified_gmt":"2026-03-16T19:15:27","slug":"beta-alanine-black-yellow","status":"publish","type":"product","link":"https:\/\/marvelousnutrition.com\/es\/producto\/negro-amarillo-beta-alanina\/","title":{"rendered":"Beta Alanina Negra y Amarilla"},"content":{"rendered":"<h6>Modo de empleo:<\/h6>\n<p>Tomar 3 g 30 minutos antes del entrenamiento.<\/p>\n<h6>Descripci\u00f3n:<\/h6>\n<p>100%, beta-alanina de la m\u00e1s alta calidad sin aditivos. La beta-alanina es un amino\u00e1cido no esencial que, seg\u00fan estudios, aumenta las concentraciones musculares de carnosina. Al promover altas concentraciones intramusculares de carnosina, reduce la acidificaci\u00f3n intramuscular causada por el ejercicio intenso y el entrenamiento intenso.<\/p>\n<p><strong>BETA-ALANINA<\/strong> Retrasa la fatiga muscular, permiti\u00e9ndote aumentar tu rendimiento.<\/p>\n<p>El consumo de beta-alanina puede contribuir a lo siguiente:<\/p>\n<ul>\n<li>Aumentar la fuerza y la potencia<\/li>\n<li>Aumentar la resistencia muscular<\/li>\n<li>Entrena con mayor intensidad<\/li>\n<\/ul>\n<p><a href=\"https:\/\/marvelousnutrition.com\/wp-content\/uploads\/2025\/11\/beta-alninen.jpg\"><img decoding=\"async\" class=\"alignnone size-medium wp-image-6374\" src=\"https:\/\/marvelousnutrition.com\/wp-content\/uploads\/2025\/11\/beta-alninen-300x66.jpg\" alt=\"\" width=\"300\" height=\"66\" srcset=\"https:\/\/marvelousnutrition.com\/wp-content\/uploads\/2025\/11\/beta-alninen-300x66.jpg 300w, https:\/\/marvelousnutrition.com\/wp-content\/uploads\/2025\/11\/beta-alninen-1024x225.jpg 1024w, https:\/\/marvelousnutrition.com\/wp-content\/uploads\/2025\/11\/beta-alninen-768x169.jpg 768w, https:\/\/marvelousnutrition.com\/wp-content\/uploads\/2025\/11\/beta-alninen-18x4.jpg 18w, https:\/\/marvelousnutrition.com\/wp-content\/uploads\/2025\/11\/beta-alninen-800x176.jpg 800w, https:\/\/marvelousnutrition.com\/wp-content\/uploads\/2025\/11\/beta-alninen.jpg 1280w\" sizes=\"(max-width: 300px) 100vw, 300px\" \/><\/a><\/p>","protected":false},"excerpt":{"rendered":"<p>La beta-alanina es un amino\u00e1cido no esencial que, seg\u00fan estudios, aumenta las concentraciones musculares de carnosina. Al promover altas concentraciones intramusculares de carnosina, act\u00faa para reducir la acidificaci\u00f3n intramuscular causada por el ejercicio intenso y el entrenamiento intenso.<\/p>","protected":false},"featured_media":6214,"comment_status":"closed","ping_status":"closed","template":"","meta":[],"product_cat":[134,207],"product_tag":[],"class_list":{"0":"post-5794","1":"product","2":"type-product","3":"status-publish","4":"has-post-thumbnail","6":"product_cat-amino-acid","7":"product_cat-preworkout-and-pump","9":"first","10":"instock","11":"shipping-taxable","12":"purchasable","13":"product-type-simple"},"_links":{"self":[{"href":"https:\/\/marvelousnutrition.com\/es\/wp-json\/wp\/v2\/product\/5794","targetHints":{"allow":["GET"]}}],"collection":[{"href":"https:\/\/marvelousnutrition.com\/es\/wp-json\/wp\/v2\/product"}],"about":[{"href":"https:\/\/marvelousnutrition.com\/es\/wp-json\/wp\/v2\/types\/product"}],"replies":[{"embeddable":true,"href":"https:\/\/marvelousnutrition.com\/es\/wp-json\/wp\/v2\/comments?post=5794"}],"wp:featuredmedia":[{"embeddable":true,"href":"https:\/\/marvelousnutrition.com\/es\/wp-json\/wp\/v2\/media\/6214"}],"wp:attachment":[{"href":"https:\/\/marvelousnutrition.com\/es\/wp-json\/wp\/v2\/media?parent=5794"}],"wp:term":[{"taxonomy":"product_cat","embeddable":true,"href":"https:\/\/marvelousnutrition.com\/es\/wp-json\/wp\/v2\/product_cat?post=5794"},{"taxonomy":"product_tag","embeddable":true,"href":"https:\/\/marvelousnutrition.com\/es\/wp-json\/wp\/v2\/product_tag?post=5794"}],"curies":[{"name":"wp","href":"https:\/\/api.w.org\/{rel}","templated":true}]}}