{"id":5781,"date":"2025-11-05T09:27:07","date_gmt":"2025-11-05T09:27:07","guid":{"rendered":"https:\/\/marvelousnutrition.com\/?post_type=product&#038;p=5781"},"modified":"2026-03-15T23:33:38","modified_gmt":"2026-03-15T23:33:38","slug":"organics-2","status":"publish","type":"product","link":"https:\/\/marvelousnutrition.com\/es\/producto\/organicos-2\/","title":{"rendered":"ORGANICS"},"content":{"rendered":"<h6>Ingredientes:<\/h6>\n<p>Almid\u00f3n de ma\u00edz ceroso, cubierta de la c\u00e1psula (hipromelosa), Olea europaea L., Vitis vinifera L., Punica granatum L., Camellia sinensis L. Kuntze, Citrus paradisi Macfad., Vaccinium myrtillus L., Vitis vinifera L., Citrus sinensis L. Osbeck.<\/p>\n<h6>Modo de empleo:<\/h6>\n<p>Tomar 1 c\u00e1psula con el desayuno.<\/p>\n<h6>Almacenamiento:<\/h6>\n<p>Conservar en un lugar fresco y seco despu\u00e9s de abrir.<\/p>\n<h6>Peso neto:<\/h6>\n<p>42,5 g \u2013 60 raciones<a href=\"https:\/\/marvelousnutrition.com\/wp-content\/uploads\/2025\/11\/organics-gadwel-scaled.png\"><br \/>\n<img fetchpriority=\"high\" decoding=\"async\" class=\"alignnone size-medium wp-image-6341\" src=\"https:\/\/marvelousnutrition.com\/wp-content\/uploads\/2025\/11\/organics-gadwel-300x235.png\" alt=\"\" width=\"300\" height=\"235\" srcset=\"https:\/\/marvelousnutrition.com\/wp-content\/uploads\/2025\/11\/organics-gadwel-300x235.png 300w, https:\/\/marvelousnutrition.com\/wp-content\/uploads\/2025\/11\/organics-gadwel-1024x802.png 1024w, https:\/\/marvelousnutrition.com\/wp-content\/uploads\/2025\/11\/organics-gadwel-768x602.png 768w, https:\/\/marvelousnutrition.com\/wp-content\/uploads\/2025\/11\/organics-gadwel-1536x1203.png 1536w, https:\/\/marvelousnutrition.com\/wp-content\/uploads\/2025\/11\/organics-gadwel-2048x1604.png 2048w, https:\/\/marvelousnutrition.com\/wp-content\/uploads\/2025\/11\/organics-gadwel-15x12.png 15w, https:\/\/marvelousnutrition.com\/wp-content\/uploads\/2025\/11\/organics-gadwel-800x627.png 800w\" sizes=\"(max-width: 300px) 100vw, 300px\" \/><\/a><\/p>","protected":false},"excerpt":{"rendered":"<p>Ingredients: Waxy Maize Corn Starch, Capsule Shell (Hypromellose), Olea europaea L., Vitis vinifera L., Punica granatum L., Camellia sinensis L. Kuntze, Citrus paradisi Macfad., Vaccinium myrtillus L., Vitis vinifera L., Citrus sinensis L. Osbeck. How to Use: Take 1 capsule with breakfast. Storage: Store in a cool, dry place after opening. Net Weight: 42.5g \u2013 [&hellip;]<\/p>\n","protected":false},"featured_media":6029,"comment_status":"closed","ping_status":"closed","template":"","meta":[],"product_cat":[210],"product_tag":[],"class_list":{"0":"post-5781","1":"product","2":"type-product","3":"status-publish","4":"has-post-thumbnail","6":"product_cat-multivitamins","8":"first","9":"instock","10":"shipping-taxable","11":"purchasable","12":"product-type-simple"},"_links":{"self":[{"href":"https:\/\/marvelousnutrition.com\/es\/wp-json\/wp\/v2\/product\/5781","targetHints":{"allow":["GET"]}}],"collection":[{"href":"https:\/\/marvelousnutrition.com\/es\/wp-json\/wp\/v2\/product"}],"about":[{"href":"https:\/\/marvelousnutrition.com\/es\/wp-json\/wp\/v2\/types\/product"}],"replies":[{"embeddable":true,"href":"https:\/\/marvelousnutrition.com\/es\/wp-json\/wp\/v2\/comments?post=5781"}],"wp:featuredmedia":[{"embeddable":true,"href":"https:\/\/marvelousnutrition.com\/es\/wp-json\/wp\/v2\/media\/6029"}],"wp:attachment":[{"href":"https:\/\/marvelousnutrition.com\/es\/wp-json\/wp\/v2\/media?parent=5781"}],"wp:term":[{"taxonomy":"product_cat","embeddable":true,"href":"https:\/\/marvelousnutrition.com\/es\/wp-json\/wp\/v2\/product_cat?post=5781"},{"taxonomy":"product_tag","embeddable":true,"href":"https:\/\/marvelousnutrition.com\/es\/wp-json\/wp\/v2\/product_tag?post=5781"}],"curies":[{"name":"wp","href":"https:\/\/api.w.org\/{rel}","templated":true}]}}