{"id":5780,"date":"2025-11-05T09:27:07","date_gmt":"2025-11-05T09:27:07","guid":{"rendered":"https:\/\/marvelousnutrition.com\/?post_type=product&#038;p=5780"},"modified":"2026-03-15T23:32:32","modified_gmt":"2026-03-15T23:32:32","slug":"mk-7","status":"publish","type":"product","link":"https:\/\/marvelousnutrition.com\/es\/producto\/mk-7\/","title":{"rendered":"MK-7"},"content":{"rendered":"<h6>Ingredientes:<\/h6>\n<p>Gelatina bovina, menaquinona (vitamina K), colecalciferol (vitamina D), colorante (\u00f3xido de hierro).<\/p>\n<h6>Modo de empleo:<\/h6>\n<p>Tomar 2 c\u00e1psulas con el desayuno.<\/p>\n<h6>Peso neto:<\/h6>\n<p>69 g \u2013 45 porciones<\/p>\n<p><a href=\"https:\/\/marvelousnutrition.com\/wp-content\/uploads\/2025\/11\/mk7-gadwel-scaled.png\"><img decoding=\"async\" class=\"alignnone size-medium wp-image-6340\" src=\"https:\/\/marvelousnutrition.com\/wp-content\/uploads\/2025\/11\/mk7-gadwel-300x113.png\" alt=\"\" width=\"300\" height=\"113\" srcset=\"https:\/\/marvelousnutrition.com\/wp-content\/uploads\/2025\/11\/mk7-gadwel-300x113.png 300w, https:\/\/marvelousnutrition.com\/wp-content\/uploads\/2025\/11\/mk7-gadwel-1024x385.png 1024w, https:\/\/marvelousnutrition.com\/wp-content\/uploads\/2025\/11\/mk7-gadwel-768x289.png 768w, https:\/\/marvelousnutrition.com\/wp-content\/uploads\/2025\/11\/mk7-gadwel-1536x578.png 1536w, https:\/\/marvelousnutrition.com\/wp-content\/uploads\/2025\/11\/mk7-gadwel-2048x770.png 2048w, https:\/\/marvelousnutrition.com\/wp-content\/uploads\/2025\/11\/mk7-gadwel-18x7.png 18w, https:\/\/marvelousnutrition.com\/wp-content\/uploads\/2025\/11\/mk7-gadwel-800x301.png 800w\" sizes=\"(max-width: 300px) 100vw, 300px\" \/><\/a><\/p>","protected":false},"excerpt":{"rendered":"<p>El suplemento alimenticio de vitamina K2 y D3 favorece la salud \u00f3sea y la funci\u00f3n cardiovascular. La vitamina D3 favorece la absorci\u00f3n del calcio, mientras que la vitamina K2 lo dirige a los huesos, previniendo su acumulaci\u00f3n en las arterias. Esta potente combinaci\u00f3n ayuda a mantener huesos fuertes y un coraz\u00f3n sano. Ideal para quienes buscan mejorar su bienestar general.<\/p>","protected":false},"featured_media":6221,"comment_status":"closed","ping_status":"closed","template":"","meta":[],"product_cat":[210],"product_tag":[],"class_list":{"0":"post-5780","1":"product","2":"type-product","3":"status-publish","4":"has-post-thumbnail","6":"product_cat-multivitamins","8":"first","9":"instock","10":"shipping-taxable","11":"purchasable","12":"product-type-simple"},"_links":{"self":[{"href":"https:\/\/marvelousnutrition.com\/es\/wp-json\/wp\/v2\/product\/5780","targetHints":{"allow":["GET"]}}],"collection":[{"href":"https:\/\/marvelousnutrition.com\/es\/wp-json\/wp\/v2\/product"}],"about":[{"href":"https:\/\/marvelousnutrition.com\/es\/wp-json\/wp\/v2\/types\/product"}],"replies":[{"embeddable":true,"href":"https:\/\/marvelousnutrition.com\/es\/wp-json\/wp\/v2\/comments?post=5780"}],"wp:featuredmedia":[{"embeddable":true,"href":"https:\/\/marvelousnutrition.com\/es\/wp-json\/wp\/v2\/media\/6221"}],"wp:attachment":[{"href":"https:\/\/marvelousnutrition.com\/es\/wp-json\/wp\/v2\/media?parent=5780"}],"wp:term":[{"taxonomy":"product_cat","embeddable":true,"href":"https:\/\/marvelousnutrition.com\/es\/wp-json\/wp\/v2\/product_cat?post=5780"},{"taxonomy":"product_tag","embeddable":true,"href":"https:\/\/marvelousnutrition.com\/es\/wp-json\/wp\/v2\/product_tag?post=5780"}],"curies":[{"name":"wp","href":"https:\/\/api.w.org\/{rel}","templated":true}]}}