{"id":5776,"date":"2025-11-05T09:27:07","date_gmt":"2025-11-05T09:27:07","guid":{"rendered":"https:\/\/marvelousnutrition.com\/?post_type=product&#038;p=5776"},"modified":"2026-03-15T23:31:05","modified_gmt":"2026-03-15T23:31:05","slug":"collagen-flavoured","status":"publish","type":"product","link":"https:\/\/marvelousnutrition.com\/es\/producto\/con-sabor-a-colageno\/","title":{"rendered":"Col\u00e1geno con sabor"},"content":{"rendered":"<h6>Ingredientes:<\/h6>\n<p>Col\u00e1geno bovino hidrolizado, regulador de acidez (\u00e1cido c\u00edtrico), col\u00e1geno marino hidrolizado, saborizante, colorante, edulcorantes (acesulfamo-K, sucralosa), \u00e1cido asc\u00f3rbico, sal, \u00e1cido hialur\u00f3nico, \u00f3xido de zinc.<\/p>\n<h6>Modo de empleo:<\/h6>\n<p>Tomar 12g con el desayuno.<\/p>\n<h6>Almacenamiento:<\/h6>\n<p>Conservar en un lugar fresco y seco despu\u00e9s de abrir.<\/p>\n<h6>Peso neto:<\/h6>\n<p>210 g \u2013 30 raciones<\/p>\n<p><a href=\"https:\/\/marvelousnutrition.com\/wp-content\/uploads\/2025\/11\/colageeeen-flavored-scaled.png\"><img decoding=\"async\" class=\"alignnone size-medium wp-image-6338\" src=\"https:\/\/marvelousnutrition.com\/wp-content\/uploads\/2025\/11\/colageeeen-flavored-300x109.png\" alt=\"\" width=\"300\" height=\"109\" srcset=\"https:\/\/marvelousnutrition.com\/wp-content\/uploads\/2025\/11\/colageeeen-flavored-300x109.png 300w, https:\/\/marvelousnutrition.com\/wp-content\/uploads\/2025\/11\/colageeeen-flavored-1024x372.png 1024w, https:\/\/marvelousnutrition.com\/wp-content\/uploads\/2025\/11\/colageeeen-flavored-768x279.png 768w, https:\/\/marvelousnutrition.com\/wp-content\/uploads\/2025\/11\/colageeeen-flavored-1536x559.png 1536w, https:\/\/marvelousnutrition.com\/wp-content\/uploads\/2025\/11\/colageeeen-flavored-2048x745.png 2048w, https:\/\/marvelousnutrition.com\/wp-content\/uploads\/2025\/11\/colageeeen-flavored-18x7.png 18w, https:\/\/marvelousnutrition.com\/wp-content\/uploads\/2025\/11\/colageeeen-flavored-800x291.png 800w\" sizes=\"(max-width: 300px) 100vw, 300px\" \/><\/a><\/p>","protected":false},"excerpt":{"rendered":"<p>El col\u00e1geno es una prote\u00edna. Proporciona a nuestro cuerpo la estructura, la fuerza y la flexibilidad necesarias para movernos en nuestra vida diaria. Nos permite viajar, movernos con libertad, saltar o caer sin lastimarnos. Protege y conecta las partes de nuestro cuerpo para mantenernos en pie. El col\u00e1geno es la prote\u00edna m\u00e1s importante y abundante de nuestro cuerpo.<\/p>\n<h6>El col\u00e1geno constituye el 75% de nuestra piel y:<\/h6>\n<p><strong>\u2013 Le proporciona su estructura y soporte,<\/strong><\/p>\n<p><strong>\u2013 Mantiene su elasticidad,<\/strong><\/p>\n<p><strong>\u2013 Hidrata atrayendo el \u00e1cido hialur\u00f3nico.<\/strong><\/p>\n<p>A medida que envejecemos, el equilibrio entre la s\u00edntesis y la degradaci\u00f3n del col\u00e1geno se ve afectado. Esto significa que tanto la cantidad como la calidad del col\u00e1geno disminuyen. La piel se vuelve m\u00e1s fina, se deshidrata y pierde su estructura.<\/p>\n<p><strong>Resultado:<\/strong> signos visibles del envejecimiento, como arrugas, flacidez y opacidad.<\/p>","protected":false},"featured_media":5879,"comment_status":"closed","ping_status":"closed","template":"","meta":[],"product_cat":[131,234],"product_tag":[],"class_list":{"0":"post-5776","1":"product","2":"type-product","3":"status-publish","4":"has-post-thumbnail","6":"product_cat-collagen","7":"product_cat-marvelous-line","9":"first","10":"instock","11":"shipping-taxable","12":"purchasable","13":"product-type-simple"},"_links":{"self":[{"href":"https:\/\/marvelousnutrition.com\/es\/wp-json\/wp\/v2\/product\/5776","targetHints":{"allow":["GET"]}}],"collection":[{"href":"https:\/\/marvelousnutrition.com\/es\/wp-json\/wp\/v2\/product"}],"about":[{"href":"https:\/\/marvelousnutrition.com\/es\/wp-json\/wp\/v2\/types\/product"}],"replies":[{"embeddable":true,"href":"https:\/\/marvelousnutrition.com\/es\/wp-json\/wp\/v2\/comments?post=5776"}],"wp:featuredmedia":[{"embeddable":true,"href":"https:\/\/marvelousnutrition.com\/es\/wp-json\/wp\/v2\/media\/5879"}],"wp:attachment":[{"href":"https:\/\/marvelousnutrition.com\/es\/wp-json\/wp\/v2\/media?parent=5776"}],"wp:term":[{"taxonomy":"product_cat","embeddable":true,"href":"https:\/\/marvelousnutrition.com\/es\/wp-json\/wp\/v2\/product_cat?post=5776"},{"taxonomy":"product_tag","embeddable":true,"href":"https:\/\/marvelousnutrition.com\/es\/wp-json\/wp\/v2\/product_tag?post=5776"}],"curies":[{"name":"wp","href":"https:\/\/api.w.org\/{rel}","templated":true}]}}