{"id":5772,"date":"2025-11-05T09:27:07","date_gmt":"2025-11-05T09:27:07","guid":{"rendered":"https:\/\/marvelousnutrition.com\/?post_type=product&#038;p=5772"},"modified":"2026-03-15T23:30:18","modified_gmt":"2026-03-15T23:30:18","slug":"creatine-flavoured","status":"publish","type":"product","link":"https:\/\/marvelousnutrition.com\/es\/producto\/con-sabor-a-creatina\/","title":{"rendered":"Creatina con sabor"},"content":{"rendered":"<h6><\/h6>\n<h6>Ingredientes:<\/h6>\n<p>Monohidrato de creatina, regulador de acidez (\u00e1cido c\u00edtrico), aroma, edulcorantes (acesulfamo-K, sucralosa), colorantes.<\/p>\n<h6>Modo de empleo:<\/h6>\n<p>Mezclar 5 g con 400-500 ml de agua. Tomar una dosis inmediatamente despu\u00e9s del entrenamiento.<\/p>\n<h6>Almacenamiento:<\/h6>\n<p>Conservar en un lugar fresco y seco despu\u00e9s de abrir.<\/p>\n<h6>Peso neto:<\/h6>\n<p>300 gramos<a href=\"https:\/\/marvelousnutrition.com\/wp-content\/uploads\/2025\/11\/careatine-falvored-scaled.png\"><img decoding=\"async\" class=\"alignnone size-medium wp-image-6337\" src=\"https:\/\/marvelousnutrition.com\/wp-content\/uploads\/2025\/11\/careatine-falvored-300x113.png\" alt=\"\" width=\"300\" height=\"113\" srcset=\"https:\/\/marvelousnutrition.com\/wp-content\/uploads\/2025\/11\/careatine-falvored-300x113.png 300w, https:\/\/marvelousnutrition.com\/wp-content\/uploads\/2025\/11\/careatine-falvored-1024x386.png 1024w, https:\/\/marvelousnutrition.com\/wp-content\/uploads\/2025\/11\/careatine-falvored-768x290.png 768w, https:\/\/marvelousnutrition.com\/wp-content\/uploads\/2025\/11\/careatine-falvored-1536x579.png 1536w, https:\/\/marvelousnutrition.com\/wp-content\/uploads\/2025\/11\/careatine-falvored-2048x772.png 2048w, https:\/\/marvelousnutrition.com\/wp-content\/uploads\/2025\/11\/careatine-falvored-18x7.png 18w, https:\/\/marvelousnutrition.com\/wp-content\/uploads\/2025\/11\/careatine-falvored-800x302.png 800w\" sizes=\"(max-width: 300px) 100vw, 300px\" \/><\/a><\/p>","protected":false},"excerpt":{"rendered":"<p>La f\u00f3rmula de monohidrato de creatina m\u00e1s pura y de f\u00e1cil absorci\u00f3n disponible. Estudios indican que aumentar los niveles de creatina ayuda a retrasar la aparici\u00f3n de la fatiga, aumenta el metabolismo energ\u00e9tico en las c\u00e9lulas musculares y mejora la capacidad y el rendimiento general del entrenamiento.<\/p>\n<p>La creatina es un compuesto que nuestro cuerpo produce naturalmente para proporcionar energ\u00eda a los m\u00fasculos. Se produce en el h\u00edgado, el p\u00e1ncreas y los ri\u00f1ones, y se transporta a trav\u00e9s del torrente sangu\u00edneo y los m\u00fasculos, donde se convierte en fosfocreatina. Este metabolito de alta potencia se utiliza para regenerar las reservas musculares de trifosfato de adenosina, la principal fuente de energ\u00eda muscular.<\/p>\n<h6>Beneficios:<\/h6>\n<p>\u2022 Gana fuerza explosiva para un entrenamiento s\u00faper intensivo.<\/p>\n<p>\u2022 Se procesa a un pH m\u00e1s alto (menos \u00e1cido), aumentando la resistencia muscular.<\/p>\n<p>\u2022 Aumenta la capacidad de recuperaci\u00f3n muscular.<\/p>\n<p>\u2022 Permite que los m\u00fasculos crezcan m\u00e1s r\u00e1pido, dej\u00e1ndolos m\u00e1s fuertes, tonificados y m\u00e1s resistentes a m\u00e1s sesiones de entrenamiento.<\/p>","protected":false},"featured_media":5865,"comment_status":"closed","ping_status":"closed","template":"","meta":[],"product_cat":[179],"product_tag":[],"class_list":{"0":"post-5772","1":"product","2":"type-product","3":"status-publish","4":"has-post-thumbnail","6":"product_cat-creatine","8":"first","9":"instock","10":"shipping-taxable","11":"purchasable","12":"product-type-variable"},"_links":{"self":[{"href":"https:\/\/marvelousnutrition.com\/es\/wp-json\/wp\/v2\/product\/5772","targetHints":{"allow":["GET"]}}],"collection":[{"href":"https:\/\/marvelousnutrition.com\/es\/wp-json\/wp\/v2\/product"}],"about":[{"href":"https:\/\/marvelousnutrition.com\/es\/wp-json\/wp\/v2\/types\/product"}],"replies":[{"embeddable":true,"href":"https:\/\/marvelousnutrition.com\/es\/wp-json\/wp\/v2\/comments?post=5772"}],"wp:featuredmedia":[{"embeddable":true,"href":"https:\/\/marvelousnutrition.com\/es\/wp-json\/wp\/v2\/media\/5865"}],"wp:attachment":[{"href":"https:\/\/marvelousnutrition.com\/es\/wp-json\/wp\/v2\/media?parent=5772"}],"wp:term":[{"taxonomy":"product_cat","embeddable":true,"href":"https:\/\/marvelousnutrition.com\/es\/wp-json\/wp\/v2\/product_cat?post=5772"},{"taxonomy":"product_tag","embeddable":true,"href":"https:\/\/marvelousnutrition.com\/es\/wp-json\/wp\/v2\/product_tag?post=5772"}],"curies":[{"name":"wp","href":"https:\/\/api.w.org\/{rel}","templated":true}]}}