{"id":5763,"date":"2025-11-05T09:27:07","date_gmt":"2025-11-05T09:27:07","guid":{"rendered":"https:\/\/marvelousnutrition.com\/?post_type=product&#038;p=5763"},"modified":"2026-03-15T23:28:56","modified_gmt":"2026-03-15T23:28:56","slug":"power-m-f","status":"publish","type":"product","link":"https:\/\/marvelousnutrition.com\/es\/producto\/potencia-mf\/","title":{"rendered":"PODER MF"},"content":{"rendered":"<h6>Ingredientes:<\/h6>\n<p>Beta-alanina, monohidrato de creatina, regulador de acidez (\u00e1cido c\u00edtrico anhidro), aroma, L-tirosina, beta\u00edna anhidra, L-taurina, cafe\u00edna anhidra, extracto de t\u00e9 verde (Camellia sinensis) (hoja) \u00be:1, extracto de Bacopa monnieri (hierba entera) 10%, extracto de Rhodiola rosea (Sedum roseum) (ra\u00edz) 20:1, bitartrato de colina, extracto de naranja amarga (Citrus aurantium L., fruto) 15:1, extracto de corteza de sauce (Salix alba) (corteza) 8:1, edulcorantes (acesulfamo-K, sucralosa), fosfato tric\u00e1lcico, extracto de grano de caf\u00e9 verde (Coffea robusta) (semilla) 12:1, extracto de Forslean (Coleus forskohlii) (ra\u00edz) 35:1, colorante (rojo de remolacha). L-teanina, pimienta de cayena (Capsicum annuum) (fruta) extracto 8:1, bioflavonoides c\u00edtricos (Citrus aurantium) (fruta) extracto 6:1.<\/p>\n<h6>Modo de empleo:<\/h6>\n<p>Mezcle 1 cucharada (11 g) con 250 ml de agua 15 a 30 minutos antes del entrenamiento.<\/p>\n<h6>Almacenamiento:<\/h6>\n<p>Conservar en un lugar fresco y seco despu\u00e9s de abrir.<\/p>\n<h6>Peso neto:<\/h6>\n<p>300 g \u2013 27 raciones<\/p>\n<p><a href=\"https:\/\/marvelousnutrition.com\/wp-content\/uploads\/2025\/11\/power-mf-falvored-scaled.png\"><img decoding=\"async\" class=\"alignnone size-medium wp-image-6336\" src=\"https:\/\/marvelousnutrition.com\/wp-content\/uploads\/2025\/11\/power-mf-falvored-136x300.png\" alt=\"\" width=\"136\" height=\"300\" srcset=\"https:\/\/marvelousnutrition.com\/wp-content\/uploads\/2025\/11\/power-mf-falvored-136x300.png 136w, https:\/\/marvelousnutrition.com\/wp-content\/uploads\/2025\/11\/power-mf-falvored-464x1024.png 464w, https:\/\/marvelousnutrition.com\/wp-content\/uploads\/2025\/11\/power-mf-falvored-768x1695.png 768w, https:\/\/marvelousnutrition.com\/wp-content\/uploads\/2025\/11\/power-mf-falvored-696x1536.png 696w, https:\/\/marvelousnutrition.com\/wp-content\/uploads\/2025\/11\/power-mf-falvored-928x2048.png 928w, https:\/\/marvelousnutrition.com\/wp-content\/uploads\/2025\/11\/power-mf-falvored-5x12.png 5w, https:\/\/marvelousnutrition.com\/wp-content\/uploads\/2025\/11\/power-mf-falvored-800x1766.png 800w, https:\/\/marvelousnutrition.com\/wp-content\/uploads\/2025\/11\/power-mf-falvored-scaled.png 1160w\" sizes=\"(max-width: 136px) 100vw, 136px\" \/><\/a><\/p>","protected":false},"excerpt":{"rendered":"<p>Power MF contiene aproximadamente 350 mg de cafe\u00edna de fuentes naturales y 4000 mg de beta-alanina que te brindar\u00e1n el impulso adicional que necesitas para alcanzar tus objetivos en el gimnasio y fuera del gimnasio.<br \/>\nPower MF es un pre-entrenamiento termog\u00e9nico l\u00edder en la industria con 11 g de ingredientes activos de materias primas de primera calidad que llevar\u00e1n tu entrenamiento al siguiente nivel, presentando una mezcla de ingredientes termog\u00e9nicos y de bombeo dise\u00f1ados espec\u00edficamente para encender la p\u00e9rdida de grasa, aumentar la potencia, retrasar la fatiga, aumentar la temperatura corporal y el sudor.<\/p>","protected":false},"featured_media":5836,"comment_status":"closed","ping_status":"closed","template":"","meta":[],"product_cat":[234,207],"product_tag":[],"class_list":{"0":"post-5763","1":"product","2":"type-product","3":"status-publish","4":"has-post-thumbnail","6":"product_cat-marvelous-line","7":"product_cat-preworkout-and-pump","9":"first","10":"instock","11":"shipping-taxable","12":"purchasable","13":"product-type-variable"},"_links":{"self":[{"href":"https:\/\/marvelousnutrition.com\/es\/wp-json\/wp\/v2\/product\/5763","targetHints":{"allow":["GET"]}}],"collection":[{"href":"https:\/\/marvelousnutrition.com\/es\/wp-json\/wp\/v2\/product"}],"about":[{"href":"https:\/\/marvelousnutrition.com\/es\/wp-json\/wp\/v2\/types\/product"}],"replies":[{"embeddable":true,"href":"https:\/\/marvelousnutrition.com\/es\/wp-json\/wp\/v2\/comments?post=5763"}],"wp:featuredmedia":[{"embeddable":true,"href":"https:\/\/marvelousnutrition.com\/es\/wp-json\/wp\/v2\/media\/5836"}],"wp:attachment":[{"href":"https:\/\/marvelousnutrition.com\/es\/wp-json\/wp\/v2\/media?parent=5763"}],"wp:term":[{"taxonomy":"product_cat","embeddable":true,"href":"https:\/\/marvelousnutrition.com\/es\/wp-json\/wp\/v2\/product_cat?post=5763"},{"taxonomy":"product_tag","embeddable":true,"href":"https:\/\/marvelousnutrition.com\/es\/wp-json\/wp\/v2\/product_tag?post=5763"}],"curies":[{"name":"wp","href":"https:\/\/api.w.org\/{rel}","templated":true}]}}