{"id":5758,"date":"2025-11-05T09:27:06","date_gmt":"2025-11-05T09:27:06","guid":{"rendered":"https:\/\/marvelousnutrition.com\/?post_type=product&#038;p=5758"},"modified":"2025-11-07T11:47:37","modified_gmt":"2025-11-07T11:47:37","slug":"testo","status":"publish","type":"product","link":"https:\/\/marvelousnutrition.com\/es\/producto\/texto\/","title":{"rendered":"Texto"},"content":{"rendered":"<h6>Modo de empleo:<\/h6>\n<p>Tomar una porci\u00f3n (3 c\u00e1psulas) antes del entrenamiento.<\/p>\n<h6>Descripci\u00f3n:<\/h6>\n<p>Complemento alimenticio a base de extractos de plantas.<\/p>\n<h6>Almacenamiento:<\/h6>\n<p>Conservar en un lugar fresco y seco despu\u00e9s de abrir.<\/p>\n<h6>Lote:<\/h6>\n<p>Ver fondo del contenedor.<\/p>\n<h6>Cantidad:<\/h6>\n<p>90 c\u00e1psulas<\/p>\n<h6>Ingredientes:<\/h6>\n<p>\nExtracto seco de Tribulus (Tribulus terrestris L., planta entera) \/ Extracto seco de Tribulus (Tribulus terrestris L., planta entera),<br \/>\nExtracto seco de fenogreco (Trigonella foenum-graecum L., semillas) \/ Extracto seco de fenogreco (Trigonella foenum-graecum L., sementes),<br \/>\nExtracto seco de Ashwagandha (Withania somnifera (L.) Dunal, ra\u00edz) \/ Extracto seco de Ashwagandha (Withania somnifera (L.) Dunal, raiz),<br \/>\nExtracto seco de maca (Lepidium meyenii Walpers, ra\u00edz) \/ Extracto seco de Maca (Lepidium meyenii Walpers, raiz),<br \/>\nExtracto seco de avena (Avena sativa L., semilla) \/ Extracto seco de Aveia (Avena sativa L., sementes),<br \/>\nAntiaglomerante: Sales magn\u00e9sicas de \u00e1cidos grasos \/ Antiaglomerante: Sais de magn\u00e9sio de \u00e1cidos gordos,<br \/>\nAgente de carga: Celulosa microcristalina (E-460i) \/ Agente de volumen: Celulosa microcristalina (E-460i),<br \/>\nC\u00e1psula (agente de recubrimiento: Hidroxipropilmetilcelulosa (E-464)) \/ C\u00e1psula (Agente de revestimento: Hidroxipropilmetilcelulosa (E-464)).\n<\/p>\n<h6>Informaci\u00f3n suplementaria:<\/h6>\n<table style=\"width:100%; border-collapse: collapse; background-color:#f0f0f0; color:#333; border:1px solid #ccc;\">\n<tr>\n<td colspan=\"2\" style=\"text-align:center; font-weight:bold; padding:8px;\">Porciones por envase: 30<\/td>\n<\/tr>\n<tr>\n<td colspan=\"2\" style=\"text-align:center; font-weight:bold; padding:8px;\">Tama\u00f1o de la porci\u00f3n: 3 c\u00e1psulas<\/td>\n<\/tr>\n<tr style=\"background-color:#d9d9d9; font-weight:bold;\">\n<th style=\"padding:8px; border:1px solid #ccc;\">Ingredientes activos<\/th>\n<th style=\"padding:8px; border:1px solid #ccc;\">Por porci\u00f3n (3 c\u00e1psulas)<\/th>\n<\/tr>\n<tr>\n<td style=\"padding:8px; border:1px solid #ccc;\">Extracto seco de Tribulus \/ Extracto seco de Tribulus<\/td>\n<td style=\"padding:8px; border:1px solid #ccc;\">600 mg<\/td>\n<\/tr>\n<tr>\n<td style=\"padding:8px; border:1px solid #ccc;\">Extracto seco de fenogreco \/ Extracto seco de fenogreco<\/td>\n<td style=\"padding:8px; border:1px solid #ccc;\">375 mg<\/td>\n<\/tr>\n<tr>\n<td style=\"padding:8px; border:1px solid #ccc;\">Extracto seco de maca \/ Extracto seco de Maca<\/td>\n<td style=\"padding:8px; border:1px solid #ccc;\">375 mg<\/td>\n<\/tr>\n<tr>\n<td style=\"padding:8px; border:1px solid #ccc;\">Ashwagandha dry extract \/ Extracto seco de Ashwagandha<\/td>\n<td style=\"padding:8px; border:1px solid #ccc;\">375 mg<\/td>\n<\/tr>\n<tr>\n<td style=\"padding:8px; border:1px solid #ccc;\">Extracto seco de avena \/ Extracto seco de Aveia<\/td>\n<td style=\"padding:8px; border:1px solid #ccc;\">225 mg<\/td>\n<\/tr>\n<tr>\n<td style=\"padding:8px; border:1px solid #ccc;\">Saw Palmetto<\/td>\n<td style=\"padding:8px; border:1px solid #ccc;\">150 mg<\/td>\n<\/tr>\n<\/table>","protected":false},"excerpt":{"rendered":"<p>\u00a1Libera tu lado m\u00e1s fuerte con Testo! Convi\u00e9rtete en el ep\u00edtome de la fuerza y la resistencia con nuestra f\u00f3rmula de \u00e9lite para potenciar la testosterona. Nuestros ingredientes naturales avanzados est\u00e1n dise\u00f1ados para impulsar tus sesiones de entrenamiento y el crecimiento muscular a niveles sin precedentes. Experimenta la transformaci\u00f3n con Testo, la opci\u00f3n definitiva para maximizar tu potencial. Sin embargo, prioriza siempre tu bienestar y consulta con un profesional de la salud antes de incorporar cualquier suplemento a tu rutina.<\/p>","protected":false},"featured_media":5820,"comment_status":"closed","ping_status":"closed","template":"","meta":[],"product_cat":[229,235],"product_tag":[],"class_list":{"0":"post-5758","1":"product","2":"type-product","3":"status-publish","4":"has-post-thumbnail","6":"product_cat-loaded-ingredients","7":"product_cat-test-booster","9":"first","10":"instock","11":"shipping-taxable","12":"purchasable","13":"product-type-simple"},"_links":{"self":[{"href":"https:\/\/marvelousnutrition.com\/es\/wp-json\/wp\/v2\/product\/5758","targetHints":{"allow":["GET"]}}],"collection":[{"href":"https:\/\/marvelousnutrition.com\/es\/wp-json\/wp\/v2\/product"}],"about":[{"href":"https:\/\/marvelousnutrition.com\/es\/wp-json\/wp\/v2\/types\/product"}],"replies":[{"embeddable":true,"href":"https:\/\/marvelousnutrition.com\/es\/wp-json\/wp\/v2\/comments?post=5758"}],"wp:featuredmedia":[{"embeddable":true,"href":"https:\/\/marvelousnutrition.com\/es\/wp-json\/wp\/v2\/media\/5820"}],"wp:attachment":[{"href":"https:\/\/marvelousnutrition.com\/es\/wp-json\/wp\/v2\/media?parent=5758"}],"wp:term":[{"taxonomy":"product_cat","embeddable":true,"href":"https:\/\/marvelousnutrition.com\/es\/wp-json\/wp\/v2\/product_cat?post=5758"},{"taxonomy":"product_tag","embeddable":true,"href":"https:\/\/marvelousnutrition.com\/es\/wp-json\/wp\/v2\/product_tag?post=5758"}],"curies":[{"name":"wp","href":"https:\/\/api.w.org\/{rel}","templated":true}]}}