{"id":5757,"date":"2025-11-05T09:27:06","date_gmt":"2025-11-05T09:27:06","guid":{"rendered":"https:\/\/marvelousnutrition.com\/?post_type=product&#038;p=5757"},"modified":"2026-03-15T23:40:46","modified_gmt":"2026-03-15T23:40:46","slug":"code-x","status":"publish","type":"product","link":"https:\/\/marvelousnutrition.com\/es\/producto\/codigo-x\/","title":{"rendered":"C\u00f3digo X"},"content":{"rendered":"<h6>Ingredientes:<\/h6>\n<p><strong>2 c\u00e1psulas multivitam\u00ednicas:<\/strong> Agente de carga (celulosa microcristalina), carbonato de calcio, \u00e1cido L-asc\u00f3rbico, gelatina bovina (como cubierta de la c\u00e1psula), \u00f3xido de magnesio, betacaroteno, sulfato de hierro (II), nicotinamida, acetato de DL-alfa-tocoferilo, D-pantotenato de calcio, bitartrato de colina, yoduro de potasio, \u00f3xido de zinc, inositol, sulfato de manganeso (II), cianocobalamina, D-biotina, clorhidrato de piridoxina, colorante (\u00f3xido de hierro), monohidrato de tiamina, riboflavina, sulfato de cobre (II), folato.<\/p>\n<p><strong>C\u00e1psula de gelatina blanda de aceite de pescado:<\/strong> Aceite de pescado, cubierta de la c\u00e1psula (gelatina, glicerina, agua purificada), antioxidante (DL-alfa-tocoferol).<\/p>\n<p><strong>Comprimido CA-MG:<\/strong> Carbonato de calcio, \u00f3xido de magnesio, agente de carga (celulosa microcristalina), agente antiaglomerante (estearato de magnesio).<\/p>\n<p><strong>C\u00e1psula de complejo C:<\/strong> \u00c1cido L-asc\u00f3rbico, gelatina bovina (como cubierta de la c\u00e1psula), complejo de bioflavonoides c\u00edtricos, extracto de rosa mosqueta (fruto) 20:1, extracto de Vitis vinifera (semilla) 120:1, colorante (\u00f3xido de hierro), Bioperine\u00ae (extracto de Piper Nigrum (fruto) 50:1).<br \/>\n<em>Bioperine\u00ae es una marca registrada de Sabinsa Europe GmbH.<\/em><\/p>\n<p><strong>C\u00e1psula Joint-Complex:<\/strong> Sulfato de D-glucosamina 2KCL, metilsulfonilmetano (MSM), gelatina bovina (como cubierta de c\u00e1psula), \u00e1cido L-asc\u00f3rbico, sulfato de condroitina, acetato de DL-alfa tocoferilo, colorante (\u00f3xido de hierro).<\/p>\n<p><strong>C\u00e1psula de gelatina blanda de lecitina de soja:<\/strong> Lecitina de soja (71%), cubierta de la c\u00e1psula (gelatina, glicerina, agua purificada).<\/p>\n<h6>Modo de empleo:<\/h6>\n<p>Tomar un pack con el desayuno o cualquier otra comida, con abundante agua.<\/p>\n<h6>Almacenamiento:<\/h6>\n<p>Conservar en un lugar fresco y seco despu\u00e9s de abrir.<\/p>\n<h6>Peso neto:<\/h6>\n<p>250g \/ 30 paquetes de 7 c\u00e1psulas<a href=\"https:\/\/marvelousnutrition.com\/wp-content\/uploads\/2025\/11\/codex-scaled.png\"><img fetchpriority=\"high\" decoding=\"async\" class=\"alignnone size-medium wp-image-6350\" src=\"https:\/\/marvelousnutrition.com\/wp-content\/uploads\/2025\/11\/codex-284x300.png\" alt=\"\" width=\"284\" height=\"300\" srcset=\"https:\/\/marvelousnutrition.com\/wp-content\/uploads\/2025\/11\/codex-284x300.png 284w, https:\/\/marvelousnutrition.com\/wp-content\/uploads\/2025\/11\/codex-970x1024.png 970w, https:\/\/marvelousnutrition.com\/wp-content\/uploads\/2025\/11\/codex-768x811.png 768w, https:\/\/marvelousnutrition.com\/wp-content\/uploads\/2025\/11\/codex-1455x1536.png 1455w, https:\/\/marvelousnutrition.com\/wp-content\/uploads\/2025\/11\/codex-1940x2048.png 1940w, https:\/\/marvelousnutrition.com\/wp-content\/uploads\/2025\/11\/codex-11x12.png 11w, https:\/\/marvelousnutrition.com\/wp-content\/uploads\/2025\/11\/codex-800x844.png 800w\" sizes=\"(max-width: 284px) 100vw, 284px\" \/><\/a><\/p>\n<p>&nbsp;<\/p>","protected":false},"excerpt":{"rendered":"<p>CODEX contiene una alta dosis de vitamina C 1,3 g, contiene extractos de hierbas para mejorar la salud y tiene dosis de omega3. .<\/p>\n<p>CODEX contiene MSM, Sulfato de Glucosamina, Sulfato de Condroitina para la mejora de Huesos y Ligamentos y evitar Lesiones<\/p>\n<p>CODEX contiene lecitina de soja para mejorar la salud del coraz\u00f3n y mejorar el perfil lip\u00eddico.<\/p>\n<p>\u2013 Cada paquete contiene 7 pastillas<\/p>\n<p>\u2013 Apoyo cerebral, digesti\u00f3n, hidrataci\u00f3n, apoyo anab\u00f3lico y producci\u00f3n de energ\u00eda, huesos y ligamentos fuertes.<\/p>\n<p>\u2013 Ingredientes de primera calidad<\/p>\n<p>\u2013 Favorece la salud, el bienestar, la recuperaci\u00f3n y el antienvejecimiento.<\/p>","protected":false},"featured_media":5833,"comment_status":"closed","ping_status":"closed","template":"","meta":[],"product_cat":[234,210],"product_tag":[],"class_list":{"0":"post-5757","1":"product","2":"type-product","3":"status-publish","4":"has-post-thumbnail","6":"product_cat-marvelous-line","7":"product_cat-multivitamins","9":"first","10":"outofstock","11":"shipping-taxable","12":"purchasable","13":"product-type-simple"},"_links":{"self":[{"href":"https:\/\/marvelousnutrition.com\/es\/wp-json\/wp\/v2\/product\/5757","targetHints":{"allow":["GET"]}}],"collection":[{"href":"https:\/\/marvelousnutrition.com\/es\/wp-json\/wp\/v2\/product"}],"about":[{"href":"https:\/\/marvelousnutrition.com\/es\/wp-json\/wp\/v2\/types\/product"}],"replies":[{"embeddable":true,"href":"https:\/\/marvelousnutrition.com\/es\/wp-json\/wp\/v2\/comments?post=5757"}],"wp:featuredmedia":[{"embeddable":true,"href":"https:\/\/marvelousnutrition.com\/es\/wp-json\/wp\/v2\/media\/5833"}],"wp:attachment":[{"href":"https:\/\/marvelousnutrition.com\/es\/wp-json\/wp\/v2\/media?parent=5757"}],"wp:term":[{"taxonomy":"product_cat","embeddable":true,"href":"https:\/\/marvelousnutrition.com\/es\/wp-json\/wp\/v2\/product_cat?post=5757"},{"taxonomy":"product_tag","embeddable":true,"href":"https:\/\/marvelousnutrition.com\/es\/wp-json\/wp\/v2\/product_tag?post=5757"}],"curies":[{"name":"wp","href":"https:\/\/api.w.org\/{rel}","templated":true}]}}