{"id":5749,"date":"2025-11-05T09:27:03","date_gmt":"2025-11-05T09:27:03","guid":{"rendered":"https:\/\/marvelousnutrition.com\/?post_type=product&#038;p=5749"},"modified":"2025-12-24T17:51:06","modified_gmt":"2025-12-24T17:51:06","slug":"lean-af","status":"publish","type":"product","link":"https:\/\/marvelousnutrition.com\/es\/producto\/inclinarse\/","title":{"rendered":"AF magro"},"content":{"rendered":"<h6>Ingredientes:<\/h6>\n<p>Aislado de prote\u00edna de suero microfiltrado por flujo cruzado (de leche, instantaneizado con lecitina de girasol),<br \/>\nCacao en polvo bajo en grasa, aroma (sabor a chocolate), cloruro de sodio, espesante (goma xantana),<br \/>\nEdulcorantes (Acesulfamo K, Sucralosa) y complejo enzim\u00e1tico Digezyme\u00ae (alfa-amilasa, proteasa neutra, celulasa, lactasa, lipasa).<\/p>\n<h6>Modo de empleo:<\/h6>\n<p>Mezclar 1 cucharada (25 g) con 200\u2013300 ml de agua fr\u00eda y agitar vigorosamente.<br \/>\nTome una porci\u00f3n inmediatamente despu\u00e9s del entrenamiento o en cualquier momento que desee para una ingesta adicional de prote\u00ednas.<\/p>\n<h6>Almacenamiento:<\/h6>\n<p>Conservar en un lugar fresco y seco despu\u00e9s de abrir.<\/p>\n<h6>Peso neto:<\/h6>\n<p>2 kg \u2013 80 raciones<\/p>\n<p>&nbsp;<\/p>","protected":false},"excerpt":{"rendered":"<p>El aislado de prote\u00edna de suero CFM se considera una de las formas de prote\u00edna de suero de mayor calidad disponibles, ya que contiene un porcentaje muy alto de prote\u00edna por peso, a menudo m\u00e1s de 90% de contenido de prote\u00edna.<\/p>\n<p>Este tipo de aislado de prote\u00edna de suero es com\u00fanmente utilizado por atletas, culturistas y entusiastas del fitness para apoyar el crecimiento muscular, la recuperaci\u00f3n y cubrir las necesidades proteicas generales. Puede consumirse como batido post-entrenamiento o como una fuente pr\u00e1ctica de prote\u00edna de alta calidad a lo largo del d\u00eda.<\/p>\n<p>Aislado de prote\u00edna de suero premium 100% CFM<\/p>\n<p>1- Sin amino\u00e1cidos a\u00f1adidos<\/p>\n<p>2- cero lactosa<\/p>\n<p>3- Bajo en grasas<\/p>\n<p>4- Cero az\u00facar a\u00f1adido<\/p>","protected":false},"featured_media":5864,"comment_status":"closed","ping_status":"closed","template":"","meta":[],"product_cat":[234,200],"product_tag":[],"class_list":{"0":"post-5749","1":"product","2":"type-product","3":"status-publish","4":"has-post-thumbnail","6":"product_cat-marvelous-line","7":"product_cat-protein-and-eaa","9":"first","10":"instock","11":"shipping-taxable","12":"purchasable","13":"product-type-variable"},"_links":{"self":[{"href":"https:\/\/marvelousnutrition.com\/es\/wp-json\/wp\/v2\/product\/5749","targetHints":{"allow":["GET"]}}],"collection":[{"href":"https:\/\/marvelousnutrition.com\/es\/wp-json\/wp\/v2\/product"}],"about":[{"href":"https:\/\/marvelousnutrition.com\/es\/wp-json\/wp\/v2\/types\/product"}],"replies":[{"embeddable":true,"href":"https:\/\/marvelousnutrition.com\/es\/wp-json\/wp\/v2\/comments?post=5749"}],"wp:featuredmedia":[{"embeddable":true,"href":"https:\/\/marvelousnutrition.com\/es\/wp-json\/wp\/v2\/media\/5864"}],"wp:attachment":[{"href":"https:\/\/marvelousnutrition.com\/es\/wp-json\/wp\/v2\/media?parent=5749"}],"wp:term":[{"taxonomy":"product_cat","embeddable":true,"href":"https:\/\/marvelousnutrition.com\/es\/wp-json\/wp\/v2\/product_cat?post=5749"},{"taxonomy":"product_tag","embeddable":true,"href":"https:\/\/marvelousnutrition.com\/es\/wp-json\/wp\/v2\/product_tag?post=5749"}],"curies":[{"name":"wp","href":"https:\/\/api.w.org\/{rel}","templated":true}]}}