{"id":5748,"date":"2025-11-05T09:27:03","date_gmt":"2025-11-05T09:27:03","guid":{"rendered":"https:\/\/marvelousnutrition.com\/?post_type=product&#038;p=5748"},"modified":"2026-03-15T23:39:56","modified_gmt":"2026-03-15T23:39:56","slug":"testoman","status":"publish","type":"product","link":"https:\/\/marvelousnutrition.com\/es\/producto\/testoman\/","title":{"rendered":"Testoman"},"content":{"rendered":"<h6>Ingredientes:<\/h6>\n<p>\u00c1cido D-asp\u00e1rtico, gelatina bovina (cubierta de la c\u00e1psula), extracto seco de ashwagandha (Withania somnifera (L.) dunal, ra\u00edz) 5:1, extracto seco de maca (Lepidium meyenii walper, ra\u00edz) 10:1, L-carnitina-L-tartrato, extracto seco de fenogreco (Trigonella foenum-graecum L., semillas), \u00f3xido de magnesio, extracto de Serenoa repens (fruto) 4:1, \u00f3xido de zinc, clorhidrato de piridoxina (vitamina B6), colorante (\u00f3xido de hierro) y colecalciferol (vitamina D3).<\/p>\n<h6>Modo de empleo:<\/h6>\n<p>Tomar una porci\u00f3n (4 c\u00e1psulas) antes del entrenamiento.<\/p>\n<h6>Descripci\u00f3n:<\/h6>\n<p>Una potente f\u00f3rmula que estimula la testosterona, dise\u00f1ada para aumentar la fuerza, la energ\u00eda y la resistencia de forma natural. Combina potentes extractos de hierbas y vitaminas esenciales para favorecer el equilibrio hormonal, el rendimiento muscular y la vitalidad general.<\/p>\n<h6>Almacenamiento:<\/h6>\n<p>Conservar en un lugar fresco y seco despu\u00e9s de abrir.<\/p>\n<h6>Cantidad:<\/h6>\n<p>120 c\u00e1psulas<a href=\"https:\/\/marvelousnutrition.com\/wp-content\/uploads\/2025\/11\/testoman-scaled.png\"><img fetchpriority=\"high\" decoding=\"async\" class=\"alignnone size-medium wp-image-6349\" src=\"https:\/\/marvelousnutrition.com\/wp-content\/uploads\/2025\/11\/testoman-300x293.png\" alt=\"\" width=\"300\" height=\"293\" srcset=\"https:\/\/marvelousnutrition.com\/wp-content\/uploads\/2025\/11\/testoman-300x293.png 300w, https:\/\/marvelousnutrition.com\/wp-content\/uploads\/2025\/11\/testoman-1024x1000.png 1024w, https:\/\/marvelousnutrition.com\/wp-content\/uploads\/2025\/11\/testoman-768x750.png 768w, https:\/\/marvelousnutrition.com\/wp-content\/uploads\/2025\/11\/testoman-1536x1500.png 1536w, https:\/\/marvelousnutrition.com\/wp-content\/uploads\/2025\/11\/testoman-2048x2000.png 2048w, https:\/\/marvelousnutrition.com\/wp-content\/uploads\/2025\/11\/testoman-12x12.png 12w, https:\/\/marvelousnutrition.com\/wp-content\/uploads\/2025\/11\/testoman-800x781.png 800w, https:\/\/marvelousnutrition.com\/wp-content\/uploads\/2025\/11\/testoman-50x50.png 50w\" sizes=\"(max-width: 300px) 100vw, 300px\" \/><\/a><\/p>\n<p>&nbsp;<\/p>","protected":false},"excerpt":{"rendered":"<p>TESTO MAN es la f\u00f3rmula multi-v\u00eda natural definitiva para estimular la producci\u00f3n natural de testosterona. TESTO MAN es un potenciador de testosterona que estimula la producci\u00f3n de testosterona del cuerpo, a la vez que controla el estr\u00f3geno.<\/p>\n<p>TESTO MAN\u2122 es un potenciador de testosterona altamente avanzado y sin\u00e9rgico, con propiedades reguladoras del cortisol y los estr\u00f3genos. Los compuestos en cada dosis de cuatro c\u00e1psulas est\u00e1n espec\u00edficamente dosificados para llevarte a un estado anab\u00f3lico sin igual.<\/p>\n<p>\u2022 Potenciador de testosterona<\/p>\n<p>\u2022 Propiedades antiestrog\u00e9nicas<\/p>\n<p>\u2022 Control completo del cortisol<\/p>\n<p>\u2022 Soporte de pr\u00f3stata<\/p>\n<p>\u2022 Mezcla perfecta de PCT<\/p>\n<p>TESTO MAN\u2122 contiene un nivel cl\u00ednicamente dosificado de \u00e1cido D-asp\u00e1rtico, un potente amino\u00e1cido que ha demostrado aumentar la testosterona.<\/p>\n<p>TESTO MAN\u2122 CONTIENE extracto de maca y extracto de tribulus con saponinas 90%, utilizadas desde la antig\u00fcedad como fuente de alimento para favorecer la resistencia, la energ\u00eda y una funci\u00f3n sexual saludable. Estudios cient\u00edficos m\u00e1s recientes han demostrado que la maca favorece el equilibrio hormonal y la salud reproductiva masculina y femenina. Entre sus numerosos componentes activos se incluyen alcaloides, saponinas y taninos.<\/p>\n<p>TESTO MAN\u2122 contiene Saw Palmetto, un producto bot\u00e1nico conocido por ayudar a mantener un flujo urinario saludable y la funci\u00f3n de la pr\u00f3stata.<\/p>\n<p>TESTO MAN\u2122 contiene L-Carnitina-L Tartrato que puede conducir a un aumento significativo en el contenido del receptor de andr\u00f3genos en el tejido muscular, lo que resulta en una mayor s\u00edntesis de prote\u00ednas, lo que literalmente significa m\u00e1s m\u00fasculo.<\/p>","protected":false},"featured_media":6226,"comment_status":"closed","ping_status":"closed","template":"","meta":[],"product_cat":[234,235],"product_tag":[],"class_list":{"0":"post-5748","1":"product","2":"type-product","3":"status-publish","4":"has-post-thumbnail","6":"product_cat-marvelous-line","7":"product_cat-test-booster","9":"first","10":"instock","11":"shipping-taxable","12":"purchasable","13":"product-type-simple"},"_links":{"self":[{"href":"https:\/\/marvelousnutrition.com\/es\/wp-json\/wp\/v2\/product\/5748","targetHints":{"allow":["GET"]}}],"collection":[{"href":"https:\/\/marvelousnutrition.com\/es\/wp-json\/wp\/v2\/product"}],"about":[{"href":"https:\/\/marvelousnutrition.com\/es\/wp-json\/wp\/v2\/types\/product"}],"replies":[{"embeddable":true,"href":"https:\/\/marvelousnutrition.com\/es\/wp-json\/wp\/v2\/comments?post=5748"}],"wp:featuredmedia":[{"embeddable":true,"href":"https:\/\/marvelousnutrition.com\/es\/wp-json\/wp\/v2\/media\/6226"}],"wp:attachment":[{"href":"https:\/\/marvelousnutrition.com\/es\/wp-json\/wp\/v2\/media?parent=5748"}],"wp:term":[{"taxonomy":"product_cat","embeddable":true,"href":"https:\/\/marvelousnutrition.com\/es\/wp-json\/wp\/v2\/product_cat?post=5748"},{"taxonomy":"product_tag","embeddable":true,"href":"https:\/\/marvelousnutrition.com\/es\/wp-json\/wp\/v2\/product_tag?post=5748"}],"curies":[{"name":"wp","href":"https:\/\/api.w.org\/{rel}","templated":true}]}}