{"id":5744,"date":"2025-11-05T09:27:03","date_gmt":"2025-11-05T09:27:03","guid":{"rendered":"https:\/\/marvelousnutrition.com\/?post_type=product&#038;p=5744"},"modified":"2026-03-15T23:39:06","modified_gmt":"2026-03-15T23:39:06","slug":"hype","status":"publish","type":"product","link":"https:\/\/marvelousnutrition.com\/es\/producto\/bombo-publicitario\/","title":{"rendered":"Bombo"},"content":{"rendered":"<h6>Ingredientes:<\/h6>\n<p>Amino\u00e1cidos de cadena ramificada instant\u00e1neos 2:1:1 (L-leucina instant\u00e1nea, L-isoleucina, L-valina), L-glutamina, reguladores de acidez (\u00e1cido c\u00edtrico anhidro, \u00e1cido m\u00e1lico), L-taurina, L-ornitina HCL, L-carnitina-L-tartrato, maltodextrina, sabor natural, beta-alanina, L-glicina, edulcorantes (acesulfamo-K, sucralosa), fosfato tric\u00e1lcico, cafe\u00edna anhidra, colorante (betacaroteno) y extracto de t\u00e9 verde (Camellia sinensis, hoja, extracto \u00be:1).<\/p>\n<h6>Modo de empleo:<\/h6>\n<p>Mezcle 1 cucharada (11 g) con 250 ml de agua 15 a 30 minutos antes del entrenamiento.<\/p>\n<h6>Almacenamiento:<\/h6>\n<p>Conservar en un lugar fresco y seco despu\u00e9s de abrir.<\/p>\n<h6>Peso neto:<\/h6>\n<p>270 gramos<\/p>\n<p><a href=\"https:\/\/marvelousnutrition.com\/wp-content\/uploads\/2025\/11\/hype-gadwel-scaled.png\"><img fetchpriority=\"high\" decoding=\"async\" class=\"alignnone size-medium wp-image-6348\" src=\"https:\/\/marvelousnutrition.com\/wp-content\/uploads\/2025\/11\/hype-gadwel-300x203.png\" alt=\"\" width=\"300\" height=\"203\" srcset=\"https:\/\/marvelousnutrition.com\/wp-content\/uploads\/2025\/11\/hype-gadwel-300x203.png 300w, https:\/\/marvelousnutrition.com\/wp-content\/uploads\/2025\/11\/hype-gadwel-1024x694.png 1024w, https:\/\/marvelousnutrition.com\/wp-content\/uploads\/2025\/11\/hype-gadwel-768x521.png 768w, https:\/\/marvelousnutrition.com\/wp-content\/uploads\/2025\/11\/hype-gadwel-1536x1041.png 1536w, https:\/\/marvelousnutrition.com\/wp-content\/uploads\/2025\/11\/hype-gadwel-2048x1388.png 2048w, https:\/\/marvelousnutrition.com\/wp-content\/uploads\/2025\/11\/hype-gadwel-18x12.png 18w, https:\/\/marvelousnutrition.com\/wp-content\/uploads\/2025\/11\/hype-gadwel-800x542.png 800w\" sizes=\"(max-width: 300px) 100vw, 300px\" \/><\/a><\/p>","protected":false},"excerpt":{"rendered":"<p>HYPE\u00ae proporciona 4,5 gramos de BCAA por porci\u00f3n en una proporci\u00f3n cient\u00edficamente probada de 2:1:1 y 3 gramos de complejo de amino\u00e1cidos HYPE que contiene L-glutamina micronizada, L-glicina, L-ornitina, L-taurina y la incre\u00edble L-carnitina-L-tartrato que ayuda eficazmente en la reparaci\u00f3n muscular, quema el exceso de grasas y la s\u00edntesis de prote\u00ednas musculares al tiempo que mejora el rendimiento de resistencia y disminuye la fatiga.<\/p>\n<p>\u2013 Sin sabores ni colorantes artificiales<\/p>\n<p>\u2013 Sin conservantes artificiales<\/p>\n<p>- Sin gluten<\/p>\n<p>\u2013 Sin soja<\/p>\n<p>\u2013 Vegano<\/p>\n<p>\u2013 Cero Az\u00facar<\/p>\n<p>\u2013 Amino\u00e1cidos vegetales fermentados<\/p>\n<p>\u2013 Glutamina micronizada<\/p>","protected":false},"featured_media":5880,"comment_status":"closed","ping_status":"closed","template":"","meta":[],"product_cat":[134,234,201],"product_tag":[],"class_list":{"0":"post-5744","1":"product","2":"type-product","3":"status-publish","4":"has-post-thumbnail","6":"product_cat-amino-acid","7":"product_cat-marvelous-line","8":"product_cat-recovery-and-muscle-building","10":"first","11":"outofstock","12":"shipping-taxable","13":"product-type-variable"},"_links":{"self":[{"href":"https:\/\/marvelousnutrition.com\/es\/wp-json\/wp\/v2\/product\/5744","targetHints":{"allow":["GET"]}}],"collection":[{"href":"https:\/\/marvelousnutrition.com\/es\/wp-json\/wp\/v2\/product"}],"about":[{"href":"https:\/\/marvelousnutrition.com\/es\/wp-json\/wp\/v2\/types\/product"}],"replies":[{"embeddable":true,"href":"https:\/\/marvelousnutrition.com\/es\/wp-json\/wp\/v2\/comments?post=5744"}],"wp:featuredmedia":[{"embeddable":true,"href":"https:\/\/marvelousnutrition.com\/es\/wp-json\/wp\/v2\/media\/5880"}],"wp:attachment":[{"href":"https:\/\/marvelousnutrition.com\/es\/wp-json\/wp\/v2\/media?parent=5744"}],"wp:term":[{"taxonomy":"product_cat","embeddable":true,"href":"https:\/\/marvelousnutrition.com\/es\/wp-json\/wp\/v2\/product_cat?post=5744"},{"taxonomy":"product_tag","embeddable":true,"href":"https:\/\/marvelousnutrition.com\/es\/wp-json\/wp\/v2\/product_tag?post=5744"}],"curies":[{"name":"wp","href":"https:\/\/api.w.org\/{rel}","templated":true}]}}