{"id":5742,"date":"2025-11-05T09:27:03","date_gmt":"2025-11-05T09:27:03","guid":{"rendered":"https:\/\/marvelousnutrition.com\/?post_type=product&#038;p=5742"},"modified":"2026-03-15T23:38:09","modified_gmt":"2026-03-15T23:38:09","slug":"muscles","status":"publish","type":"product","link":"https:\/\/marvelousnutrition.com\/es\/producto\/musculatura\/","title":{"rendered":"Musculatura"},"content":{"rendered":"<h6><\/h6>\n<h6>Ingredients:<\/h6>\n<p>Whey Protein Concentrate [from Milk (emulsifier: sunflower lecithin)], Flavourings, Salt, Low-Fat Cocoa Powder, Thickener (Xanthan Gum), Sweeteners (Acesulfame K, Sucralose), Digezyme\u00ae Enzyme Complex (Alpha-Amylase, Neutral Protease, Cellulase, Lactase, Lipase).<\/p>\n<h6>How to Use:<\/h6>\n<p>Mix 1 scoop (30g) with 300\u2013400 ml of cold water and shake vigorously. Take one serving immediately post workout or anytime you desire.<\/p>\n<h6>Storage:<\/h6>\n<p>Store in a cool, dry place after opening.<\/p>\n<h6>Net Weight:<\/h6>\n<p>2kg<\/p>\n<h6><a href=\"https:\/\/marvelousnutrition.com\/wp-content\/uploads\/2025\/11\/muscles-1-gadwel_Page_1-scaled.png\"><img decoding=\"async\" class=\"alignnone size-medium wp-image-6345\" src=\"https:\/\/marvelousnutrition.com\/wp-content\/uploads\/2025\/11\/muscles-1-gadwel_Page_1-300x154.png\" alt=\"\" width=\"300\" height=\"154\" srcset=\"https:\/\/marvelousnutrition.com\/wp-content\/uploads\/2025\/11\/muscles-1-gadwel_Page_1-300x154.png 300w, https:\/\/marvelousnutrition.com\/wp-content\/uploads\/2025\/11\/muscles-1-gadwel_Page_1-1024x527.png 1024w, https:\/\/marvelousnutrition.com\/wp-content\/uploads\/2025\/11\/muscles-1-gadwel_Page_1-768x395.png 768w, https:\/\/marvelousnutrition.com\/wp-content\/uploads\/2025\/11\/muscles-1-gadwel_Page_1-1536x790.png 1536w, https:\/\/marvelousnutrition.com\/wp-content\/uploads\/2025\/11\/muscles-1-gadwel_Page_1-2048x1053.png 2048w, https:\/\/marvelousnutrition.com\/wp-content\/uploads\/2025\/11\/muscles-1-gadwel_Page_1-18x9.png 18w, https:\/\/marvelousnutrition.com\/wp-content\/uploads\/2025\/11\/muscles-1-gadwel_Page_1-800x411.png 800w\" sizes=\"(max-width: 300px) 100vw, 300px\" \/><\/a><a href=\"https:\/\/marvelousnutrition.com\/wp-content\/uploads\/2025\/11\/muscles-2-gadwel-scaled.png\"><img fetchpriority=\"high\" decoding=\"async\" class=\"alignnone size-medium wp-image-6346\" src=\"https:\/\/marvelousnutrition.com\/wp-content\/uploads\/2025\/11\/muscles-2-gadwel-235x300.png\" alt=\"\" width=\"235\" height=\"300\" srcset=\"https:\/\/marvelousnutrition.com\/wp-content\/uploads\/2025\/11\/muscles-2-gadwel-235x300.png 235w, https:\/\/marvelousnutrition.com\/wp-content\/uploads\/2025\/11\/muscles-2-gadwel-800x1023.png 800w, https:\/\/marvelousnutrition.com\/wp-content\/uploads\/2025\/11\/muscles-2-gadwel-768x983.png 768w, https:\/\/marvelousnutrition.com\/wp-content\/uploads\/2025\/11\/muscles-2-gadwel-1201x1536.png 1201w, https:\/\/marvelousnutrition.com\/wp-content\/uploads\/2025\/11\/muscles-2-gadwel-1601x2048.png 1601w, https:\/\/marvelousnutrition.com\/wp-content\/uploads\/2025\/11\/muscles-2-gadwel-9x12.png 9w, https:\/\/marvelousnutrition.com\/wp-content\/uploads\/2025\/11\/muscles-2-gadwel-scaled.png 2001w\" sizes=\"(max-width: 235px) 100vw, 235px\" \/><\/a><\/h6>\n","protected":false},"excerpt":{"rendered":"<p>Muscles es un concentrado de prote\u00edna de suero puro 100% (WPC80) que proporciona un suero conveniente y delicioso para agregar prote\u00edna adicional para el desarrollo muscular que lo ayudar\u00e1 a alcanzar sus objetivos de acondicionamiento f\u00edsico diarios.<\/p>\n<p>Muscles Whey es un concentrado de prote\u00edna de suero de leche de alto valor biol\u00f3gico que tiene un amino\u00e1cido completo sin agregar ning\u00fan amino\u00e1cido o az\u00facar.<\/p>\n<h6>Los m\u00fasculos contribuir\u00e1n a:<\/h6>\n<p>1. Aumenta la s\u00edntesis de prote\u00ednas;<\/p>\n<p>2. Favorece el crecimiento de masa muscular magra;<\/p>\n<p>3. Acelera el metabolismo y mejora la recuperaci\u00f3n.<\/p>\n<p>Muscles no contiene mezclas patentadas, ni rellenos, ni aditivos de amino\u00e1cidos.<\/p>","protected":false},"featured_media":5853,"comment_status":"closed","ping_status":"closed","template":"","meta":[],"product_cat":[229,200],"product_tag":[],"class_list":{"0":"post-5742","1":"product","2":"type-product","3":"status-publish","4":"has-post-thumbnail","6":"product_cat-loaded-ingredients","7":"product_cat-protein-and-eaa","9":"first","10":"instock","11":"shipping-taxable","12":"purchasable","13":"product-type-variable"},"_links":{"self":[{"href":"https:\/\/marvelousnutrition.com\/es\/wp-json\/wp\/v2\/product\/5742","targetHints":{"allow":["GET"]}}],"collection":[{"href":"https:\/\/marvelousnutrition.com\/es\/wp-json\/wp\/v2\/product"}],"about":[{"href":"https:\/\/marvelousnutrition.com\/es\/wp-json\/wp\/v2\/types\/product"}],"replies":[{"embeddable":true,"href":"https:\/\/marvelousnutrition.com\/es\/wp-json\/wp\/v2\/comments?post=5742"}],"wp:featuredmedia":[{"embeddable":true,"href":"https:\/\/marvelousnutrition.com\/es\/wp-json\/wp\/v2\/media\/5853"}],"wp:attachment":[{"href":"https:\/\/marvelousnutrition.com\/es\/wp-json\/wp\/v2\/media?parent=5742"}],"wp:term":[{"taxonomy":"product_cat","embeddable":true,"href":"https:\/\/marvelousnutrition.com\/es\/wp-json\/wp\/v2\/product_cat?post=5742"},{"taxonomy":"product_tag","embeddable":true,"href":"https:\/\/marvelousnutrition.com\/es\/wp-json\/wp\/v2\/product_tag?post=5742"}],"curies":[{"name":"wp","href":"https:\/\/api.w.org\/{rel}","templated":true}]}}