{"id":5740,"date":"2025-11-05T09:27:02","date_gmt":"2025-11-05T09:27:02","guid":{"rendered":"https:\/\/marvelousnutrition.com\/?post_type=product&#038;p=5740"},"modified":"2025-11-07T10:01:41","modified_gmt":"2025-11-07T10:01:41","slug":"citrulline-malate","status":"publish","type":"product","link":"https:\/\/marvelousnutrition.com\/es\/producto\/malato-de-citrulina\/","title":{"rendered":"Malato de citrulina"},"content":{"rendered":"<h6>Modo de empleo:<\/h6>\n<p>Tomar 3g 30 minutos antes del entrenamiento.<\/p>\n<h6>Descripci\u00f3n:<\/h6>\n<p>100% L-Citrulina Malato de m\u00e1xima calidad sin aditivos.<br \/>\nResultante de la L-Citrulina fermentada vegana, ayuda a la producci\u00f3n de \u00f3xido n\u00edtrico, facilitando que llegue m\u00e1s ox\u00edgeno a los m\u00fasculos y mejorando la vasodilataci\u00f3n.<\/p>\n<p>El consumo de malato de citrulina puede contribuir a lo siguiente:<\/p>\n<ul>\n<li>Puede ayudar a reducir la fatiga muscular al tiempo que aumenta la resistencia.<\/li>\n<li>Puede ayudar a reducir el dolor muscular y mejorar la recuperaci\u00f3n.<\/li>\n<li>Puede aumentar la producci\u00f3n de \u00f3xido n\u00edtrico.<\/li>\n<\/ul>\n<h6>Ingredientes:<\/h6>\n<p>Malato de citrulina<\/p>\n<h6>Informaci\u00f3n suplementaria:<\/h6>\n<table style=\"width:100%; border-collapse: collapse; background-color: #f0f0f0; color: #333; border: 1px solid #ccc;\">\n<tr>\n<td colspan=\"3\" style=\"text-align:center; font-weight:bold; padding: 8px;\">Porciones por envase: 100 porciones<\/td>\n<\/tr>\n<tr>\n<td colspan=\"3\" style=\"text-align:center; font-weight:bold; padding: 8px;\">Tama\u00f1o de la porci\u00f3n: 3 g<\/td>\n<\/tr>\n<tr style=\"background-color: #d9d9d9; font-weight:bold;\">\n<th style=\"padding: 8px; border: 1px solid #ccc;\">Ingredientes<\/th>\n<th style=\"padding: 8px; border: 1px solid #ccc;\">Cantidad por dosis<\/th>\n<th style=\"padding: 8px; border: 1px solid #ccc;\">VRN<\/th>\n<\/tr>\n<tr>\n<td style=\"padding: 8px; border: 1px solid #ccc;\">Malato de citrulina (2:1)<\/td>\n<td style=\"padding: 8px; border: 1px solid #ccc;\">3000 mg<\/td>\n<td style=\"padding: 8px; border: 1px solid #ccc;\">\u2013<\/td>\n<\/tr>\n<\/table>","protected":false},"excerpt":{"rendered":"<p>Resultado de la fermentaci\u00f3n vegana, L citrulina, ayudar\u00e1 a la producci\u00f3n de \u00f3xido n\u00edtrico facilitando mayor oxigenaci\u00f3n a los m\u00fasculos y mayor vasodilataci\u00f3n.<\/p>","protected":false},"featured_media":5844,"comment_status":"closed","ping_status":"closed","template":"","meta":[],"product_cat":[134,228],"product_tag":[],"class_list":{"0":"post-5740","1":"product","2":"type-product","3":"status-publish","4":"has-post-thumbnail","6":"product_cat-amino-acid","7":"product_cat-old-school","9":"first","10":"instock","11":"shipping-taxable","12":"purchasable","13":"product-type-simple"},"_links":{"self":[{"href":"https:\/\/marvelousnutrition.com\/es\/wp-json\/wp\/v2\/product\/5740","targetHints":{"allow":["GET"]}}],"collection":[{"href":"https:\/\/marvelousnutrition.com\/es\/wp-json\/wp\/v2\/product"}],"about":[{"href":"https:\/\/marvelousnutrition.com\/es\/wp-json\/wp\/v2\/types\/product"}],"replies":[{"embeddable":true,"href":"https:\/\/marvelousnutrition.com\/es\/wp-json\/wp\/v2\/comments?post=5740"}],"wp:featuredmedia":[{"embeddable":true,"href":"https:\/\/marvelousnutrition.com\/es\/wp-json\/wp\/v2\/media\/5844"}],"wp:attachment":[{"href":"https:\/\/marvelousnutrition.com\/es\/wp-json\/wp\/v2\/media?parent=5740"}],"wp:term":[{"taxonomy":"product_cat","embeddable":true,"href":"https:\/\/marvelousnutrition.com\/es\/wp-json\/wp\/v2\/product_cat?post=5740"},{"taxonomy":"product_tag","embeddable":true,"href":"https:\/\/marvelousnutrition.com\/es\/wp-json\/wp\/v2\/product_tag?post=5740"}],"curies":[{"name":"wp","href":"https:\/\/api.w.org\/{rel}","templated":true}]}}