{"id":5715,"date":"2025-11-05T09:26:58","date_gmt":"2025-11-05T09:26:58","guid":{"rendered":"https:\/\/marvelousnutrition.com\/?post_type=product&#038;p=5715"},"modified":"2026-03-15T23:50:49","modified_gmt":"2026-03-15T23:50:49","slug":"creatine","status":"publish","type":"product","link":"https:\/\/marvelousnutrition.com\/es\/producto\/creatina\/","title":{"rendered":"La creatina"},"content":{"rendered":"<h6>Ingredientes:<\/h6>\n<p>Monohidrato de creatina<\/p>\n<h6>Modo de empleo:<\/h6>\n<p>Mezclar 5 g con 400-500 ml de agua. Tomar una dosis inmediatamente despu\u00e9s del entrenamiento.<\/p>\n<h6>Almacenamiento:<\/h6>\n<p>Conservar en un lugar fresco y seco despu\u00e9s de abrir.<\/p>\n<h6>Peso neto:<\/h6>\n<p>300 gramos<a href=\"https:\/\/marvelousnutrition.com\/wp-content\/uploads\/2025\/11\/creatine-black-gadwel-scaled.png\"><img decoding=\"async\" class=\"alignnone size-medium wp-image-6363\" src=\"https:\/\/marvelousnutrition.com\/wp-content\/uploads\/2025\/11\/creatine-black-gadwel-300x25.png\" alt=\"\" width=\"300\" height=\"25\" srcset=\"https:\/\/marvelousnutrition.com\/wp-content\/uploads\/2025\/11\/creatine-black-gadwel-300x25.png 300w, https:\/\/marvelousnutrition.com\/wp-content\/uploads\/2025\/11\/creatine-black-gadwel-1024x86.png 1024w, https:\/\/marvelousnutrition.com\/wp-content\/uploads\/2025\/11\/creatine-black-gadwel-768x65.png 768w, https:\/\/marvelousnutrition.com\/wp-content\/uploads\/2025\/11\/creatine-black-gadwel-1536x130.png 1536w, https:\/\/marvelousnutrition.com\/wp-content\/uploads\/2025\/11\/creatine-black-gadwel-2048x173.png 2048w, https:\/\/marvelousnutrition.com\/wp-content\/uploads\/2025\/11\/creatine-black-gadwel-18x2.png 18w, https:\/\/marvelousnutrition.com\/wp-content\/uploads\/2025\/11\/creatine-black-gadwel-800x67.png 800w\" sizes=\"(max-width: 300px) 100vw, 300px\" \/><\/a><\/p>","protected":false},"excerpt":{"rendered":"<p>Monohidrato de Creatina Micronizado sin sabor la mejor calidad del mercado hoy en d\u00eda, Ayuda en la s\u00edntesis de prote\u00ednas, aumenta la fuerza anab\u00f3lica, agrega tama\u00f1o.<\/p>","protected":false},"featured_media":6030,"comment_status":"closed","ping_status":"closed","template":"","meta":[],"product_cat":[179,228,201],"product_tag":[],"class_list":{"0":"post-5715","1":"product","2":"type-product","3":"status-publish","4":"has-post-thumbnail","6":"product_cat-creatine","7":"product_cat-old-school","8":"product_cat-recovery-and-muscle-building","10":"first","11":"instock","12":"shipping-taxable","13":"purchasable","14":"product-type-simple"},"_links":{"self":[{"href":"https:\/\/marvelousnutrition.com\/es\/wp-json\/wp\/v2\/product\/5715","targetHints":{"allow":["GET"]}}],"collection":[{"href":"https:\/\/marvelousnutrition.com\/es\/wp-json\/wp\/v2\/product"}],"about":[{"href":"https:\/\/marvelousnutrition.com\/es\/wp-json\/wp\/v2\/types\/product"}],"replies":[{"embeddable":true,"href":"https:\/\/marvelousnutrition.com\/es\/wp-json\/wp\/v2\/comments?post=5715"}],"wp:featuredmedia":[{"embeddable":true,"href":"https:\/\/marvelousnutrition.com\/es\/wp-json\/wp\/v2\/media\/6030"}],"wp:attachment":[{"href":"https:\/\/marvelousnutrition.com\/es\/wp-json\/wp\/v2\/media?parent=5715"}],"wp:term":[{"taxonomy":"product_cat","embeddable":true,"href":"https:\/\/marvelousnutrition.com\/es\/wp-json\/wp\/v2\/product_cat?post=5715"},{"taxonomy":"product_tag","embeddable":true,"href":"https:\/\/marvelousnutrition.com\/es\/wp-json\/wp\/v2\/product_tag?post=5715"}],"curies":[{"name":"wp","href":"https:\/\/api.w.org\/{rel}","templated":true}]}}