{"id":5714,"date":"2025-11-05T09:26:58","date_gmt":"2025-11-05T09:26:58","guid":{"rendered":"https:\/\/marvelousnutrition.com\/?post_type=product&#038;p=5714"},"modified":"2026-03-15T23:49:54","modified_gmt":"2026-03-15T23:49:54","slug":"stage","status":"publish","type":"product","link":"https:\/\/marvelousnutrition.com\/es\/producto\/escenario\/","title":{"rendered":"Escenario"},"content":{"rendered":"<h6>Ingredientes:<\/h6>\n<p>Agente de carga: celulosa microcristalina (E-460i), extracto seco de diente de le\u00f3n (Taraxacum officinale L., ra\u00edz), carbonato c\u00e1lcico, extracto seco de gayuba (Arctostaphylos uva-ursi (L.) Spreng., hojas), extracto seco de cola de caballo (Equisetum arvense L., partes a\u00e9reas), citrato pot\u00e1sico, \u00f3xido de magnesio, extracto seco de enebro (Juniperus communis L., fruto), antiaglomerante: sales magn\u00e9sicas de \u00e1cidos grasos (E-470b), extracto seco de cayena (Capsicum annum L., fruto), C\u00e1psula (agente de recubrimiento: hidroxipropilmetilcelulosa (E-464)).<\/p>\n<h6>Modo de empleo:<\/h6>\n<p>Tomar 3 c\u00e1psulas con el desayuno.<\/p>\n<p><a href=\"https:\/\/marvelousnutrition.com\/wp-content\/uploads\/2025\/11\/stage-gadwel-scaled.png\"><img decoding=\"async\" class=\"alignnone size-medium wp-image-6362\" src=\"https:\/\/marvelousnutrition.com\/wp-content\/uploads\/2025\/11\/stage-gadwel-300x135.png\" alt=\"\" width=\"300\" height=\"135\" srcset=\"https:\/\/marvelousnutrition.com\/wp-content\/uploads\/2025\/11\/stage-gadwel-300x135.png 300w, https:\/\/marvelousnutrition.com\/wp-content\/uploads\/2025\/11\/stage-gadwel-1024x461.png 1024w, https:\/\/marvelousnutrition.com\/wp-content\/uploads\/2025\/11\/stage-gadwel-768x346.png 768w, https:\/\/marvelousnutrition.com\/wp-content\/uploads\/2025\/11\/stage-gadwel-1536x691.png 1536w, https:\/\/marvelousnutrition.com\/wp-content\/uploads\/2025\/11\/stage-gadwel-2048x922.png 2048w, https:\/\/marvelousnutrition.com\/wp-content\/uploads\/2025\/11\/stage-gadwel-18x8.png 18w, https:\/\/marvelousnutrition.com\/wp-content\/uploads\/2025\/11\/stage-gadwel-800x360.png 800w\" sizes=\"(max-width: 300px) 100vw, 300px\" \/><\/a><\/p>","protected":false},"excerpt":{"rendered":"<p>Stage es un diur\u00e9tico herbal extremadamente potente, formulado cient\u00edficamente para eliminar el exceso de retenci\u00f3n de l\u00edquidos. Esta f\u00f3rmula \u00fanica reduce la hinchaz\u00f3n y favorece la p\u00e9rdida de grasa, lo que lo convierte en el diur\u00e9tico perfecto.<\/p>\n<h6>Beneficios del producto:<\/h6>\n<p><strong>\u2013 \u00a1Diur\u00e9tico herbal de m\u00e1xima potencia para hombres y mujeres!<\/strong><\/p>\n<p><strong>\u00a1P\u00e9rdida r\u00e1pida de l\u00edquidos y mayor definici\u00f3n muscular!<\/strong><\/p>\n<p><strong>\u00a1Reduce la hinchaz\u00f3n y favorece la p\u00e9rdida de grasa!<\/strong><\/p>","protected":false},"featured_media":5874,"comment_status":"closed","ping_status":"closed","template":"","meta":[],"product_cat":[229,210],"product_tag":[],"class_list":{"0":"post-5714","1":"product","2":"type-product","3":"status-publish","4":"has-post-thumbnail","6":"product_cat-loaded-ingredients","7":"product_cat-multivitamins","9":"first","10":"instock","11":"shipping-taxable","12":"purchasable","13":"product-type-simple"},"_links":{"self":[{"href":"https:\/\/marvelousnutrition.com\/es\/wp-json\/wp\/v2\/product\/5714","targetHints":{"allow":["GET"]}}],"collection":[{"href":"https:\/\/marvelousnutrition.com\/es\/wp-json\/wp\/v2\/product"}],"about":[{"href":"https:\/\/marvelousnutrition.com\/es\/wp-json\/wp\/v2\/types\/product"}],"replies":[{"embeddable":true,"href":"https:\/\/marvelousnutrition.com\/es\/wp-json\/wp\/v2\/comments?post=5714"}],"wp:featuredmedia":[{"embeddable":true,"href":"https:\/\/marvelousnutrition.com\/es\/wp-json\/wp\/v2\/media\/5874"}],"wp:attachment":[{"href":"https:\/\/marvelousnutrition.com\/es\/wp-json\/wp\/v2\/media?parent=5714"}],"wp:term":[{"taxonomy":"product_cat","embeddable":true,"href":"https:\/\/marvelousnutrition.com\/es\/wp-json\/wp\/v2\/product_cat?post=5714"},{"taxonomy":"product_tag","embeddable":true,"href":"https:\/\/marvelousnutrition.com\/es\/wp-json\/wp\/v2\/product_tag?post=5714"}],"curies":[{"name":"wp","href":"https:\/\/api.w.org\/{rel}","templated":true}]}}